{"id":1222019,"date":"2023-08-24T03:36:00","date_gmt":"2023-08-24T01:36:00","guid":{"rendered":"https:\/\/bocagimmo.com\/bien\/non%20class\u00e9\/1222019\/"},"modified":"2026-02-23T13:06:47","modified_gmt":"2026-02-23T12:06:47","slug":"beau-terrain-a-saisir","status":"publish","type":"product","link":"https:\/\/bocagimmo.com\/en\/bien\/vente-vendee-deux-sevres\/beau-terrain-a-saisir\/","title":{"rendered":"BEAU TERRAIN \u00e0 saisir !!"},"content":{"rendered":"<p>Votre agence immobili\u00e8re AIP LA CHATAIGNERAIE vous propose :<br \/>\nA 8 minutes de La Ch\u00e2taigneraie, cette belle parcelle de terrain viabilis\u00e9e de 768m\u00b2 minimum pouvant aller jusqu&#8217;\u00e0 5000m\u00b2 (prix \u00e0 d\u00e9finir) avec une bonne orientation. Tout \u00e0 l&#8217;\u00e9gout dans la rue. Compteurs \u00e9lectricit\u00e9, eau et t\u00e9l\u00e9phone sur la parcelle. Proche des commerces et \u00e9coles<br \/>\nLes informations sur les risques auxquels ce bien est expos\u00e9 sont disponibles sur le site  g\u00e9orisques : www.georisques.gouv.fr<\/p>\n","protected":false},"excerpt":{"rendered":"<p>Votre agence immobili\u00e8re AIP LA CHATAIGNERAIE vous propose :<br \/>\nA 8 minutes de La Ch\u00e2taigneraie, cette belle parcelle de terrain viabilis\u00e9e de 768m\u00b2 minimum pouvant aller jusqu&#8217;\u00e0 5000m\u00b2 (prix \u00e0 d\u00e9finir) avec une bonne orientation. Tout \u00e0 l&#8217;\u00e9gout dans la rue. Compteurs \u00e9lectricit\u00e9, eau et t\u00e9l\u00e9phone sur la parcelle. Proche des commerces et \u00e9coles<br \/>\nLes informations sur les risques auxquels ce bien est expos\u00e9 sont disponibles sur le site  g\u00e9orisques : www.georisques.gouv.fr<\/p>\n","protected":false},"featured_media":5876119,"template":"","meta":{"_acf_changed":false},"product_cat":[17],"product_tag":[30],"secteur":[86],"transaction":[],"ville":[164],"class_list":{"0":"post-1222019","1":"product","2":"type-product","3":"status-publish","4":"has-post-thumbnail","6":"product_cat-vente-vendee-deux-sevres","7":"product_tag-terrain","8":"secteur-la-chataigneraie","9":"ville-saint-pierre-du-chemin","11":"first","12":"instock","13":"purchasable","14":"product-type-simple"},"acf":[],"_links":{"self":[{"href":"https:\/\/bocagimmo.com\/en\/wp-json\/wp\/v2\/product\/1222019","targetHints":{"allow":["GET"]}}],"collection":[{"href":"https:\/\/bocagimmo.com\/en\/wp-json\/wp\/v2\/product"}],"about":[{"href":"https:\/\/bocagimmo.com\/en\/wp-json\/wp\/v2\/types\/product"}],"wp:featuredmedia":[{"embeddable":true,"href":"https:\/\/bocagimmo.com\/en\/wp-json\/wp\/v2\/media\/5876119"}],"wp:attachment":[{"href":"https:\/\/bocagimmo.com\/en\/wp-json\/wp\/v2\/media?parent=1222019"}],"wp:term":[{"taxonomy":"product_cat","embeddable":true,"href":"https:\/\/bocagimmo.com\/en\/wp-json\/wp\/v2\/product_cat?post=1222019"},{"taxonomy":"product_tag","embeddable":true,"href":"https:\/\/bocagimmo.com\/en\/wp-json\/wp\/v2\/product_tag?post=1222019"},{"taxonomy":"secteur","embeddable":true,"href":"https:\/\/bocagimmo.com\/en\/wp-json\/wp\/v2\/secteur?post=1222019"},{"taxonomy":"transaction","embeddable":true,"href":"https:\/\/bocagimmo.com\/en\/wp-json\/wp\/v2\/transaction?post=1222019"},{"taxonomy":"ville","embeddable":true,"href":"https:\/\/bocagimmo.com\/en\/wp-json\/wp\/v2\/ville?post=1222019"}],"curies":[{"name":"wp","href":"https:\/\/api.w.org\/{rel}","templated":true}]}}