{"id":2196931,"date":"2023-08-24T05:25:00","date_gmt":"2023-08-24T03:25:00","guid":{"rendered":"https:\/\/bocagimmo.com\/bien\/non%20class\u00e9\/moncoutant-terrain-a-batir-idealement-place\/"},"modified":"2026-02-23T12:38:19","modified_gmt":"2026-02-23T11:38:19","slug":"moncoutant-terrain-a-batir-idealement-place","status":"publish","type":"product","link":"https:\/\/bocagimmo.com\/en\/bien\/vente-vendee-deux-sevres\/moncoutant-terrain-a-batir-idealement-place\/","title":{"rendered":"MONCOUTANT &#8211; TERRAIN A BATIR IDEALEMENT PLACE"},"content":{"rendered":"<p>Terrain \u00e0 b\u00e2tir de 2904m\u00b2 avec viabilisation \u00e0 pr\u00e9voir sur rue, double acc\u00e8s (possibilit\u00e9 de d\u00e9coupage)<br \/>\nQuartier calme, une \u00e9tude de sol sera r\u00e9alis\u00e9e par le vendeur<\/p>\n<p>Les informations sur les risques auxquels ce bien est expos\u00e9 sont disponibles sur le site G\u00e9orisques : www.georisques.gouv.fr<\/p>\n","protected":false},"excerpt":{"rendered":"<p>Terrain \u00e0 b\u00e2tir de 2904m\u00b2 avec viabilisation \u00e0 pr\u00e9voir sur rue, double acc\u00e8s (possibilit\u00e9 de d\u00e9coupage)<br \/>\nQuartier calme, une \u00e9tude de sol sera r\u00e9alis\u00e9e par le vendeur<\/p>\n<p>Les informations sur les risques auxquels ce bien est expos\u00e9 sont disponibles sur le site G\u00e9orisques : www.georisques.gouv.fr<\/p>\n","protected":false},"featured_media":5875840,"template":"","meta":{"_acf_changed":false},"product_cat":[17],"product_tag":[30],"secteur":[85],"transaction":[],"ville":[137],"class_list":{"0":"post-2196931","1":"product","2":"type-product","3":"status-publish","4":"has-post-thumbnail","6":"product_cat-vente-vendee-deux-sevres","7":"product_tag-terrain","8":"secteur-cerizay","9":"ville-moncoutant","11":"first","12":"instock","13":"purchasable","14":"product-type-simple"},"acf":[],"_links":{"self":[{"href":"https:\/\/bocagimmo.com\/en\/wp-json\/wp\/v2\/product\/2196931","targetHints":{"allow":["GET"]}}],"collection":[{"href":"https:\/\/bocagimmo.com\/en\/wp-json\/wp\/v2\/product"}],"about":[{"href":"https:\/\/bocagimmo.com\/en\/wp-json\/wp\/v2\/types\/product"}],"wp:featuredmedia":[{"embeddable":true,"href":"https:\/\/bocagimmo.com\/en\/wp-json\/wp\/v2\/media\/5875840"}],"wp:attachment":[{"href":"https:\/\/bocagimmo.com\/en\/wp-json\/wp\/v2\/media?parent=2196931"}],"wp:term":[{"taxonomy":"product_cat","embeddable":true,"href":"https:\/\/bocagimmo.com\/en\/wp-json\/wp\/v2\/product_cat?post=2196931"},{"taxonomy":"product_tag","embeddable":true,"href":"https:\/\/bocagimmo.com\/en\/wp-json\/wp\/v2\/product_tag?post=2196931"},{"taxonomy":"secteur","embeddable":true,"href":"https:\/\/bocagimmo.com\/en\/wp-json\/wp\/v2\/secteur?post=2196931"},{"taxonomy":"transaction","embeddable":true,"href":"https:\/\/bocagimmo.com\/en\/wp-json\/wp\/v2\/transaction?post=2196931"},{"taxonomy":"ville","embeddable":true,"href":"https:\/\/bocagimmo.com\/en\/wp-json\/wp\/v2\/ville?post=2196931"}],"curies":[{"name":"wp","href":"https:\/\/api.w.org\/{rel}","templated":true}]}}