{"id":2424215,"date":"2025-09-11T03:51:00","date_gmt":"2025-09-11T01:51:00","guid":{"rendered":"https:\/\/bocagimmo.com\/bien\/non%20class\u00e9\/exclusivite-aip-au-coeur-du-bourg\/"},"modified":"2026-02-23T12:38:21","modified_gmt":"2026-02-23T11:38:21","slug":"exclusivite-aip","status":"publish","type":"product","link":"https:\/\/bocagimmo.com\/en\/bien\/vente-vendee-deux-sevres\/exclusivite-aip\/","title":{"rendered":"EXCLUSIVITE AIP"},"content":{"rendered":"<p>EXCLUSIVEMENT dans votre agence AIP CERIZAY !<br \/>\nMaison de bourg \u00e0 r\u00e9nover offrant 3 niveaux et un potentiel de 180m\u00b2 habitable, avec au rez de chauss\u00e9e : une pi\u00e8ce avec un garage.<br \/>\nA l&#8217;\u00e9tage : une grande pi\u00e8ce, et un grenier am\u00e9nageable.<br \/>\n Tout \u00e0 l&#8217;\u00e9gout. Pas de chauffage, non soumis au DPE.<\/p>\n<p>Les informations sur les risques auxquels ce bien est expos\u00e9 sont disponibles sur le site G\u00e9orisques : www.georisques.gouv.fr<\/p>\n","protected":false},"excerpt":{"rendered":"<p>EXCLUSIVEMENT dans votre agence AIP CERIZAY !<br \/>\nMaison de bourg \u00e0 r\u00e9nover offrant 3 niveaux et un potentiel de 180m\u00b2 habitable, avec au rez de chauss\u00e9e : une pi\u00e8ce avec un garage.<br \/>\nA l&#8217;\u00e9tage : une grande pi\u00e8ce, et un grenier am\u00e9nageable.<br \/>\n Tout \u00e0 l&#8217;\u00e9gout. Pas de chauffage, non soumis au DPE.<\/p>\n<p>Les informations sur les risques auxquels ce bien est expos\u00e9 sont disponibles sur le site G\u00e9orisques : www.georisques.gouv.fr<\/p>\n","protected":false},"featured_media":5875842,"template":"","meta":{"_acf_changed":false},"product_cat":[17],"product_tag":[29],"secteur":[85],"transaction":[],"ville":[315],"class_list":{"0":"post-2424215","1":"product","2":"type-product","3":"status-publish","4":"has-post-thumbnail","6":"product_cat-vente-vendee-deux-sevres","7":"product_tag-maison","8":"secteur-cerizay","9":"ville-saint-amand-sur-sevre","11":"first","12":"instock","13":"purchasable","14":"product-type-simple"},"acf":[],"_links":{"self":[{"href":"https:\/\/bocagimmo.com\/en\/wp-json\/wp\/v2\/product\/2424215","targetHints":{"allow":["GET"]}}],"collection":[{"href":"https:\/\/bocagimmo.com\/en\/wp-json\/wp\/v2\/product"}],"about":[{"href":"https:\/\/bocagimmo.com\/en\/wp-json\/wp\/v2\/types\/product"}],"wp:featuredmedia":[{"embeddable":true,"href":"https:\/\/bocagimmo.com\/en\/wp-json\/wp\/v2\/media\/5875842"}],"wp:attachment":[{"href":"https:\/\/bocagimmo.com\/en\/wp-json\/wp\/v2\/media?parent=2424215"}],"wp:term":[{"taxonomy":"product_cat","embeddable":true,"href":"https:\/\/bocagimmo.com\/en\/wp-json\/wp\/v2\/product_cat?post=2424215"},{"taxonomy":"product_tag","embeddable":true,"href":"https:\/\/bocagimmo.com\/en\/wp-json\/wp\/v2\/product_tag?post=2424215"},{"taxonomy":"secteur","embeddable":true,"href":"https:\/\/bocagimmo.com\/en\/wp-json\/wp\/v2\/secteur?post=2424215"},{"taxonomy":"transaction","embeddable":true,"href":"https:\/\/bocagimmo.com\/en\/wp-json\/wp\/v2\/transaction?post=2424215"},{"taxonomy":"ville","embeddable":true,"href":"https:\/\/bocagimmo.com\/en\/wp-json\/wp\/v2\/ville?post=2424215"}],"curies":[{"name":"wp","href":"https:\/\/api.w.org\/{rel}","templated":true}]}}