{"id":2841389,"date":"2024-12-26T05:06:00","date_gmt":"2024-12-26T04:06:00","guid":{"rendered":"https:\/\/bocagimmo.com\/bien\/non%20class\u00e9\/exclusivite-aip-centre-ville-de-cerizay-2\/"},"modified":"2026-02-23T12:38:32","modified_gmt":"2026-02-23T11:38:32","slug":"exclusivite-aip-centre-ville-de-cerizay-2","status":"publish","type":"product","link":"https:\/\/bocagimmo.com\/en\/bien\/vente-vendee-deux-sevres\/exclusivite-aip-centre-ville-de-cerizay-2\/","title":{"rendered":"EXCLUSIVITE AIP \/ CENTRE VILLE DE CERIZAY"},"content":{"rendered":"<p>Votre agence immobili\u00e8re AIP CERIZAY vous propose :<br \/>\nCette maison de ville offrant sur 73m\u00b2 habitable, entr\u00e9e (5.6m\u00b2), s\u00e9jour (15m\u00b2), cuisine (8m\u00b2), chaufferie, wc.<br \/>\nA l&#8217;\u00e9tage, palier, 2 chambres (9 &#038; 15m\u00b2), salle d&#8217;eau avec WC.<br \/>\nUn grenier et une cave, une terrasse  avec petit jardin<br \/>\nLOCATAIRE EN PLACE<br \/>\nChauffage gaz de ville r\u00e9cent, tout \u00e0 l&#8217;\u00e9gout, panneaux photovolta\u00efques<\/p>\n<p>Les informations sur les risques auxquels ce bien est expos\u00e9 sont disponibles sur le site G\u00e9orisques : www.georisques.gouv.fr<\/p>\n","protected":false},"excerpt":{"rendered":"<p>Votre agence immobili\u00e8re AIP CERIZAY vous propose :<br \/>\nCette maison de ville offrant sur 73m\u00b2 habitable, entr\u00e9e (5.6m\u00b2), s\u00e9jour (15m\u00b2), cuisine (8m\u00b2), chaufferie, wc.<br \/>\nA l&#8217;\u00e9tage, palier, 2 chambres (9 &#038; 15m\u00b2), salle d&#8217;eau avec WC.<br \/>\nUn grenier et une cave, une terrasse  avec petit jardin<br \/>\nLOCATAIRE EN PLACE<br \/>\nChauffage gaz de ville r\u00e9cent, tout \u00e0 l&#8217;\u00e9gout, panneaux photovolta\u00efques<\/p>\n<p>Les informations sur les risques auxquels ce bien est expos\u00e9 sont disponibles sur le site G\u00e9orisques : www.georisques.gouv.fr<\/p>\n","protected":false},"featured_media":5875857,"template":"","meta":{"_acf_changed":false},"product_cat":[17],"product_tag":[29],"secteur":[85],"transaction":[],"ville":[134],"class_list":{"0":"post-2841389","1":"product","2":"type-product","3":"status-publish","4":"has-post-thumbnail","6":"product_cat-vente-vendee-deux-sevres","7":"product_tag-maison","8":"secteur-cerizay","9":"ville-cerizay","11":"first","12":"instock","13":"purchasable","14":"product-type-simple"},"acf":[],"_links":{"self":[{"href":"https:\/\/bocagimmo.com\/en\/wp-json\/wp\/v2\/product\/2841389","targetHints":{"allow":["GET"]}}],"collection":[{"href":"https:\/\/bocagimmo.com\/en\/wp-json\/wp\/v2\/product"}],"about":[{"href":"https:\/\/bocagimmo.com\/en\/wp-json\/wp\/v2\/types\/product"}],"wp:featuredmedia":[{"embeddable":true,"href":"https:\/\/bocagimmo.com\/en\/wp-json\/wp\/v2\/media\/5875857"}],"wp:attachment":[{"href":"https:\/\/bocagimmo.com\/en\/wp-json\/wp\/v2\/media?parent=2841389"}],"wp:term":[{"taxonomy":"product_cat","embeddable":true,"href":"https:\/\/bocagimmo.com\/en\/wp-json\/wp\/v2\/product_cat?post=2841389"},{"taxonomy":"product_tag","embeddable":true,"href":"https:\/\/bocagimmo.com\/en\/wp-json\/wp\/v2\/product_tag?post=2841389"},{"taxonomy":"secteur","embeddable":true,"href":"https:\/\/bocagimmo.com\/en\/wp-json\/wp\/v2\/secteur?post=2841389"},{"taxonomy":"transaction","embeddable":true,"href":"https:\/\/bocagimmo.com\/en\/wp-json\/wp\/v2\/transaction?post=2841389"},{"taxonomy":"ville","embeddable":true,"href":"https:\/\/bocagimmo.com\/en\/wp-json\/wp\/v2\/ville?post=2841389"}],"curies":[{"name":"wp","href":"https:\/\/api.w.org\/{rel}","templated":true}]}}