{"id":3225753,"date":"2024-12-26T05:02:00","date_gmt":"2024-12-26T04:02:00","guid":{"rendered":"https:\/\/bocagimmo.com\/bien\/non%20class\u00e9\/cerizay-centre-ensemble-immobilier-ideal-investisseur\/"},"modified":"2026-02-23T12:38:35","modified_gmt":"2026-02-23T11:38:35","slug":"cerizay-centre-ensemble-immobilier-ideal-investisseurs","status":"publish","type":"product","link":"https:\/\/bocagimmo.com\/en\/bien\/vente-vendee-deux-sevres\/cerizay-centre-ensemble-immobilier-ideal-investisseurs\/","title":{"rendered":"CERIZAY CENTRE &#8211; ENSEMBLE IMMOBILIER \/ IDEAL INVESTISSEURS"},"content":{"rendered":"<p>Votre agence immobili\u00e8re AIP CERIZAY vous propose :<br \/>\nCet ensemble immobilier, r\u00e9nov\u00e9 en 2005, compos\u00e9 de 2 logements T3 avec locataire en place :<br \/>\n&#8211; Un 1er logement offrant entr\u00e9e, s\u00e9jour, WC, cuisine. A l&#8217;\u00e9tage :  salle d&#8217;eau avec WC, 2 chambres.<br \/>\nUn grenier et une cave.<br \/>\nUne cour et un petit jardin<br \/>\n&#8211; Un second logement offrant s\u00e9jour, WC, cuisine. A l&#8217;\u00e9tage : 2 chambres, salle d&#8217;eau avec WC.<br \/>\nUn grenier et une cave.<br \/>\nCour et petit jardin avec un garage.<br \/>\nChauffage gaz individuel, tout \u00e0 l&#8217;\u00e9gout, toiture de 2012.<\/p>\n<p>Les informations sur les risques auxquels ce bien est expos\u00e9 sont disponibles sur le site G\u00e9orisques : www.georisques.gouv.fr<\/p>\n","protected":false},"excerpt":{"rendered":"<p>Votre agence immobili\u00e8re AIP CERIZAY vous propose :<br \/>\nCet ensemble immobilier, r\u00e9nov\u00e9 en 2005, compos\u00e9 de 2 logements T3 avec locataire en place :<br \/>\n&#8211; Un 1er logement offrant entr\u00e9e, s\u00e9jour, WC, cuisine. A l&#8217;\u00e9tage :  salle d&#8217;eau avec WC, 2 chambres.<br \/>\nUn grenier et une cave.<br \/>\nUne cour et un petit jardin<br \/>\n&#8211; Un second logement offrant s\u00e9jour, WC, cuisine. A l&#8217;\u00e9tage : 2 chambres, salle d&#8217;eau avec WC.<br \/>\nUn grenier et une cave.<br \/>\nCour et petit jardin avec un garage.<br \/>\nChauffage gaz individuel, tout \u00e0 l&#8217;\u00e9gout, toiture de 2012.<\/p>\n<p>Les informations sur les risques auxquels ce bien est expos\u00e9 sont disponibles sur le site G\u00e9orisques : www.georisques.gouv.fr<\/p>\n","protected":false},"featured_media":5875860,"template":"","meta":{"_acf_changed":false},"product_cat":[17],"product_tag":[29],"secteur":[85],"transaction":[],"ville":[134],"class_list":{"0":"post-3225753","1":"product","2":"type-product","3":"status-publish","4":"has-post-thumbnail","6":"product_cat-vente-vendee-deux-sevres","7":"product_tag-maison","8":"secteur-cerizay","9":"ville-cerizay","11":"first","12":"instock","13":"purchasable","14":"product-type-simple"},"acf":[],"_links":{"self":[{"href":"https:\/\/bocagimmo.com\/en\/wp-json\/wp\/v2\/product\/3225753","targetHints":{"allow":["GET"]}}],"collection":[{"href":"https:\/\/bocagimmo.com\/en\/wp-json\/wp\/v2\/product"}],"about":[{"href":"https:\/\/bocagimmo.com\/en\/wp-json\/wp\/v2\/types\/product"}],"wp:featuredmedia":[{"embeddable":true,"href":"https:\/\/bocagimmo.com\/en\/wp-json\/wp\/v2\/media\/5875860"}],"wp:attachment":[{"href":"https:\/\/bocagimmo.com\/en\/wp-json\/wp\/v2\/media?parent=3225753"}],"wp:term":[{"taxonomy":"product_cat","embeddable":true,"href":"https:\/\/bocagimmo.com\/en\/wp-json\/wp\/v2\/product_cat?post=3225753"},{"taxonomy":"product_tag","embeddable":true,"href":"https:\/\/bocagimmo.com\/en\/wp-json\/wp\/v2\/product_tag?post=3225753"},{"taxonomy":"secteur","embeddable":true,"href":"https:\/\/bocagimmo.com\/en\/wp-json\/wp\/v2\/secteur?post=3225753"},{"taxonomy":"transaction","embeddable":true,"href":"https:\/\/bocagimmo.com\/en\/wp-json\/wp\/v2\/transaction?post=3225753"},{"taxonomy":"ville","embeddable":true,"href":"https:\/\/bocagimmo.com\/en\/wp-json\/wp\/v2\/ville?post=3225753"}],"curies":[{"name":"wp","href":"https:\/\/api.w.org\/{rel}","templated":true}]}}