{"id":3265221,"date":"2026-01-06T06:34:00","date_gmt":"2026-01-06T05:34:00","guid":{"rendered":"https:\/\/bocagimmo.com\/bien\/non%20class\u00e9\/cerizay-dans-un-quartier-calme\/"},"modified":"2026-02-23T12:38:39","modified_gmt":"2026-02-23T11:38:39","slug":"3-chambres-possibilite-4","status":"publish","type":"product","link":"https:\/\/bocagimmo.com\/en\/bien\/vente-vendee-deux-sevres\/3-chambres-possibilite-4\/","title":{"rendered":"3 chambres &#8211; possibilit\u00e9 4"},"content":{"rendered":"<p>Votre agence immobili\u00e8re AIP CERIZAY vous propose :<br \/>\nCe pavillon sur sous\/sol, r\u00e9nov\u00e9 en 2021, offrant sur 120m\u00b2 habitable : une entr\u00e9e, un salon\/s\u00e9jour avec chemin\u00e9e (41 m\u00b2), une cuisine am\u00e9nag\u00e9e (10m\u00b2), 3 chambres (12, 13 et 10.5m\u00b2), WC, salle d&#8217;eau (7.2m\u00b2).<br \/>\nAu sous\/sol : un garage de 43m\u00b2, une cave, une chaufferie avec WC et une pi\u00e8ce chauff\u00e9e de 20m\u00b2 (possibilit\u00e9 4\u00e8me chambre)<br \/>\nL&#8217;ensemble sur un beau jardin clos et arbor\u00e9 de 1200m\u00b2.<br \/>\nOuvertures PVC, \u00e9lectricit\u00e9 et isolation 2021, chauffage fuel, tout \u00e0 l&#8217;\u00e9gout.<\/p>\n<p>Les informations sur les risques auxquels ce bien est expos\u00e9 sont disponibles sur le site G\u00e9orisques : www.georisques.gouv.fr<\/p>\n","protected":false},"excerpt":{"rendered":"<p>Votre agence immobili\u00e8re AIP CERIZAY vous propose :<br \/>\nCe pavillon sur sous\/sol, r\u00e9nov\u00e9 en 2021, offrant sur 120m\u00b2 habitable : une entr\u00e9e, un salon\/s\u00e9jour avec chemin\u00e9e (41 m\u00b2), une cuisine am\u00e9nag\u00e9e (10m\u00b2), 3 chambres (12, 13 et 10.5m\u00b2), WC, salle d&#8217;eau (7.2m\u00b2).<br \/>\nAu sous\/sol : un garage de 43m\u00b2, une cave, une chaufferie avec WC et une pi\u00e8ce chauff\u00e9e de 20m\u00b2 (possibilit\u00e9 4\u00e8me chambre)<br \/>\nL&#8217;ensemble sur un beau jardin clos et arbor\u00e9 de 1200m\u00b2.<br \/>\nOuvertures PVC, \u00e9lectricit\u00e9 et isolation 2021, chauffage fuel, tout \u00e0 l&#8217;\u00e9gout.<\/p>\n<p>Les informations sur les risques auxquels ce bien est expos\u00e9 sont disponibles sur le site G\u00e9orisques : www.georisques.gouv.fr<\/p>\n","protected":false},"featured_media":5875864,"template":"","meta":{"_acf_changed":false},"product_cat":[17],"product_tag":[29],"secteur":[85],"transaction":[],"ville":[134],"class_list":{"0":"post-3265221","1":"product","2":"type-product","3":"status-publish","4":"has-post-thumbnail","6":"product_cat-vente-vendee-deux-sevres","7":"product_tag-maison","8":"secteur-cerizay","9":"ville-cerizay","11":"first","12":"instock","13":"purchasable","14":"product-type-simple"},"acf":[],"_links":{"self":[{"href":"https:\/\/bocagimmo.com\/en\/wp-json\/wp\/v2\/product\/3265221","targetHints":{"allow":["GET"]}}],"collection":[{"href":"https:\/\/bocagimmo.com\/en\/wp-json\/wp\/v2\/product"}],"about":[{"href":"https:\/\/bocagimmo.com\/en\/wp-json\/wp\/v2\/types\/product"}],"wp:featuredmedia":[{"embeddable":true,"href":"https:\/\/bocagimmo.com\/en\/wp-json\/wp\/v2\/media\/5875864"}],"wp:attachment":[{"href":"https:\/\/bocagimmo.com\/en\/wp-json\/wp\/v2\/media?parent=3265221"}],"wp:term":[{"taxonomy":"product_cat","embeddable":true,"href":"https:\/\/bocagimmo.com\/en\/wp-json\/wp\/v2\/product_cat?post=3265221"},{"taxonomy":"product_tag","embeddable":true,"href":"https:\/\/bocagimmo.com\/en\/wp-json\/wp\/v2\/product_tag?post=3265221"},{"taxonomy":"secteur","embeddable":true,"href":"https:\/\/bocagimmo.com\/en\/wp-json\/wp\/v2\/secteur?post=3265221"},{"taxonomy":"transaction","embeddable":true,"href":"https:\/\/bocagimmo.com\/en\/wp-json\/wp\/v2\/transaction?post=3265221"},{"taxonomy":"ville","embeddable":true,"href":"https:\/\/bocagimmo.com\/en\/wp-json\/wp\/v2\/ville?post=3265221"}],"curies":[{"name":"wp","href":"https:\/\/api.w.org\/{rel}","templated":true}]}}