{"id":3740929,"date":"2025-09-11T03:45:00","date_gmt":"2025-09-11T01:45:00","guid":{"rendered":"https:\/\/bocagimmo.com\/bien\/non%20class\u00e9\/a-15min-de-maulevrier-au-calme-de-la-campagne\/"},"modified":"2026-02-23T12:38:46","modified_gmt":"2026-02-23T11:38:46","slug":"a-10-min-de-mauleon-au-calme-de-la-campagne","status":"publish","type":"product","link":"https:\/\/bocagimmo.com\/en\/bien\/vente-vendee-deux-sevres\/a-10-min-de-mauleon-au-calme-de-la-campagne\/","title":{"rendered":"A 10 MIN DE MAULEON \/ AU CALME DE LA CAMPAGNE"},"content":{"rendered":"<p>10 mn de MAULEON &#8211; A 25 mn du centre de CHOLET &#8211; Votre agence immobili\u00e8re AIP vous propose :<br \/>\nDans un charmant hameau, cette superbe grange r\u00e9nov\u00e9e dans les ann\u00e9es 2000 et offrant sur 260m\u00b2 habitable :  une grande pi\u00e8ce \u00e0 vivre compos\u00e9e d&#8217;un salon, une salle \u00e0 manger et une cuisine pour 96m\u00b2 avec une chemin\u00e9e et un po\u00eale de masse, 4 chambres (15, 11.7, 12 et 14.7m\u00b2), une salle d&#8217;eau avec baignoire et douche (8.2m\u00b2), WC.<br \/>\nUne buanderie, chaufferie et cave.<br \/>\nA l&#8217;\u00e9tage : une grande mezzanine de 80m\u00b2 avec 2 chambres, WC, et une salle d&#8217;eau \u00e0 am\u00e9nager.<br \/>\nUne tr\u00e8s belle terrasse couverte avec une vue imprenable sur la campagne vallonn\u00e9e. Une d\u00e9pendance en pierre compl\u00e8te le tout.<br \/>\nL&#8217;ensemble sur une parcelle de plus de 23 000m\u00b2 !<\/p>\n<p>Les informations sur les risques auxquels ce bien est expos\u00e9 sont disponibles sur le site G\u00e9orisques : www.georisques.gouv.fr<\/p>\n","protected":false},"excerpt":{"rendered":"<p>10 mn de MAULEON &#8211; A 25 mn du centre de CHOLET &#8211; Votre agence immobili\u00e8re AIP vous propose :<br \/>\nDans un charmant hameau, cette superbe grange r\u00e9nov\u00e9e dans les ann\u00e9es 2000 et offrant sur 260m\u00b2 habitable :  une grande pi\u00e8ce \u00e0 vivre compos\u00e9e d&#8217;un salon, une salle \u00e0 manger et une cuisine pour 96m\u00b2 avec une chemin\u00e9e et un po\u00eale de masse, 4 chambres (15, 11.7, 12 et 14.7m\u00b2), une salle d&#8217;eau avec baignoire et douche (8.2m\u00b2), WC.<br \/>\nUne buanderie, chaufferie et cave.<br \/>\nA l&#8217;\u00e9tage : une grande mezzanine de 80m\u00b2 avec 2 chambres, WC, et une salle d&#8217;eau \u00e0 am\u00e9nager.<br \/>\nUne tr\u00e8s belle terrasse couverte avec une vue imprenable sur la campagne vallonn\u00e9e. Une d\u00e9pendance en pierre compl\u00e8te le tout.<br \/>\nL&#8217;ensemble sur une parcelle de plus de 23 000m\u00b2 !<\/p>\n<p>Les informations sur les risques auxquels ce bien est expos\u00e9 sont disponibles sur le site G\u00e9orisques : www.georisques.gouv.fr<\/p>\n","protected":false},"featured_media":5875874,"template":"","meta":{"_acf_changed":false},"product_cat":[17],"product_tag":[29],"secteur":[85],"transaction":[],"ville":[370],"class_list":{"0":"post-3740929","1":"product","2":"type-product","3":"status-publish","4":"has-post-thumbnail","6":"product_cat-vente-vendee-deux-sevres","7":"product_tag-maison","8":"secteur-cerizay","9":"ville-mauleon","11":"first","12":"instock","13":"purchasable","14":"product-type-simple"},"acf":[],"_links":{"self":[{"href":"https:\/\/bocagimmo.com\/en\/wp-json\/wp\/v2\/product\/3740929","targetHints":{"allow":["GET"]}}],"collection":[{"href":"https:\/\/bocagimmo.com\/en\/wp-json\/wp\/v2\/product"}],"about":[{"href":"https:\/\/bocagimmo.com\/en\/wp-json\/wp\/v2\/types\/product"}],"wp:featuredmedia":[{"embeddable":true,"href":"https:\/\/bocagimmo.com\/en\/wp-json\/wp\/v2\/media\/5875874"}],"wp:attachment":[{"href":"https:\/\/bocagimmo.com\/en\/wp-json\/wp\/v2\/media?parent=3740929"}],"wp:term":[{"taxonomy":"product_cat","embeddable":true,"href":"https:\/\/bocagimmo.com\/en\/wp-json\/wp\/v2\/product_cat?post=3740929"},{"taxonomy":"product_tag","embeddable":true,"href":"https:\/\/bocagimmo.com\/en\/wp-json\/wp\/v2\/product_tag?post=3740929"},{"taxonomy":"secteur","embeddable":true,"href":"https:\/\/bocagimmo.com\/en\/wp-json\/wp\/v2\/secteur?post=3740929"},{"taxonomy":"transaction","embeddable":true,"href":"https:\/\/bocagimmo.com\/en\/wp-json\/wp\/v2\/transaction?post=3740929"},{"taxonomy":"ville","embeddable":true,"href":"https:\/\/bocagimmo.com\/en\/wp-json\/wp\/v2\/ville?post=3740929"}],"curies":[{"name":"wp","href":"https:\/\/api.w.org\/{rel}","templated":true}]}}