{"id":3833888,"date":"2024-03-19T04:07:00","date_gmt":"2024-03-19T03:07:00","guid":{"rendered":"https:\/\/bocagimmo.com\/bien\/non%20class\u00e9\/herbiers-centre\/"},"modified":"2025-09-24T00:05:31","modified_gmt":"2025-09-23T22:05:31","slug":"herbiers-centre","status":"publish","type":"product","link":"https:\/\/bocagimmo.com\/en\/bien\/vente-vendee-deux-sevres\/herbiers-centre\/","title":{"rendered":"HERBIERS CENTRE"},"content":{"rendered":"<p>APPARTEMENT NEUF ! CENTRE VILLE DES HERBIERS ! ENVIRONNEMENT CALME ! VEFA (Futur Ach\u00e8vement) ! DEFISCALISATION LOI PINEL ! FRAIS REDUITS !<br \/>\nAppartement neuf 2 chambres au sein d&#8217;une r\u00e9sidence livrable au deuxi\u00e8me trimestre 2025. Terrasse. Place de parking en sus. Proche des commerces \u00e0 pied. Renseignements agence AIP 32, rue du brandon. Les informations sur les risques auxquels ce bien est expos\u00e9 sont disponibles sur le site G\u00e9orisques : www.georisques.gouv.fr<\/p>\n","protected":false},"excerpt":{"rendered":"<p>APPARTEMENT NEUF ! CENTRE VILLE DES HERBIERS ! ENVIRONNEMENT CALME ! VEFA (Futur Ach\u00e8vement) ! DEFISCALISATION LOI PINEL ! FRAIS REDUITS !<br \/>\nAppartement neuf 2 chambres au sein d&#8217;une r\u00e9sidence livrable au deuxi\u00e8me trimestre 2025. Terrasse. Place de parking en sus. Proche des commerces \u00e0 pied. Renseignements agence AIP 32, rue du brandon. Les informations sur les risques auxquels ce bien est expos\u00e9 sont disponibles sur le site G\u00e9orisques : www.georisques.gouv.fr<\/p>\n","protected":false},"featured_media":5544480,"template":"","meta":{"_acf_changed":false},"product_cat":[17],"product_tag":[50],"secteur":[83],"transaction":[],"ville":[117],"class_list":{"0":"post-3833888","1":"product","2":"type-product","3":"status-publish","4":"has-post-thumbnail","6":"product_cat-vente-vendee-deux-sevres","7":"product_tag-appartement","8":"secteur-les-herbiers","9":"ville-les-herbiers","11":"first","12":"instock","13":"purchasable","14":"product-type-simple"},"acf":[],"_links":{"self":[{"href":"https:\/\/bocagimmo.com\/en\/wp-json\/wp\/v2\/product\/3833888","targetHints":{"allow":["GET"]}}],"collection":[{"href":"https:\/\/bocagimmo.com\/en\/wp-json\/wp\/v2\/product"}],"about":[{"href":"https:\/\/bocagimmo.com\/en\/wp-json\/wp\/v2\/types\/product"}],"wp:featuredmedia":[{"embeddable":true,"href":"https:\/\/bocagimmo.com\/en\/wp-json\/wp\/v2\/media\/5544480"}],"wp:attachment":[{"href":"https:\/\/bocagimmo.com\/en\/wp-json\/wp\/v2\/media?parent=3833888"}],"wp:term":[{"taxonomy":"product_cat","embeddable":true,"href":"https:\/\/bocagimmo.com\/en\/wp-json\/wp\/v2\/product_cat?post=3833888"},{"taxonomy":"product_tag","embeddable":true,"href":"https:\/\/bocagimmo.com\/en\/wp-json\/wp\/v2\/product_tag?post=3833888"},{"taxonomy":"secteur","embeddable":true,"href":"https:\/\/bocagimmo.com\/en\/wp-json\/wp\/v2\/secteur?post=3833888"},{"taxonomy":"transaction","embeddable":true,"href":"https:\/\/bocagimmo.com\/en\/wp-json\/wp\/v2\/transaction?post=3833888"},{"taxonomy":"ville","embeddable":true,"href":"https:\/\/bocagimmo.com\/en\/wp-json\/wp\/v2\/ville?post=3833888"}],"curies":[{"name":"wp","href":"https:\/\/api.w.org\/{rel}","templated":true}]}}