{"id":3833897,"date":"2023-11-17T05:50:00","date_gmt":"2023-11-17T04:50:00","guid":{"rendered":"https:\/\/bocagimmo.com\/bien\/non%20class\u00e9\/3833897\/"},"modified":"2025-09-24T00:05:34","modified_gmt":"2025-09-23T22:05:34","slug":"3833897","status":"publish","type":"product","link":"https:\/\/bocagimmo.com\/en\/bien\/vente-vendee-deux-sevres\/3833897\/","title":{"rendered":""},"content":{"rendered":"<p>INVESTISSEUR ! DESFICALISATION LOI PINEL ! CENTRE LES HERBIERS &#8211; T2\/T3 en VEFA !<br \/>\nRENSEIGNEMENTS AGENCE AIP LES HERBIERS !<br \/>\nProche des commerces et \u00e9coles au sein d&#8217;une r\u00e9sidence livrable au deuxi\u00e8me trimestre 2025, plusieurs appartements dont ce T2 avec terrasse de 11 m\u00b2 et place de parking en sus.  R+1 &#8211; 44,03 m\u00b2 habitable. Les informations sur les risques auxquels sont soumis ce bien sont visibles sur le site G\u00e9orisques : www.georisques.gouv.fr<\/p>\n","protected":false},"excerpt":{"rendered":"<p>INVESTISSEUR ! DESFICALISATION LOI PINEL ! CENTRE LES HERBIERS &#8211; T2\/T3 en VEFA !<br \/>\nRENSEIGNEMENTS AGENCE AIP LES HERBIERS !<br \/>\nProche des commerces et \u00e9coles au sein d&#8217;une r\u00e9sidence livrable au deuxi\u00e8me trimestre 2025, plusieurs appartements dont ce T2 avec terrasse de 11 m\u00b2 et place de parking en sus.  R+1 &#8211; 44,03 m\u00b2 habitable. Les informations sur les risques auxquels sont soumis ce bien sont visibles sur le site G\u00e9orisques : www.georisques.gouv.fr<\/p>\n","protected":false},"featured_media":5544482,"template":"","meta":{"_acf_changed":false},"product_cat":[17],"product_tag":[50],"secteur":[83],"transaction":[],"ville":[117],"class_list":{"0":"post-3833897","1":"product","2":"type-product","3":"status-publish","4":"has-post-thumbnail","6":"product_cat-vente-vendee-deux-sevres","7":"product_tag-appartement","8":"secteur-les-herbiers","9":"ville-les-herbiers","11":"first","12":"instock","13":"purchasable","14":"product-type-simple"},"acf":[],"_links":{"self":[{"href":"https:\/\/bocagimmo.com\/en\/wp-json\/wp\/v2\/product\/3833897","targetHints":{"allow":["GET"]}}],"collection":[{"href":"https:\/\/bocagimmo.com\/en\/wp-json\/wp\/v2\/product"}],"about":[{"href":"https:\/\/bocagimmo.com\/en\/wp-json\/wp\/v2\/types\/product"}],"wp:featuredmedia":[{"embeddable":true,"href":"https:\/\/bocagimmo.com\/en\/wp-json\/wp\/v2\/media\/5544482"}],"wp:attachment":[{"href":"https:\/\/bocagimmo.com\/en\/wp-json\/wp\/v2\/media?parent=3833897"}],"wp:term":[{"taxonomy":"product_cat","embeddable":true,"href":"https:\/\/bocagimmo.com\/en\/wp-json\/wp\/v2\/product_cat?post=3833897"},{"taxonomy":"product_tag","embeddable":true,"href":"https:\/\/bocagimmo.com\/en\/wp-json\/wp\/v2\/product_tag?post=3833897"},{"taxonomy":"secteur","embeddable":true,"href":"https:\/\/bocagimmo.com\/en\/wp-json\/wp\/v2\/secteur?post=3833897"},{"taxonomy":"transaction","embeddable":true,"href":"https:\/\/bocagimmo.com\/en\/wp-json\/wp\/v2\/transaction?post=3833897"},{"taxonomy":"ville","embeddable":true,"href":"https:\/\/bocagimmo.com\/en\/wp-json\/wp\/v2\/ville?post=3833897"}],"curies":[{"name":"wp","href":"https:\/\/api.w.org\/{rel}","templated":true}]}}