{"id":4045010,"date":"2025-02-25T10:45:00","date_gmt":"2025-02-25T09:45:00","guid":{"rendered":"https:\/\/bocagimmo.com\/bien\/non%20class\u00e9\/4045010\/"},"modified":"2026-02-23T13:07:04","modified_gmt":"2026-02-23T12:07:04","slug":"4045010","status":"publish","type":"product","link":"https:\/\/bocagimmo.com\/en\/bien\/vente-vendee-deux-sevres\/4045010\/","title":{"rendered":""},"content":{"rendered":"<p>EXCLUSIVITE.<br \/>\nL&#8217;agence AIP de La Ch\u00e2taigneraie vous propose :<br \/>\nCette maison de bourg, de caract\u00e8re, avec r\u00e9novation int\u00e9rieure \u00e0 pr\u00e9voir ! Elle se compose au RDC d&#8217;une cuisine,  d&#8217;un salon, d&#8217;un s\u00e9jour, d&#8217;un cellier, WC (broyeur) et d&#8217;un rangement. A l&#8217;\u00e9tage :  trois grandes chambres, un bureau, un rangement, un espace nuit et une salle d&#8217;eau.  Au sous-sol : une cave. Toiture, ouvertures et ravalement r\u00e9cents. Quelques travaux \u00e9lectriques ont \u00e9t\u00e9 r\u00e9alis\u00e9s.  Pas de chauffage. Tout \u00e0 l&#8217;\u00e9gout. Deux garages et un pr\u00e9au. Cour. Le tout sur une parcelle close de 433m\u00b2.<br \/>\nLes informations sur les risques auxquels ce bien est expos\u00e9 sont disponibles sur le site  g\u00e9orisques : www.georisques.gouv.fr<\/p>\n","protected":false},"excerpt":{"rendered":"<p>EXCLUSIVITE.<br \/>\nL&#8217;agence AIP de La Ch\u00e2taigneraie vous propose :<br \/>\nCette maison de bourg, de caract\u00e8re, avec r\u00e9novation int\u00e9rieure \u00e0 pr\u00e9voir ! Elle se compose au RDC d&#8217;une cuisine,  d&#8217;un salon, d&#8217;un s\u00e9jour, d&#8217;un cellier, WC (broyeur) et d&#8217;un rangement. A l&#8217;\u00e9tage :  trois grandes chambres, un bureau, un rangement, un espace nuit et une salle d&#8217;eau.  Au sous-sol : une cave. Toiture, ouvertures et ravalement r\u00e9cents. Quelques travaux \u00e9lectriques ont \u00e9t\u00e9 r\u00e9alis\u00e9s.  Pas de chauffage. Tout \u00e0 l&#8217;\u00e9gout. Deux garages et un pr\u00e9au. Cour. Le tout sur une parcelle close de 433m\u00b2.<br \/>\nLes informations sur les risques auxquels ce bien est expos\u00e9 sont disponibles sur le site  g\u00e9orisques : www.georisques.gouv.fr<\/p>\n","protected":false},"featured_media":5876140,"template":"","meta":{"_acf_changed":false},"product_cat":[17],"product_tag":[29],"secteur":[86],"transaction":[],"ville":[456],"class_list":{"0":"post-4045010","1":"product","2":"type-product","3":"status-publish","4":"has-post-thumbnail","6":"product_cat-vente-vendee-deux-sevres","7":"product_tag-maison","8":"secteur-la-chataigneraie","9":"ville-saint-hilaire-de-voust","11":"first","12":"instock","13":"purchasable","14":"product-type-simple"},"acf":[],"_links":{"self":[{"href":"https:\/\/bocagimmo.com\/en\/wp-json\/wp\/v2\/product\/4045010","targetHints":{"allow":["GET"]}}],"collection":[{"href":"https:\/\/bocagimmo.com\/en\/wp-json\/wp\/v2\/product"}],"about":[{"href":"https:\/\/bocagimmo.com\/en\/wp-json\/wp\/v2\/types\/product"}],"wp:featuredmedia":[{"embeddable":true,"href":"https:\/\/bocagimmo.com\/en\/wp-json\/wp\/v2\/media\/5876140"}],"wp:attachment":[{"href":"https:\/\/bocagimmo.com\/en\/wp-json\/wp\/v2\/media?parent=4045010"}],"wp:term":[{"taxonomy":"product_cat","embeddable":true,"href":"https:\/\/bocagimmo.com\/en\/wp-json\/wp\/v2\/product_cat?post=4045010"},{"taxonomy":"product_tag","embeddable":true,"href":"https:\/\/bocagimmo.com\/en\/wp-json\/wp\/v2\/product_tag?post=4045010"},{"taxonomy":"secteur","embeddable":true,"href":"https:\/\/bocagimmo.com\/en\/wp-json\/wp\/v2\/secteur?post=4045010"},{"taxonomy":"transaction","embeddable":true,"href":"https:\/\/bocagimmo.com\/en\/wp-json\/wp\/v2\/transaction?post=4045010"},{"taxonomy":"ville","embeddable":true,"href":"https:\/\/bocagimmo.com\/en\/wp-json\/wp\/v2\/ville?post=4045010"}],"curies":[{"name":"wp","href":"https:\/\/api.w.org\/{rel}","templated":true}]}}