{"id":4126494,"date":"2026-01-10T09:54:00","date_gmt":"2026-01-10T08:54:00","guid":{"rendered":"https:\/\/bocagimmo.com\/bien\/non%20class\u00e9\/4126494\/"},"modified":"2026-02-23T13:37:05","modified_gmt":"2026-02-23T12:37:05","slug":"saint-prouant-baisse-de-prix","status":"publish","type":"product","link":"https:\/\/bocagimmo.com\/en\/bien\/vente-vendee-deux-sevres\/saint-prouant-baisse-de-prix\/","title":{"rendered":"SAINT PROUANT   BAISSE DE PRIX !!"},"content":{"rendered":"<p>*** BAISSE DE PRIX ***<br \/>\nVotre agence immobili\u00e8re AIP POUZAUGES vous propose \u00e0 Saint Prouant :<br \/>\nCette maison sur sous sol, r\u00e9cemment r\u00e9nov\u00e9e, qui vous offre un bel espace de vie lumineux de plus de 37m\u00b2, compos\u00e9 d&#8217;un salon avec po\u00eale \u00e0 granul\u00e9s d&#8217;une cuisine am\u00e9nag\u00e9e et \u00e9quip\u00e9e donnant sur une terrasse,  3 chambres de 11 \u00e0 12 m\u00b2,  WC et une salle de bains (\u00e0 rafraichir).<br \/>\nEn sous-sol un garage, une cave, plusieurs pi\u00e8ces.<br \/>\nVous profiterez d&#8217;une parcelle de 1240m\u00b2.<br \/>\nOuvertures Alu et PVC double vitrage, volets roulant, chauffage \u00e9lectrique. Charpente apparente.<br \/>\nN&#8217;attendez plus pour visiter !!<br \/>\nLes informations sur les risques auxquels ce bien est expos\u00e9 sont disponibles sur le site G\u00e9orisques : www.georisques.gouv.fr<\/p>\n","protected":false},"excerpt":{"rendered":"<p>*** BAISSE DE PRIX ***<br \/>\nVotre agence immobili\u00e8re AIP POUZAUGES vous propose \u00e0 Saint Prouant :<br \/>\nCette maison sur sous sol, r\u00e9cemment r\u00e9nov\u00e9e, qui vous offre un bel espace de vie lumineux de plus de 37m\u00b2, compos\u00e9 d&#8217;un salon avec po\u00eale \u00e0 granul\u00e9s d&#8217;une cuisine am\u00e9nag\u00e9e et \u00e9quip\u00e9e donnant sur une terrasse,  3 chambres de 11 \u00e0 12 m\u00b2,  WC et une salle de bains (\u00e0 rafraichir).<br \/>\nEn sous-sol un garage, une cave, plusieurs pi\u00e8ces.<br \/>\nVous profiterez d&#8217;une parcelle de 1240m\u00b2.<br \/>\nOuvertures Alu et PVC double vitrage, volets roulant, chauffage \u00e9lectrique. Charpente apparente.<br \/>\nN&#8217;attendez plus pour visiter !!<br \/>\nLes informations sur les risques auxquels ce bien est expos\u00e9 sont disponibles sur le site G\u00e9orisques : www.georisques.gouv.fr<\/p>\n","protected":false},"featured_media":5876393,"template":"","meta":{"_acf_changed":false},"product_cat":[17],"product_tag":[29],"secteur":[84],"transaction":[],"ville":[412],"class_list":{"0":"post-4126494","1":"product","2":"type-product","3":"status-publish","4":"has-post-thumbnail","6":"product_cat-vente-vendee-deux-sevres","7":"product_tag-maison","8":"secteur-pouzauges","9":"ville-saint-prouant","11":"first","12":"instock","13":"purchasable","14":"product-type-simple"},"acf":[],"_links":{"self":[{"href":"https:\/\/bocagimmo.com\/en\/wp-json\/wp\/v2\/product\/4126494","targetHints":{"allow":["GET"]}}],"collection":[{"href":"https:\/\/bocagimmo.com\/en\/wp-json\/wp\/v2\/product"}],"about":[{"href":"https:\/\/bocagimmo.com\/en\/wp-json\/wp\/v2\/types\/product"}],"wp:featuredmedia":[{"embeddable":true,"href":"https:\/\/bocagimmo.com\/en\/wp-json\/wp\/v2\/media\/5876393"}],"wp:attachment":[{"href":"https:\/\/bocagimmo.com\/en\/wp-json\/wp\/v2\/media?parent=4126494"}],"wp:term":[{"taxonomy":"product_cat","embeddable":true,"href":"https:\/\/bocagimmo.com\/en\/wp-json\/wp\/v2\/product_cat?post=4126494"},{"taxonomy":"product_tag","embeddable":true,"href":"https:\/\/bocagimmo.com\/en\/wp-json\/wp\/v2\/product_tag?post=4126494"},{"taxonomy":"secteur","embeddable":true,"href":"https:\/\/bocagimmo.com\/en\/wp-json\/wp\/v2\/secteur?post=4126494"},{"taxonomy":"transaction","embeddable":true,"href":"https:\/\/bocagimmo.com\/en\/wp-json\/wp\/v2\/transaction?post=4126494"},{"taxonomy":"ville","embeddable":true,"href":"https:\/\/bocagimmo.com\/en\/wp-json\/wp\/v2\/ville?post=4126494"}],"curies":[{"name":"wp","href":"https:\/\/api.w.org\/{rel}","templated":true}]}}