{"id":4402915,"date":"2025-03-13T04:04:00","date_gmt":"2025-03-13T03:04:00","guid":{"rendered":"https:\/\/bocagimmo.com\/bien\/non%20class\u00e9\/cerizay-idealement-situe-a-deux-pas-du-centre-et-des-commerces\/"},"modified":"2026-02-23T12:38:56","modified_gmt":"2026-02-23T11:38:56","slug":"baisse-de-prix-cerizay-idealement-situee-a-2-pas-du-centre-et-des-commerces","status":"publish","type":"product","link":"https:\/\/bocagimmo.com\/en\/bien\/vente-vendee-deux-sevres\/baisse-de-prix-cerizay-idealement-situee-a-2-pas-du-centre-et-des-commerces\/","title":{"rendered":"BAISSE DE PRIX !! CERIZAY &#8211; IDEALEMENT SITUEE A 2 PAS DU CENTRE ET DES COMMERCES"},"content":{"rendered":"<p>Votre Agence Immobili\u00e8re AIP CERIZAY vous propose :<br \/>\nCet ensemble immobilier (ancienne \u00e9cole) d&#8217;un potentiel habitable de plus de 790m\u00b2, d\u00e9compos\u00e9 en 3 b\u00e2timents :<\/p>\n<p>&#8211; B\u00e2timent 1 pour 230m\u00b2 : Au RDC, une pi\u00e8ce (47m\u00b2) avec un espace sanitaire (8.5m\u00b2), un pr\u00e9au et une chaufferie.<br \/>\nA l&#8217;\u00e9tage :  3 pi\u00e8ces en enfilade (48, 38 et 38m\u00b2), WC, un espace sanitaire (26m\u00b2), une buanderie (6m\u00b2).<\/p>\n<p>&#8211; B\u00e2timent 2 pour 108m\u00b2 : Ancienne maison de pierre offrant entr\u00e9e, WC, cuisine (23m\u00b2), 2 pi\u00e8ces de 11m\u00b2.<br \/>\nA l&#8217;\u00e9tage : palier, 4 chambres (9.5, 10, 9.5 et 11.6m\u00b2), une salle de bains. Une cave au sous\/sol.<\/p>\n<p>&#8211; B\u00e2timent 3 pour 450m\u00b2 : Une pi\u00e8ce de 63m\u00b2 avec un \u00e9tage de 65m\u00b2, 3 espaces de 50, 42 et 95m\u00b2, 3 pi\u00e8ces de 45, 45 et 52m\u00b2.<\/p>\n<p>Un grand pr\u00e9au avec un espace sanitaire ind\u00e9pendant de 20m\u00b2.<\/p>\n<p>Le tout sur une parcelle de 2885m\u00b2. Stationnement et acc\u00e8s v\u00e9hicules. Double vitrage PVC (2011), chauffage fuel, toitures ardoise, isolation 2011. Id\u00e9al pour une division en lots et\/ou projet d&#8217;ensemble locatif.<br \/>\nNon soumis au DPE &#8211; Les informations sur les risques auxquels ce bien est expos\u00e9 sont disponibles sur le site G\u00e9orisques : www.georisques.gouv.fr<\/p>\n","protected":false},"excerpt":{"rendered":"<p>Votre Agence Immobili\u00e8re AIP CERIZAY vous propose :<br \/>\nCet ensemble immobilier (ancienne \u00e9cole) d&#8217;un potentiel habitable de plus de 790m\u00b2, d\u00e9compos\u00e9 en 3 b\u00e2timents :<\/p>\n<p>&#8211; B\u00e2timent 1 pour 230m\u00b2 : Au RDC, une pi\u00e8ce (47m\u00b2) avec un espace sanitaire (8.5m\u00b2), un pr\u00e9au et une chaufferie.<br \/>\nA l&#8217;\u00e9tage :  3 pi\u00e8ces en enfilade (48, 38 et 38m\u00b2), WC, un espace sanitaire (26m\u00b2), une buanderie (6m\u00b2).<\/p>\n<p>&#8211; B\u00e2timent 2 pour 108m\u00b2 : Ancienne maison de pierre offrant entr\u00e9e, WC, cuisine (23m\u00b2), 2 pi\u00e8ces de 11m\u00b2.<br \/>\nA l&#8217;\u00e9tage : palier, 4 chambres (9.5, 10, 9.5 et 11.6m\u00b2), une salle de bains. Une cave au sous\/sol.<\/p>\n<p>&#8211; B\u00e2timent 3 pour 450m\u00b2 : Une pi\u00e8ce de 63m\u00b2 avec un \u00e9tage de 65m\u00b2, 3 espaces de 50, 42 et 95m\u00b2, 3 pi\u00e8ces de 45, 45 et 52m\u00b2.<\/p>\n<p>Un grand pr\u00e9au avec un espace sanitaire ind\u00e9pendant de 20m\u00b2.<\/p>\n<p>Le tout sur une parcelle de 2885m\u00b2. Stationnement et acc\u00e8s v\u00e9hicules. Double vitrage PVC (2011), chauffage fuel, toitures ardoise, isolation 2011. Id\u00e9al pour une division en lots et\/ou projet d&#8217;ensemble locatif.<br \/>\nNon soumis au DPE &#8211; Les informations sur les risques auxquels ce bien est expos\u00e9 sont disponibles sur le site G\u00e9orisques : www.georisques.gouv.fr<\/p>\n","protected":false},"featured_media":5875889,"template":"","meta":{"_acf_changed":false},"product_cat":[17],"product_tag":[346],"secteur":[85],"transaction":[],"ville":[134],"class_list":{"0":"post-4402915","1":"product","2":"type-product","3":"status-publish","4":"has-post-thumbnail","6":"product_cat-vente-vendee-deux-sevres","7":"product_tag-immeuble","8":"secteur-cerizay","9":"ville-cerizay","11":"first","12":"instock","13":"purchasable","14":"product-type-simple"},"acf":[],"_links":{"self":[{"href":"https:\/\/bocagimmo.com\/en\/wp-json\/wp\/v2\/product\/4402915","targetHints":{"allow":["GET"]}}],"collection":[{"href":"https:\/\/bocagimmo.com\/en\/wp-json\/wp\/v2\/product"}],"about":[{"href":"https:\/\/bocagimmo.com\/en\/wp-json\/wp\/v2\/types\/product"}],"wp:featuredmedia":[{"embeddable":true,"href":"https:\/\/bocagimmo.com\/en\/wp-json\/wp\/v2\/media\/5875889"}],"wp:attachment":[{"href":"https:\/\/bocagimmo.com\/en\/wp-json\/wp\/v2\/media?parent=4402915"}],"wp:term":[{"taxonomy":"product_cat","embeddable":true,"href":"https:\/\/bocagimmo.com\/en\/wp-json\/wp\/v2\/product_cat?post=4402915"},{"taxonomy":"product_tag","embeddable":true,"href":"https:\/\/bocagimmo.com\/en\/wp-json\/wp\/v2\/product_tag?post=4402915"},{"taxonomy":"secteur","embeddable":true,"href":"https:\/\/bocagimmo.com\/en\/wp-json\/wp\/v2\/secteur?post=4402915"},{"taxonomy":"transaction","embeddable":true,"href":"https:\/\/bocagimmo.com\/en\/wp-json\/wp\/v2\/transaction?post=4402915"},{"taxonomy":"ville","embeddable":true,"href":"https:\/\/bocagimmo.com\/en\/wp-json\/wp\/v2\/ville?post=4402915"}],"curies":[{"name":"wp","href":"https:\/\/api.w.org\/{rel}","templated":true}]}}