{"id":4485774,"date":"2025-09-11T03:49:00","date_gmt":"2025-09-11T01:49:00","guid":{"rendered":"https:\/\/bocagimmo.com\/bien\/non%20class\u00e9\/mauleon-centre-ville\/"},"modified":"2026-02-23T12:38:26","modified_gmt":"2026-02-23T11:38:26","slug":"mauleon-centre-ville","status":"publish","type":"product","link":"https:\/\/bocagimmo.com\/en\/bien\/vente-vendee-deux-sevres\/mauleon-centre-ville\/","title":{"rendered":"MAULEON CENTRE VILLE"},"content":{"rendered":"<p>Votre agence AIP CERIZAY vous propose :<br \/>\nCette maison de ville offrant, sur 135m\u00b2 habitable : une chaleureuse pi\u00e8ce de vie (55m\u00b2 &#8211; chemin\u00e9e) ouverte  sur une belle cuisine am\u00e9nag\u00e9e et \u00e9quip\u00e9e de 2024, WC, une cave et une chaufferie.<br \/>\nA l&#8217;\u00e9tage : un dressing (5.5m\u00b2), un grand bureau de 18m\u00b2 avec une superbe vue sur la campagne et les bords de L&#8217;Ouin, 3 chambres, (12.3, 11.7 et 13m\u00b2), une salle d&#8217;eau avec WC (8m\u00b2).<br \/>\nUn grand garage de 65m\u00b2 (possibilit\u00e9 de stationner un camping-car). Jardin.<br \/>\nChauffage gaz de ville, ouvertures PVC et volets roulants install\u00e9s en 2021, ravalement de fa\u00e7ade, toiture d\u00e9mouss\u00e9e et r\u00e9vis\u00e9e en 2021, fosse septique. <\/p>\n<p>Les informations sur les risques auxquels ce bien est expos\u00e9 sont disponibles sur le site G\u00e9orisques : www.georisques.gouv.fr<\/p>\n","protected":false},"excerpt":{"rendered":"<p>Votre agence AIP CERIZAY vous propose :<br \/>\nCette maison de ville offrant, sur 135m\u00b2 habitable : une chaleureuse pi\u00e8ce de vie (55m\u00b2 &#8211; chemin\u00e9e) ouverte  sur une belle cuisine am\u00e9nag\u00e9e et \u00e9quip\u00e9e de 2024, WC, une cave et une chaufferie.<br \/>\nA l&#8217;\u00e9tage : un dressing (5.5m\u00b2), un grand bureau de 18m\u00b2 avec une superbe vue sur la campagne et les bords de L&#8217;Ouin, 3 chambres, (12.3, 11.7 et 13m\u00b2), une salle d&#8217;eau avec WC (8m\u00b2).<br \/>\nUn grand garage de 65m\u00b2 (possibilit\u00e9 de stationner un camping-car). Jardin.<br \/>\nChauffage gaz de ville, ouvertures PVC et volets roulants install\u00e9s en 2021, ravalement de fa\u00e7ade, toiture d\u00e9mouss\u00e9e et r\u00e9vis\u00e9e en 2021, fosse septique. <\/p>\n<p>Les informations sur les risques auxquels ce bien est expos\u00e9 sont disponibles sur le site G\u00e9orisques : www.georisques.gouv.fr<\/p>\n","protected":false},"featured_media":5875848,"template":"","meta":{"_acf_changed":false},"product_cat":[17],"product_tag":[29],"secteur":[85],"transaction":[],"ville":[370],"class_list":{"0":"post-4485774","1":"product","2":"type-product","3":"status-publish","4":"has-post-thumbnail","6":"product_cat-vente-vendee-deux-sevres","7":"product_tag-maison","8":"secteur-cerizay","9":"ville-mauleon","11":"first","12":"instock","13":"purchasable","14":"product-type-simple"},"acf":[],"_links":{"self":[{"href":"https:\/\/bocagimmo.com\/en\/wp-json\/wp\/v2\/product\/4485774","targetHints":{"allow":["GET"]}}],"collection":[{"href":"https:\/\/bocagimmo.com\/en\/wp-json\/wp\/v2\/product"}],"about":[{"href":"https:\/\/bocagimmo.com\/en\/wp-json\/wp\/v2\/types\/product"}],"wp:featuredmedia":[{"embeddable":true,"href":"https:\/\/bocagimmo.com\/en\/wp-json\/wp\/v2\/media\/5875848"}],"wp:attachment":[{"href":"https:\/\/bocagimmo.com\/en\/wp-json\/wp\/v2\/media?parent=4485774"}],"wp:term":[{"taxonomy":"product_cat","embeddable":true,"href":"https:\/\/bocagimmo.com\/en\/wp-json\/wp\/v2\/product_cat?post=4485774"},{"taxonomy":"product_tag","embeddable":true,"href":"https:\/\/bocagimmo.com\/en\/wp-json\/wp\/v2\/product_tag?post=4485774"},{"taxonomy":"secteur","embeddable":true,"href":"https:\/\/bocagimmo.com\/en\/wp-json\/wp\/v2\/secteur?post=4485774"},{"taxonomy":"transaction","embeddable":true,"href":"https:\/\/bocagimmo.com\/en\/wp-json\/wp\/v2\/transaction?post=4485774"},{"taxonomy":"ville","embeddable":true,"href":"https:\/\/bocagimmo.com\/en\/wp-json\/wp\/v2\/ville?post=4485774"}],"curies":[{"name":"wp","href":"https:\/\/api.w.org\/{rel}","templated":true}]}}