{"id":4549152,"date":"2025-06-26T02:53:00","date_gmt":"2025-06-26T00:53:00","guid":{"rendered":"https:\/\/bocagimmo.com\/bien\/non%20class\u00e9\/fermette-13ha\/"},"modified":"2026-02-23T13:37:11","modified_gmt":"2026-02-23T12:37:11","slug":"fermette-13ha","status":"publish","type":"product","link":"https:\/\/bocagimmo.com\/en\/bien\/vente-vendee-deux-sevres\/fermette-13ha\/","title":{"rendered":"fermette + 1,3ha"},"content":{"rendered":"<p>Axe POUZAUGES-LA CHATAIGNERAIE<br \/>\nVotre agence immobili\u00e8re AIP Pouzauges vous propose cette belle long\u00e8re avec son terrain de 1,3 hectares.<br \/>\nSitu\u00e9e au calme d\u2019un hameau \u00e0 quelques minutes de Pouzauges, cette jolie maison en pierre vous offre  de plain-pied 145m\u00b2 habitables avec:  un salon (chemin\u00e9e insert), une cuisine am\u00e9nag\u00e9e, 4 belles chambres (de 15 \u00e0 17m\u00b2), un bureau, une salle de bains, wc, une arri\u00e8re-cuisine, un d\u00e9barras, une chaufferie et une cave. A l&#8217;\u00e9tage: un grand grenier am\u00e9nageable! Belles d\u00e9pendances: grange, \u00e9curies, garage&#8230; puits.<br \/>\nChaudi\u00e8re \u00e0 pellets (2023), ouvertures pvc double vitrage, volets alu (2023), assainissement individuel aux normes, toiture bon \u00e9tat .<\/p>\n<p>Les informations sur les risques auxquels ce bien est expos\u00e9 sont disponibles sur le sites g\u00e9orisques : www.georisques.gouv.<\/p>\n","protected":false},"excerpt":{"rendered":"<p>Axe POUZAUGES-LA CHATAIGNERAIE<br \/>\nVotre agence immobili\u00e8re AIP Pouzauges vous propose cette belle long\u00e8re avec son terrain de 1,3 hectares.<br \/>\nSitu\u00e9e au calme d\u2019un hameau \u00e0 quelques minutes de Pouzauges, cette jolie maison en pierre vous offre  de plain-pied 145m\u00b2 habitables avec:  un salon (chemin\u00e9e insert), une cuisine am\u00e9nag\u00e9e, 4 belles chambres (de 15 \u00e0 17m\u00b2), un bureau, une salle de bains, wc, une arri\u00e8re-cuisine, un d\u00e9barras, une chaufferie et une cave. A l&#8217;\u00e9tage: un grand grenier am\u00e9nageable! Belles d\u00e9pendances: grange, \u00e9curies, garage&#8230; puits.<br \/>\nChaudi\u00e8re \u00e0 pellets (2023), ouvertures pvc double vitrage, volets alu (2023), assainissement individuel aux normes, toiture bon \u00e9tat .<\/p>\n<p>Les informations sur les risques auxquels ce bien est expos\u00e9 sont disponibles sur le sites g\u00e9orisques : www.georisques.gouv.<\/p>\n","protected":false},"featured_media":5876402,"template":"","meta":{"_acf_changed":false},"product_cat":[17],"product_tag":[29],"secteur":[84],"transaction":[],"ville":[187],"class_list":{"0":"post-4549152","1":"product","2":"type-product","3":"status-publish","4":"has-post-thumbnail","6":"product_cat-vente-vendee-deux-sevres","7":"product_tag-maison","8":"secteur-pouzauges","9":"ville-pouzauges","11":"first","12":"instock","13":"purchasable","14":"product-type-simple"},"acf":[],"_links":{"self":[{"href":"https:\/\/bocagimmo.com\/en\/wp-json\/wp\/v2\/product\/4549152","targetHints":{"allow":["GET"]}}],"collection":[{"href":"https:\/\/bocagimmo.com\/en\/wp-json\/wp\/v2\/product"}],"about":[{"href":"https:\/\/bocagimmo.com\/en\/wp-json\/wp\/v2\/types\/product"}],"wp:featuredmedia":[{"embeddable":true,"href":"https:\/\/bocagimmo.com\/en\/wp-json\/wp\/v2\/media\/5876402"}],"wp:attachment":[{"href":"https:\/\/bocagimmo.com\/en\/wp-json\/wp\/v2\/media?parent=4549152"}],"wp:term":[{"taxonomy":"product_cat","embeddable":true,"href":"https:\/\/bocagimmo.com\/en\/wp-json\/wp\/v2\/product_cat?post=4549152"},{"taxonomy":"product_tag","embeddable":true,"href":"https:\/\/bocagimmo.com\/en\/wp-json\/wp\/v2\/product_tag?post=4549152"},{"taxonomy":"secteur","embeddable":true,"href":"https:\/\/bocagimmo.com\/en\/wp-json\/wp\/v2\/secteur?post=4549152"},{"taxonomy":"transaction","embeddable":true,"href":"https:\/\/bocagimmo.com\/en\/wp-json\/wp\/v2\/transaction?post=4549152"},{"taxonomy":"ville","embeddable":true,"href":"https:\/\/bocagimmo.com\/en\/wp-json\/wp\/v2\/ville?post=4549152"}],"curies":[{"name":"wp","href":"https:\/\/api.w.org\/{rel}","templated":true}]}}