{"id":4708258,"date":"2026-01-23T04:22:00","date_gmt":"2026-01-23T03:22:00","guid":{"rendered":"https:\/\/bocagimmo.com\/bien\/non%20class\u00e9\/a-10min-de-cerizay-dans-un-charmant-hameau\/"},"modified":"2026-02-23T12:39:14","modified_gmt":"2026-02-23T11:39:14","slug":"10min-de-cerizay","status":"publish","type":"product","link":"https:\/\/bocagimmo.com\/en\/bien\/vente-vendee-deux-sevres\/10min-de-cerizay\/","title":{"rendered":"10MIN DE CERIZAY"},"content":{"rendered":"<p>Votre agence immobili\u00e8re AIP CERIZAY vous propose :<br \/>\nA 10 mn de Cerizay, cette maison offrant sur 132m\u00b2 habitable : une entr\u00e9e, un s\u00e9jour avec chemin\u00e9e (31.5m\u00b2), une cuisine avec po\u00eale \u00e0 pellets (18.5m\u00b2), une salle d&#8217;eau avec WC (6m\u00b2).<br \/>\nA l&#8217;\u00e9tage : un grand palier avec placard (9m\u00b2), des wc, 3 grandes chambres (20, 20.6 et 13.3m\u00b2)<br \/>\nUn garage attenant de 15m\u00b2 avec une chaufferie.<br \/>\nL&#8217;ensemble sur une parcelle de plus de 1000m\u00b2.<br \/>\nRafra\u00eechissement \u00e0 pr\u00e9voir, fosse septique aux normes, ouvertures PVC, chauffage fuel, \u00e9lectricit\u00e9 2000.<\/p>\n<p>Les informations sur les risques auxquels ce bien est expos\u00e9 sont disponibles sur le site G\u00e9orisques : www.georisques.gouv.fr<\/p>\n","protected":false},"excerpt":{"rendered":"<p>Votre agence immobili\u00e8re AIP CERIZAY vous propose :<br \/>\nA 10 mn de Cerizay, cette maison offrant sur 132m\u00b2 habitable : une entr\u00e9e, un s\u00e9jour avec chemin\u00e9e (31.5m\u00b2), une cuisine avec po\u00eale \u00e0 pellets (18.5m\u00b2), une salle d&#8217;eau avec WC (6m\u00b2).<br \/>\nA l&#8217;\u00e9tage : un grand palier avec placard (9m\u00b2), des wc, 3 grandes chambres (20, 20.6 et 13.3m\u00b2)<br \/>\nUn garage attenant de 15m\u00b2 avec une chaufferie.<br \/>\nL&#8217;ensemble sur une parcelle de plus de 1000m\u00b2.<br \/>\nRafra\u00eechissement \u00e0 pr\u00e9voir, fosse septique aux normes, ouvertures PVC, chauffage fuel, \u00e9lectricit\u00e9 2000.<\/p>\n<p>Les informations sur les risques auxquels ce bien est expos\u00e9 sont disponibles sur le site G\u00e9orisques : www.georisques.gouv.fr<\/p>\n","protected":false},"featured_media":5875916,"template":"","meta":{"_acf_changed":false},"product_cat":[17],"product_tag":[29],"secteur":[85],"transaction":[],"ville":[134],"class_list":{"0":"post-4708258","1":"product","2":"type-product","3":"status-publish","4":"has-post-thumbnail","6":"product_cat-vente-vendee-deux-sevres","7":"product_tag-maison","8":"secteur-cerizay","9":"ville-cerizay","11":"first","12":"instock","13":"purchasable","14":"product-type-simple"},"acf":[],"_links":{"self":[{"href":"https:\/\/bocagimmo.com\/en\/wp-json\/wp\/v2\/product\/4708258","targetHints":{"allow":["GET"]}}],"collection":[{"href":"https:\/\/bocagimmo.com\/en\/wp-json\/wp\/v2\/product"}],"about":[{"href":"https:\/\/bocagimmo.com\/en\/wp-json\/wp\/v2\/types\/product"}],"wp:featuredmedia":[{"embeddable":true,"href":"https:\/\/bocagimmo.com\/en\/wp-json\/wp\/v2\/media\/5875916"}],"wp:attachment":[{"href":"https:\/\/bocagimmo.com\/en\/wp-json\/wp\/v2\/media?parent=4708258"}],"wp:term":[{"taxonomy":"product_cat","embeddable":true,"href":"https:\/\/bocagimmo.com\/en\/wp-json\/wp\/v2\/product_cat?post=4708258"},{"taxonomy":"product_tag","embeddable":true,"href":"https:\/\/bocagimmo.com\/en\/wp-json\/wp\/v2\/product_tag?post=4708258"},{"taxonomy":"secteur","embeddable":true,"href":"https:\/\/bocagimmo.com\/en\/wp-json\/wp\/v2\/secteur?post=4708258"},{"taxonomy":"transaction","embeddable":true,"href":"https:\/\/bocagimmo.com\/en\/wp-json\/wp\/v2\/transaction?post=4708258"},{"taxonomy":"ville","embeddable":true,"href":"https:\/\/bocagimmo.com\/en\/wp-json\/wp\/v2\/ville?post=4708258"}],"curies":[{"name":"wp","href":"https:\/\/api.w.org\/{rel}","templated":true}]}}