{"id":4805689,"date":"2026-01-20T04:28:00","date_gmt":"2026-01-20T03:28:00","guid":{"rendered":"https:\/\/bocagimmo.com\/bien\/non%20class\u00e9\/4805689\/"},"modified":"2026-02-23T13:07:22","modified_gmt":"2026-02-23T12:07:22","slug":"belle-maison-bourgeoise-5-chambres","status":"publish","type":"product","link":"https:\/\/bocagimmo.com\/en\/bien\/vente-vendee-deux-sevres\/belle-maison-bourgeoise-5-chambres\/","title":{"rendered":"Belle maison bourgeoise &#8211; 5 chambres"},"content":{"rendered":"<p>Votre agence immobili\u00e8re AIP La Ch\u00e2taigneraie vous propose :<br \/>\nCette magnifique maison bourgeoise de 5 chambres ! Elle comprend une vaste entr\u00e9e, un salon\/s\u00e9jour (41m\u00b2), une chambre parentale (13m\u00b2) avec salle d&#8217;eau\/WC (6,50m\u00b2), une grande cuisine \u00e9quip\u00e9e (21,50m\u00b2). A l&#8217;\u00e9tage :  4 chambres (19; 20; 22,30 et 21,50m\u00b2) dont une avec salle de bains baln\u00e9o\/WC (7m\u00b2) et une autre avec salle d&#8217;eau privative (7,50m\u00b2). Au deuxi\u00e8me \u00e9tage : grenier am\u00e9nageable (100m\u00b2). Au sous-sol : cave et chaufferie.  Toiture ardoise. Ouvertures PVC double vitrage et volets roulants \u00e9lectriques. Puits raccord\u00e9 \u00e0 la maison. Chauffage fioul. Tout \u00e0 l&#8217;\u00e9gout. D\u00e9pendance avec four \u00e0 pain. Garage et divers petits toits. Le tout sur un terrain clos et arbor\u00e9 d&#8217;environ 1100m\u00b2. <\/p>\n<p>Les informations sur les risques auxquels ce bien est expos\u00e9 sont disponibles sur le site G\u00e9orisques : www.georisques.gouv.fr<\/p>\n","protected":false},"excerpt":{"rendered":"<p>Votre agence immobili\u00e8re AIP La Ch\u00e2taigneraie vous propose :<br \/>\nCette magnifique maison bourgeoise de 5 chambres ! Elle comprend une vaste entr\u00e9e, un salon\/s\u00e9jour (41m\u00b2), une chambre parentale (13m\u00b2) avec salle d&#8217;eau\/WC (6,50m\u00b2), une grande cuisine \u00e9quip\u00e9e (21,50m\u00b2). A l&#8217;\u00e9tage :  4 chambres (19; 20; 22,30 et 21,50m\u00b2) dont une avec salle de bains baln\u00e9o\/WC (7m\u00b2) et une autre avec salle d&#8217;eau privative (7,50m\u00b2). Au deuxi\u00e8me \u00e9tage : grenier am\u00e9nageable (100m\u00b2). Au sous-sol : cave et chaufferie.  Toiture ardoise. Ouvertures PVC double vitrage et volets roulants \u00e9lectriques. Puits raccord\u00e9 \u00e0 la maison. Chauffage fioul. Tout \u00e0 l&#8217;\u00e9gout. D\u00e9pendance avec four \u00e0 pain. Garage et divers petits toits. Le tout sur un terrain clos et arbor\u00e9 d&#8217;environ 1100m\u00b2. <\/p>\n<p>Les informations sur les risques auxquels ce bien est expos\u00e9 sont disponibles sur le site G\u00e9orisques : www.georisques.gouv.fr<\/p>\n","protected":false},"featured_media":5876164,"template":"","meta":{"_acf_changed":false},"product_cat":[17],"product_tag":[29],"secteur":[86],"transaction":[],"ville":[501],"class_list":{"0":"post-4805689","1":"product","2":"type-product","3":"status-publish","4":"has-post-thumbnail","6":"product_cat-vente-vendee-deux-sevres","7":"product_tag-maison","8":"secteur-la-chataigneraie","9":"ville-breuil-barret","11":"first","12":"instock","13":"purchasable","14":"product-type-simple"},"acf":[],"_links":{"self":[{"href":"https:\/\/bocagimmo.com\/en\/wp-json\/wp\/v2\/product\/4805689","targetHints":{"allow":["GET"]}}],"collection":[{"href":"https:\/\/bocagimmo.com\/en\/wp-json\/wp\/v2\/product"}],"about":[{"href":"https:\/\/bocagimmo.com\/en\/wp-json\/wp\/v2\/types\/product"}],"wp:featuredmedia":[{"embeddable":true,"href":"https:\/\/bocagimmo.com\/en\/wp-json\/wp\/v2\/media\/5876164"}],"wp:attachment":[{"href":"https:\/\/bocagimmo.com\/en\/wp-json\/wp\/v2\/media?parent=4805689"}],"wp:term":[{"taxonomy":"product_cat","embeddable":true,"href":"https:\/\/bocagimmo.com\/en\/wp-json\/wp\/v2\/product_cat?post=4805689"},{"taxonomy":"product_tag","embeddable":true,"href":"https:\/\/bocagimmo.com\/en\/wp-json\/wp\/v2\/product_tag?post=4805689"},{"taxonomy":"secteur","embeddable":true,"href":"https:\/\/bocagimmo.com\/en\/wp-json\/wp\/v2\/secteur?post=4805689"},{"taxonomy":"transaction","embeddable":true,"href":"https:\/\/bocagimmo.com\/en\/wp-json\/wp\/v2\/transaction?post=4805689"},{"taxonomy":"ville","embeddable":true,"href":"https:\/\/bocagimmo.com\/en\/wp-json\/wp\/v2\/ville?post=4805689"}],"curies":[{"name":"wp","href":"https:\/\/api.w.org\/{rel}","templated":true}]}}