{"id":5015528,"date":"2025-08-22T10:30:00","date_gmt":"2025-08-22T08:30:00","guid":{"rendered":"https:\/\/bocagimmo.com\/bien\/non%20class\u00e9\/5015528\/"},"modified":"2026-02-23T13:07:32","modified_gmt":"2026-02-23T12:07:32","slug":"5015528","status":"publish","type":"product","link":"https:\/\/bocagimmo.com\/en\/bien\/vente-vendee-deux-sevres\/5015528\/","title":{"rendered":""},"content":{"rendered":"<p>L&#8217;agence AIP de La Ch\u00e2taigneraie vous propose  :<br \/>\nCe plain-pied de 2015, proche des commerces et \u00e9coles, qui se compose d&#8217;un s\u00e9jour\/salon ouvert sur une cuisine \u00e9quip\u00e9e (44,27m\u00b2), WC, d&#8217;un cellier, de 3 chambres  de 10,57m\u00b2, 10,45m\u00b2 et 9,99m\u00b2 avec placard, d&#8217;une salle d&#8217;eau, et d&#8217;un garage.<br \/>\nChauffage pompe \u00e0 chaleur. Ouvertures PVC double vitrage et volets roulants \u00e9lectriques. Tout \u00e0 l&#8217;\u00e9gout. Le tout sur une parcelle de 601m\u00b2.<\/p>\n<p>Les informations sur les risques auxquels ce bien est expos\u00e9 sont disponibles sur le site  g\u00e9orisques : www.georisques.gouv.fr<\/p>\n","protected":false},"excerpt":{"rendered":"<p>L&#8217;agence AIP de La Ch\u00e2taigneraie vous propose  :<br \/>\nCe plain-pied de 2015, proche des commerces et \u00e9coles, qui se compose d&#8217;un s\u00e9jour\/salon ouvert sur une cuisine \u00e9quip\u00e9e (44,27m\u00b2), WC, d&#8217;un cellier, de 3 chambres  de 10,57m\u00b2, 10,45m\u00b2 et 9,99m\u00b2 avec placard, d&#8217;une salle d&#8217;eau, et d&#8217;un garage.<br \/>\nChauffage pompe \u00e0 chaleur. Ouvertures PVC double vitrage et volets roulants \u00e9lectriques. Tout \u00e0 l&#8217;\u00e9gout. Le tout sur une parcelle de 601m\u00b2.<\/p>\n<p>Les informations sur les risques auxquels ce bien est expos\u00e9 sont disponibles sur le site  g\u00e9orisques : www.georisques.gouv.fr<\/p>\n","protected":false},"featured_media":5876178,"template":"","meta":{"_acf_changed":false},"product_cat":[17],"product_tag":[29],"secteur":[86],"transaction":[],"ville":[164],"class_list":{"0":"post-5015528","1":"product","2":"type-product","3":"status-publish","4":"has-post-thumbnail","6":"product_cat-vente-vendee-deux-sevres","7":"product_tag-maison","8":"secteur-la-chataigneraie","9":"ville-saint-pierre-du-chemin","11":"first","12":"instock","13":"purchasable","14":"product-type-simple"},"acf":[],"_links":{"self":[{"href":"https:\/\/bocagimmo.com\/en\/wp-json\/wp\/v2\/product\/5015528","targetHints":{"allow":["GET"]}}],"collection":[{"href":"https:\/\/bocagimmo.com\/en\/wp-json\/wp\/v2\/product"}],"about":[{"href":"https:\/\/bocagimmo.com\/en\/wp-json\/wp\/v2\/types\/product"}],"wp:featuredmedia":[{"embeddable":true,"href":"https:\/\/bocagimmo.com\/en\/wp-json\/wp\/v2\/media\/5876178"}],"wp:attachment":[{"href":"https:\/\/bocagimmo.com\/en\/wp-json\/wp\/v2\/media?parent=5015528"}],"wp:term":[{"taxonomy":"product_cat","embeddable":true,"href":"https:\/\/bocagimmo.com\/en\/wp-json\/wp\/v2\/product_cat?post=5015528"},{"taxonomy":"product_tag","embeddable":true,"href":"https:\/\/bocagimmo.com\/en\/wp-json\/wp\/v2\/product_tag?post=5015528"},{"taxonomy":"secteur","embeddable":true,"href":"https:\/\/bocagimmo.com\/en\/wp-json\/wp\/v2\/secteur?post=5015528"},{"taxonomy":"transaction","embeddable":true,"href":"https:\/\/bocagimmo.com\/en\/wp-json\/wp\/v2\/transaction?post=5015528"},{"taxonomy":"ville","embeddable":true,"href":"https:\/\/bocagimmo.com\/en\/wp-json\/wp\/v2\/ville?post=5015528"}],"curies":[{"name":"wp","href":"https:\/\/api.w.org\/{rel}","templated":true}]}}