{"id":5056144,"date":"2026-01-28T05:02:00","date_gmt":"2026-01-28T04:02:00","guid":{"rendered":"https:\/\/bocagimmo.com\/bien\/non%20class\u00e9\/5056144\/"},"modified":"2026-02-23T13:36:51","modified_gmt":"2026-02-23T12:36:51","slug":"5056144","status":"publish","type":"product","link":"https:\/\/bocagimmo.com\/en\/bien\/vente-vendee-deux-sevres\/5056144\/","title":{"rendered":""},"content":{"rendered":"<p>Votre agence immobili\u00e8re AIP POUZAUGES vous propose :<br \/>\nEn campagne situ\u00e9e entre Pouzauges, la Ch\u00e2taigneraie et Chantonnay, implant\u00e9e sur plus de 16000m\u00b2 de terrain, cette tr\u00e8s belle maison de plus de 170m\u00b2 dispose d&#8217;une entr\u00e9e, d&#8217;une vaste cuisine \u00e9quip\u00e9e, d&#8217;un grand salon avec de belles poutres et po\u00eale  \u00e0 bois, de 4 chambres (dont 3 au rez de chauss\u00e9e), d&#8217;une salle d&#8217;eau r\u00e9cente ainsi que d&#8217;une buanderie.<br \/>\nA l&#8217;\u00e9tage : une jolie chambre et 2 grands greniers am\u00e9nageables.<br \/>\nLe chauffage est assur\u00e9 par une pompe \u00e0 chaleur r\u00e9cente et la maison est raccord\u00e9e \u00e0 un puits. En d\u00e9pendance, une superbe grange en pierre de plus de 450m\u00b2 en tr\u00e8s bon \u00e9tat, et un hangar d&#8217;environ 430m\u00b2.<\/p>\n<p>Les informations sur les risques auxquels ce bien est expos\u00e9 sont disponibles sur le site G\u00e9orisques : www.georisques.gouv.fr<\/p>\n","protected":false},"excerpt":{"rendered":"<p>Votre agence immobili\u00e8re AIP POUZAUGES vous propose :<br \/>\nEn campagne situ\u00e9e entre Pouzauges, la Ch\u00e2taigneraie et Chantonnay, implant\u00e9e sur plus de 16000m\u00b2 de terrain, cette tr\u00e8s belle maison de plus de 170m\u00b2 dispose d&#8217;une entr\u00e9e, d&#8217;une vaste cuisine \u00e9quip\u00e9e, d&#8217;un grand salon avec de belles poutres et po\u00eale  \u00e0 bois, de 4 chambres (dont 3 au rez de chauss\u00e9e), d&#8217;une salle d&#8217;eau r\u00e9cente ainsi que d&#8217;une buanderie.<br \/>\nA l&#8217;\u00e9tage : une jolie chambre et 2 grands greniers am\u00e9nageables.<br \/>\nLe chauffage est assur\u00e9 par une pompe \u00e0 chaleur r\u00e9cente et la maison est raccord\u00e9e \u00e0 un puits. En d\u00e9pendance, une superbe grange en pierre de plus de 450m\u00b2 en tr\u00e8s bon \u00e9tat, et un hangar d&#8217;environ 430m\u00b2.<\/p>\n<p>Les informations sur les risques auxquels ce bien est expos\u00e9 sont disponibles sur le site G\u00e9orisques : www.georisques.gouv.fr<\/p>\n","protected":false},"featured_media":5876373,"template":"","meta":{"_acf_changed":false},"product_cat":[17],"product_tag":[29],"secteur":[84],"transaction":[],"ville":[159],"class_list":{"0":"post-5056144","1":"product","2":"type-product","3":"status-publish","4":"has-post-thumbnail","6":"product_cat-vente-vendee-deux-sevres","7":"product_tag-maison","8":"secteur-pouzauges","9":"ville-mouilleron-en-pareds","11":"first","12":"instock","13":"purchasable","14":"product-type-simple"},"acf":[],"_links":{"self":[{"href":"https:\/\/bocagimmo.com\/en\/wp-json\/wp\/v2\/product\/5056144","targetHints":{"allow":["GET"]}}],"collection":[{"href":"https:\/\/bocagimmo.com\/en\/wp-json\/wp\/v2\/product"}],"about":[{"href":"https:\/\/bocagimmo.com\/en\/wp-json\/wp\/v2\/types\/product"}],"wp:featuredmedia":[{"embeddable":true,"href":"https:\/\/bocagimmo.com\/en\/wp-json\/wp\/v2\/media\/5876373"}],"wp:attachment":[{"href":"https:\/\/bocagimmo.com\/en\/wp-json\/wp\/v2\/media?parent=5056144"}],"wp:term":[{"taxonomy":"product_cat","embeddable":true,"href":"https:\/\/bocagimmo.com\/en\/wp-json\/wp\/v2\/product_cat?post=5056144"},{"taxonomy":"product_tag","embeddable":true,"href":"https:\/\/bocagimmo.com\/en\/wp-json\/wp\/v2\/product_tag?post=5056144"},{"taxonomy":"secteur","embeddable":true,"href":"https:\/\/bocagimmo.com\/en\/wp-json\/wp\/v2\/secteur?post=5056144"},{"taxonomy":"transaction","embeddable":true,"href":"https:\/\/bocagimmo.com\/en\/wp-json\/wp\/v2\/transaction?post=5056144"},{"taxonomy":"ville","embeddable":true,"href":"https:\/\/bocagimmo.com\/en\/wp-json\/wp\/v2\/ville?post=5056144"}],"curies":[{"name":"wp","href":"https:\/\/api.w.org\/{rel}","templated":true}]}}