{"id":5068560,"date":"2025-12-04T05:34:00","date_gmt":"2025-12-04T04:34:00","guid":{"rendered":"https:\/\/bocagimmo.com\/bien\/non%20class\u00e9\/18-mn-de-bressuire-18-mn-de-moncoutant\/"},"modified":"2026-02-23T12:39:18","modified_gmt":"2026-02-23T11:39:18","slug":"18-mn-de-bressuire-18-mn-de-moncoutant","status":"publish","type":"product","link":"https:\/\/bocagimmo.com\/en\/bien\/vente-vendee-deux-sevres\/18-mn-de-bressuire-18-mn-de-moncoutant\/","title":{"rendered":"18 mn de BRESSUIRE \/ 18 mn de MONCOUTANT"},"content":{"rendered":"<p>Votre agence immobili\u00e8re AIP CERIZAY vous propose :<br \/>\nAu calme de la campagne, cette grande maison de 233m\u00b2 habitable comprend au rdc : une cuisine am\u00e9nag\u00e9e et \u00e9quip\u00e9e, une buanderie, un salon avec po\u00eale \u00e0 bois, une salle \u00e0 manger avec po\u00eale \u00e0 bois, une salle d&#8217;eau \/ WC et une chambre parentale avec salle d&#8217;eau \/WC. A l&#8217;\u00e9tage : une belle suite parentale (54m\u00b2) avec dressing, salle de bains (baignoire + douche) et WC, et une autre chambre + dressing et WC. En annexes : une chaufferie de 23m\u00b2, une \u00e9curie (90m\u00b2). et autres d\u00e9pendances. Terrasse couverte. Puits et compteur d&#8217;eau.<br \/>\nLe tout sur un terrain de + de 5000m\u00b2.<\/p>\n<p>Les informations sur les risques auxquels ce bien est expos\u00e9 sont disponibles sur le site G\u00e9orisques : www.georisques.gouv.fr<\/p>\n","protected":false},"excerpt":{"rendered":"<p>Votre agence immobili\u00e8re AIP CERIZAY vous propose :<br \/>\nAu calme de la campagne, cette grande maison de 233m\u00b2 habitable comprend au rdc : une cuisine am\u00e9nag\u00e9e et \u00e9quip\u00e9e, une buanderie, un salon avec po\u00eale \u00e0 bois, une salle \u00e0 manger avec po\u00eale \u00e0 bois, une salle d&#8217;eau \/ WC et une chambre parentale avec salle d&#8217;eau \/WC. A l&#8217;\u00e9tage : une belle suite parentale (54m\u00b2) avec dressing, salle de bains (baignoire + douche) et WC, et une autre chambre + dressing et WC. En annexes : une chaufferie de 23m\u00b2, une \u00e9curie (90m\u00b2). et autres d\u00e9pendances. Terrasse couverte. Puits et compteur d&#8217;eau.<br \/>\nLe tout sur un terrain de + de 5000m\u00b2.<\/p>\n<p>Les informations sur les risques auxquels ce bien est expos\u00e9 sont disponibles sur le site G\u00e9orisques : www.georisques.gouv.fr<\/p>\n","protected":false},"featured_media":5875921,"template":"","meta":{"_acf_changed":false},"product_cat":[17],"product_tag":[29],"secteur":[85],"transaction":[],"ville":[515],"class_list":{"0":"post-5068560","1":"product","2":"type-product","3":"status-publish","4":"has-post-thumbnail","6":"product_cat-vente-vendee-deux-sevres","7":"product_tag-maison","8":"secteur-cerizay","9":"ville-clesse","11":"first","12":"instock","13":"purchasable","14":"product-type-simple"},"acf":[],"_links":{"self":[{"href":"https:\/\/bocagimmo.com\/en\/wp-json\/wp\/v2\/product\/5068560","targetHints":{"allow":["GET"]}}],"collection":[{"href":"https:\/\/bocagimmo.com\/en\/wp-json\/wp\/v2\/product"}],"about":[{"href":"https:\/\/bocagimmo.com\/en\/wp-json\/wp\/v2\/types\/product"}],"wp:featuredmedia":[{"embeddable":true,"href":"https:\/\/bocagimmo.com\/en\/wp-json\/wp\/v2\/media\/5875921"}],"wp:attachment":[{"href":"https:\/\/bocagimmo.com\/en\/wp-json\/wp\/v2\/media?parent=5068560"}],"wp:term":[{"taxonomy":"product_cat","embeddable":true,"href":"https:\/\/bocagimmo.com\/en\/wp-json\/wp\/v2\/product_cat?post=5068560"},{"taxonomy":"product_tag","embeddable":true,"href":"https:\/\/bocagimmo.com\/en\/wp-json\/wp\/v2\/product_tag?post=5068560"},{"taxonomy":"secteur","embeddable":true,"href":"https:\/\/bocagimmo.com\/en\/wp-json\/wp\/v2\/secteur?post=5068560"},{"taxonomy":"transaction","embeddable":true,"href":"https:\/\/bocagimmo.com\/en\/wp-json\/wp\/v2\/transaction?post=5068560"},{"taxonomy":"ville","embeddable":true,"href":"https:\/\/bocagimmo.com\/en\/wp-json\/wp\/v2\/ville?post=5068560"}],"curies":[{"name":"wp","href":"https:\/\/api.w.org\/{rel}","templated":true}]}}