{"id":5099428,"date":"2025-09-16T02:29:00","date_gmt":"2025-09-16T00:29:00","guid":{"rendered":"https:\/\/bocagimmo.com\/bien\/non%20class\u00e9\/5099428\/"},"modified":"2026-02-23T13:37:26","modified_gmt":"2026-02-23T12:37:26","slug":"maison-avec-piscine-vue-sur-la-campagne","status":"publish","type":"product","link":"https:\/\/bocagimmo.com\/en\/bien\/vente-vendee-deux-sevres\/maison-avec-piscine-vue-sur-la-campagne\/","title":{"rendered":"Maison avec piscine &#8211; Vue sur la campagne !"},"content":{"rendered":"<p>Maison campagne proche POUZAUGES<br \/>\nVotre agence immobili\u00e8re AIP POUZAUGES vous propose cette maison situ\u00e9e au calme de la campagne, \u00e0 10 minutes de POUZAUGES. Elle comprend sur 109m\u00b2 habitables : une entr\u00e9e, WC, un s\u00e9jour lumineux (32m\u00b2) avec po\u00eale \u00e0 bois, une cuisine am\u00e9nag\u00e9e. Acc\u00e8s direct sur une agr\u00e9able terrasse offrant une jolie vue sur la campagne ! A l&#8217;\u00e9tage : 3 chambres et une salle de bains. Garage et abri de jardin. Le tout sur un joli terrain (avec piscine) sans vis \u00e0 vis d&#8217;environ 2200m\u00b2. Chauffage au sol pompe \u00e0 chaleur, bonne isolation, ouvertures double vitrage,. Coup de c\u0153ur assur\u00e9!<\/p>\n<p>Les informations sur les risques auxquels ce bien est expos\u00e9 sont disponibles sur le site g\u00e9orisques : www.georisques.gouv.fr<\/p>\n","protected":false},"excerpt":{"rendered":"<p>Maison campagne proche POUZAUGES<br \/>\nVotre agence immobili\u00e8re AIP POUZAUGES vous propose cette maison situ\u00e9e au calme de la campagne, \u00e0 10 minutes de POUZAUGES. Elle comprend sur 109m\u00b2 habitables : une entr\u00e9e, WC, un s\u00e9jour lumineux (32m\u00b2) avec po\u00eale \u00e0 bois, une cuisine am\u00e9nag\u00e9e. Acc\u00e8s direct sur une agr\u00e9able terrasse offrant une jolie vue sur la campagne ! A l&#8217;\u00e9tage : 3 chambres et une salle de bains. Garage et abri de jardin. Le tout sur un joli terrain (avec piscine) sans vis \u00e0 vis d&#8217;environ 2200m\u00b2. Chauffage au sol pompe \u00e0 chaleur, bonne isolation, ouvertures double vitrage,. Coup de c\u0153ur assur\u00e9!<\/p>\n<p>Les informations sur les risques auxquels ce bien est expos\u00e9 sont disponibles sur le site g\u00e9orisques : www.georisques.gouv.fr<\/p>\n","protected":false},"featured_media":5876424,"template":"","meta":{"_acf_changed":false},"product_cat":[17],"product_tag":[29],"secteur":[84],"transaction":[],"ville":[187],"class_list":{"0":"post-5099428","1":"product","2":"type-product","3":"status-publish","4":"has-post-thumbnail","6":"product_cat-vente-vendee-deux-sevres","7":"product_tag-maison","8":"secteur-pouzauges","9":"ville-pouzauges","11":"first","12":"instock","13":"purchasable","14":"product-type-simple"},"acf":[],"_links":{"self":[{"href":"https:\/\/bocagimmo.com\/en\/wp-json\/wp\/v2\/product\/5099428","targetHints":{"allow":["GET"]}}],"collection":[{"href":"https:\/\/bocagimmo.com\/en\/wp-json\/wp\/v2\/product"}],"about":[{"href":"https:\/\/bocagimmo.com\/en\/wp-json\/wp\/v2\/types\/product"}],"wp:featuredmedia":[{"embeddable":true,"href":"https:\/\/bocagimmo.com\/en\/wp-json\/wp\/v2\/media\/5876424"}],"wp:attachment":[{"href":"https:\/\/bocagimmo.com\/en\/wp-json\/wp\/v2\/media?parent=5099428"}],"wp:term":[{"taxonomy":"product_cat","embeddable":true,"href":"https:\/\/bocagimmo.com\/en\/wp-json\/wp\/v2\/product_cat?post=5099428"},{"taxonomy":"product_tag","embeddable":true,"href":"https:\/\/bocagimmo.com\/en\/wp-json\/wp\/v2\/product_tag?post=5099428"},{"taxonomy":"secteur","embeddable":true,"href":"https:\/\/bocagimmo.com\/en\/wp-json\/wp\/v2\/secteur?post=5099428"},{"taxonomy":"transaction","embeddable":true,"href":"https:\/\/bocagimmo.com\/en\/wp-json\/wp\/v2\/transaction?post=5099428"},{"taxonomy":"ville","embeddable":true,"href":"https:\/\/bocagimmo.com\/en\/wp-json\/wp\/v2\/ville?post=5099428"}],"curies":[{"name":"wp","href":"https:\/\/api.w.org\/{rel}","templated":true}]}}