{"id":5157393,"date":"2026-01-22T03:13:00","date_gmt":"2026-01-22T02:13:00","guid":{"rendered":"https:\/\/bocagimmo.com\/bien\/non%20class\u00e9\/maison-4-chambres-pouzauges\/"},"modified":"2026-02-23T13:37:33","modified_gmt":"2026-02-23T12:37:33","slug":"maison-4-chambres-pouzauges","status":"publish","type":"product","link":"https:\/\/bocagimmo.com\/en\/bien\/vente-vendee-deux-sevres\/maison-4-chambres-pouzauges\/","title":{"rendered":"Maison 4 chambres &#8211; POUZAUGES"},"content":{"rendered":"<p>Votre agence immobili\u00e8re AIP POUZAUGES vous propose cette maison id\u00e9alement situ\u00e9e en centre-ville.<br \/>\nSur 129m\u00b2 habitables, elle comprend une entr\u00e9e, un s\u00e9jour tr\u00e8s lumineux (40m\u00b2), une cuisine am\u00e9nag\u00e9e \u00e9quip\u00e9e avec acc\u00e8s terrasse, 4 chambres, un bureau, une salle d&#8217;eau et WC. En sous-sol, une partie possible \u00e0 r\u00e9nover en pi\u00e8ce de vie, chambre et salle d&#8217;eau. Une chaufferie, une cave et un grand garage. Terrain clos d&#8217;environ 750m\u00b2. Ouvertures double vitrage, chauffage fuel r\u00e9cent et po\u00eale \u00e0 bois.<\/p>\n<p>Les informations sur les risques auxquels ce bien est expos\u00e9 sont disponibles sur le site g\u00e9orisques : www.georisques.gouv.fr<\/p>\n","protected":false},"excerpt":{"rendered":"<p>Votre agence immobili\u00e8re AIP POUZAUGES vous propose cette maison id\u00e9alement situ\u00e9e en centre-ville.<br \/>\nSur 129m\u00b2 habitables, elle comprend une entr\u00e9e, un s\u00e9jour tr\u00e8s lumineux (40m\u00b2), une cuisine am\u00e9nag\u00e9e \u00e9quip\u00e9e avec acc\u00e8s terrasse, 4 chambres, un bureau, une salle d&#8217;eau et WC. En sous-sol, une partie possible \u00e0 r\u00e9nover en pi\u00e8ce de vie, chambre et salle d&#8217;eau. Une chaufferie, une cave et un grand garage. Terrain clos d&#8217;environ 750m\u00b2. Ouvertures double vitrage, chauffage fuel r\u00e9cent et po\u00eale \u00e0 bois.<\/p>\n<p>Les informations sur les risques auxquels ce bien est expos\u00e9 sont disponibles sur le site g\u00e9orisques : www.georisques.gouv.fr<\/p>\n","protected":false},"featured_media":5876433,"template":"","meta":{"_acf_changed":false},"product_cat":[17],"product_tag":[29],"secteur":[84],"transaction":[],"ville":[187],"class_list":{"0":"post-5157393","1":"product","2":"type-product","3":"status-publish","4":"has-post-thumbnail","6":"product_cat-vente-vendee-deux-sevres","7":"product_tag-maison","8":"secteur-pouzauges","9":"ville-pouzauges","11":"first","12":"instock","13":"purchasable","14":"product-type-simple"},"acf":[],"_links":{"self":[{"href":"https:\/\/bocagimmo.com\/en\/wp-json\/wp\/v2\/product\/5157393","targetHints":{"allow":["GET"]}}],"collection":[{"href":"https:\/\/bocagimmo.com\/en\/wp-json\/wp\/v2\/product"}],"about":[{"href":"https:\/\/bocagimmo.com\/en\/wp-json\/wp\/v2\/types\/product"}],"wp:featuredmedia":[{"embeddable":true,"href":"https:\/\/bocagimmo.com\/en\/wp-json\/wp\/v2\/media\/5876433"}],"wp:attachment":[{"href":"https:\/\/bocagimmo.com\/en\/wp-json\/wp\/v2\/media?parent=5157393"}],"wp:term":[{"taxonomy":"product_cat","embeddable":true,"href":"https:\/\/bocagimmo.com\/en\/wp-json\/wp\/v2\/product_cat?post=5157393"},{"taxonomy":"product_tag","embeddable":true,"href":"https:\/\/bocagimmo.com\/en\/wp-json\/wp\/v2\/product_tag?post=5157393"},{"taxonomy":"secteur","embeddable":true,"href":"https:\/\/bocagimmo.com\/en\/wp-json\/wp\/v2\/secteur?post=5157393"},{"taxonomy":"transaction","embeddable":true,"href":"https:\/\/bocagimmo.com\/en\/wp-json\/wp\/v2\/transaction?post=5157393"},{"taxonomy":"ville","embeddable":true,"href":"https:\/\/bocagimmo.com\/en\/wp-json\/wp\/v2\/ville?post=5157393"}],"curies":[{"name":"wp","href":"https:\/\/api.w.org\/{rel}","templated":true}]}}