{"id":5206280,"date":"2025-11-28T02:20:00","date_gmt":"2025-11-28T01:20:00","guid":{"rendered":"https:\/\/bocagimmo.com\/bien\/non%20class\u00e9\/st-amand-sur-sevre-centre-bourg-proche-tous-commerces\/"},"modified":"2026-02-23T12:39:28","modified_gmt":"2026-02-23T11:39:28","slug":"baisse-de-prix-st-amand-sur-sevre-centre-bourg-proche-tous-commerces","status":"publish","type":"product","link":"https:\/\/bocagimmo.com\/en\/bien\/vente-vendee-deux-sevres\/baisse-de-prix-st-amand-sur-sevre-centre-bourg-proche-tous-commerces\/","title":{"rendered":"BAISSE DE PRIX !! ST AMAND SUR SEVRE &#8211; CENTRE BOURG \/ PROCHE TOUS COMMERCES"},"content":{"rendered":"<p>Votre agence immobili\u00e8re AIP CERIZAY vous propose :<br \/>\nCette maison de bourg en pierre, r\u00e9nov\u00e9e, offrant sur un beau volume de 180m\u00b2 habitable, : une entr\u00e9e, un salon\/s\u00e9jour (28m\u00b2),  WC avec lave-mains, une buanderie, un bureau (6.5m\u00b2), une cuisine am\u00e9nag\u00e9e et \u00e9quip\u00e9e, une suite parentale avec salle d&#8217;eau privative.<br \/>\nA l&#8217;\u00e9tage : grand palier desservant un bureau (7m\u00b2), 3 chambres (10.5, 10.2 et 16m\u00b2), une salle d&#8217;eau avec WC et un sauna, et une grande salle de jeux de 18.5m\u00b2.<br \/>\nAu second  \u00e9tage : un grenier isol\u00e9, id\u00e9al pour faire du stockage.<br \/>\nA l&#8217;ext\u00e9rieur : une grande terrasse cl\u00f4tur\u00e9e avec un pr\u00e9au, une chaufferie et une d\u00e9pendance. Attenant : une parcelle de jardin pour le potager.<br \/>\nChauffage pompe \u00e0 chaleur air\/air de 2024 avec appoint au fioul, tout \u00e0 l&#8217;\u00e9gout, double vitrage alu et isolation ext\u00e9rieure. <\/p>\n<p>Les informations sur les risques auxquels ce bien est expos\u00e9 sont disponibles sur le site G\u00e9orisques: www.georisques.gouv.fr<\/p>\n","protected":false},"excerpt":{"rendered":"<p>Votre agence immobili\u00e8re AIP CERIZAY vous propose :<br \/>\nCette maison de bourg en pierre, r\u00e9nov\u00e9e, offrant sur un beau volume de 180m\u00b2 habitable, : une entr\u00e9e, un salon\/s\u00e9jour (28m\u00b2),  WC avec lave-mains, une buanderie, un bureau (6.5m\u00b2), une cuisine am\u00e9nag\u00e9e et \u00e9quip\u00e9e, une suite parentale avec salle d&#8217;eau privative.<br \/>\nA l&#8217;\u00e9tage : grand palier desservant un bureau (7m\u00b2), 3 chambres (10.5, 10.2 et 16m\u00b2), une salle d&#8217;eau avec WC et un sauna, et une grande salle de jeux de 18.5m\u00b2.<br \/>\nAu second  \u00e9tage : un grenier isol\u00e9, id\u00e9al pour faire du stockage.<br \/>\nA l&#8217;ext\u00e9rieur : une grande terrasse cl\u00f4tur\u00e9e avec un pr\u00e9au, une chaufferie et une d\u00e9pendance. Attenant : une parcelle de jardin pour le potager.<br \/>\nChauffage pompe \u00e0 chaleur air\/air de 2024 avec appoint au fioul, tout \u00e0 l&#8217;\u00e9gout, double vitrage alu et isolation ext\u00e9rieure. <\/p>\n<p>Les informations sur les risques auxquels ce bien est expos\u00e9 sont disponibles sur le site G\u00e9orisques: www.georisques.gouv.fr<\/p>\n","protected":false},"featured_media":5875935,"template":"","meta":{"_acf_changed":false},"product_cat":[17],"product_tag":[29],"secteur":[85],"transaction":[],"ville":[315],"class_list":{"0":"post-5206280","1":"product","2":"type-product","3":"status-publish","4":"has-post-thumbnail","6":"product_cat-vente-vendee-deux-sevres","7":"product_tag-maison","8":"secteur-cerizay","9":"ville-saint-amand-sur-sevre","11":"first","12":"instock","13":"purchasable","14":"product-type-simple"},"acf":[],"_links":{"self":[{"href":"https:\/\/bocagimmo.com\/en\/wp-json\/wp\/v2\/product\/5206280","targetHints":{"allow":["GET"]}}],"collection":[{"href":"https:\/\/bocagimmo.com\/en\/wp-json\/wp\/v2\/product"}],"about":[{"href":"https:\/\/bocagimmo.com\/en\/wp-json\/wp\/v2\/types\/product"}],"wp:featuredmedia":[{"embeddable":true,"href":"https:\/\/bocagimmo.com\/en\/wp-json\/wp\/v2\/media\/5875935"}],"wp:attachment":[{"href":"https:\/\/bocagimmo.com\/en\/wp-json\/wp\/v2\/media?parent=5206280"}],"wp:term":[{"taxonomy":"product_cat","embeddable":true,"href":"https:\/\/bocagimmo.com\/en\/wp-json\/wp\/v2\/product_cat?post=5206280"},{"taxonomy":"product_tag","embeddable":true,"href":"https:\/\/bocagimmo.com\/en\/wp-json\/wp\/v2\/product_tag?post=5206280"},{"taxonomy":"secteur","embeddable":true,"href":"https:\/\/bocagimmo.com\/en\/wp-json\/wp\/v2\/secteur?post=5206280"},{"taxonomy":"transaction","embeddable":true,"href":"https:\/\/bocagimmo.com\/en\/wp-json\/wp\/v2\/transaction?post=5206280"},{"taxonomy":"ville","embeddable":true,"href":"https:\/\/bocagimmo.com\/en\/wp-json\/wp\/v2\/ville?post=5206280"}],"curies":[{"name":"wp","href":"https:\/\/api.w.org\/{rel}","templated":true}]}}