{"id":5217990,"date":"2026-01-17T09:08:00","date_gmt":"2026-01-17T08:08:00","guid":{"rendered":"https:\/\/bocagimmo.com\/bien\/non%20class\u00e9\/pouzauges-4\/"},"modified":"2026-02-23T13:37:45","modified_gmt":"2026-02-23T12:37:45","slug":"pouzauges","status":"publish","type":"product","link":"https:\/\/bocagimmo.com\/en\/bien\/vente-vendee-deux-sevres\/pouzauges\/","title":{"rendered":"POUZAUGES"},"content":{"rendered":"<p>Votre agence immobili\u00e8re AIP POUZAUGES vous propose :<br \/>\nCe pavillon coup de c\u0153ur,  \u00e0 proximit\u00e9 des commerces et de la campagne. Pos\u00e9 sur une parcelle de 1000m\u00b2,  il vous offre une cuisine \u00e9quip\u00e9e ouverte sur un salon \/ s\u00e9jour, une petite v\u00e9randa et son coin lecture qui compl\u00e8tent la pi\u00e8ce de vie, 3 chambres, une salle d&#8217;eau et WC. Au sous-sol : une salle de jeux, WC, une buanderie\/chaufferie et un garage.  Terrasse avec vue d\u00e9gag\u00e9e sur la campagne. L&#8217;acc\u00e8s \u00e0 la maison est goudronn\u00e9. Chauffage fuel et po\u00eale \u00e0 granul\u00e9s. Les ouvertures sont en double vitrage.  <\/p>\n<p> Les informations sur les risques auxquels ce bien est expos\u00e9 sont disponibles sur le site G\u00e9orisques : www.georisques.gouv.fr<\/p>\n","protected":false},"excerpt":{"rendered":"<p>Votre agence immobili\u00e8re AIP POUZAUGES vous propose :<br \/>\nCe pavillon coup de c\u0153ur,  \u00e0 proximit\u00e9 des commerces et de la campagne. Pos\u00e9 sur une parcelle de 1000m\u00b2,  il vous offre une cuisine \u00e9quip\u00e9e ouverte sur un salon \/ s\u00e9jour, une petite v\u00e9randa et son coin lecture qui compl\u00e8tent la pi\u00e8ce de vie, 3 chambres, une salle d&#8217;eau et WC. Au sous-sol : une salle de jeux, WC, une buanderie\/chaufferie et un garage.  Terrasse avec vue d\u00e9gag\u00e9e sur la campagne. L&#8217;acc\u00e8s \u00e0 la maison est goudronn\u00e9. Chauffage fuel et po\u00eale \u00e0 granul\u00e9s. Les ouvertures sont en double vitrage.  <\/p>\n<p> Les informations sur les risques auxquels ce bien est expos\u00e9 sont disponibles sur le site G\u00e9orisques : www.georisques.gouv.fr<\/p>\n","protected":false},"featured_media":5876452,"template":"","meta":{"_acf_changed":false},"product_cat":[17],"product_tag":[29],"secteur":[84],"transaction":[],"ville":[187],"class_list":{"0":"post-5217990","1":"product","2":"type-product","3":"status-publish","4":"has-post-thumbnail","6":"product_cat-vente-vendee-deux-sevres","7":"product_tag-maison","8":"secteur-pouzauges","9":"ville-pouzauges","11":"first","12":"instock","13":"purchasable","14":"product-type-simple"},"acf":[],"_links":{"self":[{"href":"https:\/\/bocagimmo.com\/en\/wp-json\/wp\/v2\/product\/5217990","targetHints":{"allow":["GET"]}}],"collection":[{"href":"https:\/\/bocagimmo.com\/en\/wp-json\/wp\/v2\/product"}],"about":[{"href":"https:\/\/bocagimmo.com\/en\/wp-json\/wp\/v2\/types\/product"}],"wp:featuredmedia":[{"embeddable":true,"href":"https:\/\/bocagimmo.com\/en\/wp-json\/wp\/v2\/media\/5876452"}],"wp:attachment":[{"href":"https:\/\/bocagimmo.com\/en\/wp-json\/wp\/v2\/media?parent=5217990"}],"wp:term":[{"taxonomy":"product_cat","embeddable":true,"href":"https:\/\/bocagimmo.com\/en\/wp-json\/wp\/v2\/product_cat?post=5217990"},{"taxonomy":"product_tag","embeddable":true,"href":"https:\/\/bocagimmo.com\/en\/wp-json\/wp\/v2\/product_tag?post=5217990"},{"taxonomy":"secteur","embeddable":true,"href":"https:\/\/bocagimmo.com\/en\/wp-json\/wp\/v2\/secteur?post=5217990"},{"taxonomy":"transaction","embeddable":true,"href":"https:\/\/bocagimmo.com\/en\/wp-json\/wp\/v2\/transaction?post=5217990"},{"taxonomy":"ville","embeddable":true,"href":"https:\/\/bocagimmo.com\/en\/wp-json\/wp\/v2\/ville?post=5217990"}],"curies":[{"name":"wp","href":"https:\/\/api.w.org\/{rel}","templated":true}]}}