{"id":5222549,"date":"2025-07-16T04:37:00","date_gmt":"2025-07-16T02:37:00","guid":{"rendered":"https:\/\/bocagimmo.com\/bien\/non%20class\u00e9\/pouzauges-8\/"},"modified":"2026-02-23T13:37:50","modified_gmt":"2026-02-23T12:37:50","slug":"pouzauges-2","status":"publish","type":"product","link":"https:\/\/bocagimmo.com\/en\/bien\/vente-vendee-deux-sevres\/pouzauges-2\/","title":{"rendered":"POUZAUGES"},"content":{"rendered":"<p>Votre agence immobili\u00e8re AIP POUZAUGES vous propose  :<br \/>\nCe  local commercial avec vitrine en acc\u00e8s plein pied\/ PMR avec emplacement de 1er choix et id\u00e9alement situ\u00e9 dans le centre ville. Il comprend un espace vente, une mezzanine et un sanitaire.<br \/>\nQue ce soit pour un commerce ou une activit\u00e9 de bureaux, de nombreuses possibilit\u00e9s peuvent voir le jour.<br \/>\nLa redevance annuelle de la copropri\u00e9t\u00e9 sans syndic s&#8217;\u00e9l\u00e8ve \u00e0 60\u20ac.<br \/>\nCet ensemble conviendra  parfaitement  \u00e0 un investisseur ou  un commer\u00e7ant !<\/p>\n<p>Les informations sur les risques auxquels ce bien est expos\u00e9 sont disponibles sur le site g\u00e9orisques : www.georisques.gouv.fr<\/p>\n","protected":false},"excerpt":{"rendered":"<p>Votre agence immobili\u00e8re AIP POUZAUGES vous propose  :<br \/>\nCe  local commercial avec vitrine en acc\u00e8s plein pied\/ PMR avec emplacement de 1er choix et id\u00e9alement situ\u00e9 dans le centre ville. Il comprend un espace vente, une mezzanine et un sanitaire.<br \/>\nQue ce soit pour un commerce ou une activit\u00e9 de bureaux, de nombreuses possibilit\u00e9s peuvent voir le jour.<br \/>\nLa redevance annuelle de la copropri\u00e9t\u00e9 sans syndic s&#8217;\u00e9l\u00e8ve \u00e0 60\u20ac.<br \/>\nCet ensemble conviendra  parfaitement  \u00e0 un investisseur ou  un commer\u00e7ant !<\/p>\n<p>Les informations sur les risques auxquels ce bien est expos\u00e9 sont disponibles sur le site g\u00e9orisques : www.georisques.gouv.fr<\/p>\n","protected":false},"featured_media":5876461,"template":"","meta":{"_acf_changed":false},"product_cat":[17],"product_tag":[400],"secteur":[84],"transaction":[],"ville":[187],"class_list":{"0":"post-5222549","1":"product","2":"type-product","3":"status-publish","4":"has-post-thumbnail","6":"product_cat-vente-vendee-deux-sevres","7":"product_tag-local","8":"secteur-pouzauges","9":"ville-pouzauges","11":"first","12":"instock","13":"purchasable","14":"product-type-simple"},"acf":[],"_links":{"self":[{"href":"https:\/\/bocagimmo.com\/en\/wp-json\/wp\/v2\/product\/5222549","targetHints":{"allow":["GET"]}}],"collection":[{"href":"https:\/\/bocagimmo.com\/en\/wp-json\/wp\/v2\/product"}],"about":[{"href":"https:\/\/bocagimmo.com\/en\/wp-json\/wp\/v2\/types\/product"}],"wp:featuredmedia":[{"embeddable":true,"href":"https:\/\/bocagimmo.com\/en\/wp-json\/wp\/v2\/media\/5876461"}],"wp:attachment":[{"href":"https:\/\/bocagimmo.com\/en\/wp-json\/wp\/v2\/media?parent=5222549"}],"wp:term":[{"taxonomy":"product_cat","embeddable":true,"href":"https:\/\/bocagimmo.com\/en\/wp-json\/wp\/v2\/product_cat?post=5222549"},{"taxonomy":"product_tag","embeddable":true,"href":"https:\/\/bocagimmo.com\/en\/wp-json\/wp\/v2\/product_tag?post=5222549"},{"taxonomy":"secteur","embeddable":true,"href":"https:\/\/bocagimmo.com\/en\/wp-json\/wp\/v2\/secteur?post=5222549"},{"taxonomy":"transaction","embeddable":true,"href":"https:\/\/bocagimmo.com\/en\/wp-json\/wp\/v2\/transaction?post=5222549"},{"taxonomy":"ville","embeddable":true,"href":"https:\/\/bocagimmo.com\/en\/wp-json\/wp\/v2\/ville?post=5222549"}],"curies":[{"name":"wp","href":"https:\/\/api.w.org\/{rel}","templated":true}]}}