{"id":5246784,"date":"2025-11-28T02:16:00","date_gmt":"2025-11-28T01:16:00","guid":{"rendered":"https:\/\/bocagimmo.com\/bien\/non%20class\u00e9\/axe-mauleon-cholet-dans-un-quartier-calme\/"},"modified":"2026-02-23T12:39:47","modified_gmt":"2026-02-23T11:39:47","slug":"baisse-de-prix-axe-mauleon-cholet-dans-un-quartier-calme","status":"publish","type":"product","link":"https:\/\/bocagimmo.com\/en\/bien\/vente-vendee-deux-sevres\/baisse-de-prix-axe-mauleon-cholet-dans-un-quartier-calme\/","title":{"rendered":"BAISSE DE PRIX !! AXE MAULEON \/ CHOLET &#8211; DANS UN QUARTIER CALME"},"content":{"rendered":"<p>Votre agence immobili\u00e8re AIP CERIZAY vous propose :<br \/>\nDans un quartier calme, \u00e0 15min de Maul\u00e9on et de Cholet, ce charmant plain pied de 2006. Il vous offre, sur 83m\u00b2 habitable : un salon\/s\u00e9jour avec cuisine am\u00e9nag\u00e9e (40m\u00b2), 3 chambres (11.2, 11.5 et 9.6m\u00b2), une salle de bains avec douche, WC. Un garage de 15m\u00b2.<br \/>\nL&#8217;ensemble sur une parcelle de 1230m\u00b2 enti\u00e8rement cl\u00f4tur\u00e9e  avec deux d\u00e9pendances.<br \/>\nTout \u00e0 l&#8217;\u00e9gout conforme, chauffage sol et pompe \u00e0 chaleur air\/air de 2024.<\/p>\n<p>(DPE r\u00e9alis\u00e9 avant travaux)<\/p>\n<p>Les informations sur les risques auxquels ce bien est expos\u00e9 sont disponibles sur le site g\u00e9orisques : www.georisques.gouv.fr<\/p>\n","protected":false},"excerpt":{"rendered":"<p>Votre agence immobili\u00e8re AIP CERIZAY vous propose :<br \/>\nDans un quartier calme, \u00e0 15min de Maul\u00e9on et de Cholet, ce charmant plain pied de 2006. Il vous offre, sur 83m\u00b2 habitable : un salon\/s\u00e9jour avec cuisine am\u00e9nag\u00e9e (40m\u00b2), 3 chambres (11.2, 11.5 et 9.6m\u00b2), une salle de bains avec douche, WC. Un garage de 15m\u00b2.<br \/>\nL&#8217;ensemble sur une parcelle de 1230m\u00b2 enti\u00e8rement cl\u00f4tur\u00e9e  avec deux d\u00e9pendances.<br \/>\nTout \u00e0 l&#8217;\u00e9gout conforme, chauffage sol et pompe \u00e0 chaleur air\/air de 2024.<\/p>\n<p>(DPE r\u00e9alis\u00e9 avant travaux)<\/p>\n<p>Les informations sur les risques auxquels ce bien est expos\u00e9 sont disponibles sur le site g\u00e9orisques : www.georisques.gouv.fr<\/p>\n","protected":false},"featured_media":5875964,"template":"","meta":{"_acf_changed":false},"product_cat":[17],"product_tag":[29],"secteur":[85],"transaction":[],"ville":[370],"class_list":{"0":"post-5246784","1":"product","2":"type-product","3":"status-publish","4":"has-post-thumbnail","6":"product_cat-vente-vendee-deux-sevres","7":"product_tag-maison","8":"secteur-cerizay","9":"ville-mauleon","11":"first","12":"instock","13":"purchasable","14":"product-type-simple"},"acf":[],"_links":{"self":[{"href":"https:\/\/bocagimmo.com\/en\/wp-json\/wp\/v2\/product\/5246784","targetHints":{"allow":["GET"]}}],"collection":[{"href":"https:\/\/bocagimmo.com\/en\/wp-json\/wp\/v2\/product"}],"about":[{"href":"https:\/\/bocagimmo.com\/en\/wp-json\/wp\/v2\/types\/product"}],"wp:featuredmedia":[{"embeddable":true,"href":"https:\/\/bocagimmo.com\/en\/wp-json\/wp\/v2\/media\/5875964"}],"wp:attachment":[{"href":"https:\/\/bocagimmo.com\/en\/wp-json\/wp\/v2\/media?parent=5246784"}],"wp:term":[{"taxonomy":"product_cat","embeddable":true,"href":"https:\/\/bocagimmo.com\/en\/wp-json\/wp\/v2\/product_cat?post=5246784"},{"taxonomy":"product_tag","embeddable":true,"href":"https:\/\/bocagimmo.com\/en\/wp-json\/wp\/v2\/product_tag?post=5246784"},{"taxonomy":"secteur","embeddable":true,"href":"https:\/\/bocagimmo.com\/en\/wp-json\/wp\/v2\/secteur?post=5246784"},{"taxonomy":"transaction","embeddable":true,"href":"https:\/\/bocagimmo.com\/en\/wp-json\/wp\/v2\/transaction?post=5246784"},{"taxonomy":"ville","embeddable":true,"href":"https:\/\/bocagimmo.com\/en\/wp-json\/wp\/v2\/ville?post=5246784"}],"curies":[{"name":"wp","href":"https:\/\/api.w.org\/{rel}","templated":true}]}}