{"id":5265562,"date":"2026-01-13T04:48:00","date_gmt":"2026-01-13T03:48:00","guid":{"rendered":"https:\/\/bocagimmo.com\/bien\/non%20class\u00e9\/5265562\/"},"modified":"2026-02-23T13:07:40","modified_gmt":"2026-02-23T12:07:40","slug":"5265562","status":"publish","type":"product","link":"https:\/\/bocagimmo.com\/en\/bien\/vente-vendee-deux-sevres\/5265562\/","title":{"rendered":""},"content":{"rendered":"<p>Votre agence immobili\u00e8re AIP La Ch\u00e2taigneraie vous propose :<br \/>\nCette maison de campagne mitoyenne, avec travaux \u00e0 pr\u00e9voir, qui se compose au RDC : d&#8217;une cuisine (30m\u00b2), d&#8217;un salon\/s\u00e9jour (24m\u00b2) avec po\u00eale \u00e0 bois, d&#8217;une salle de bains, WC, d&#8217;une chaufferie et d&#8217;un cellier. A l&#8217;\u00e9tage :  3 chambres (14,30m\u00b2; 12,20m\u00b2 et 12m\u00b2) , un bureau et une salle d&#8217;eau\/WC.  Toiture \u00e0 revoir. Ouvertures PVC double vitrage. Chauffage fioul (chaudi\u00e8re de 2020). Fosse septique non conforme.<br \/>\nGarage et d\u00e9pendance. Le tout sur une parcelle d&#8217;environ 1500m\u00b2.<\/p>\n<p>Les informations sur les risques auxquels ce bien est expos\u00e9 sont disponibles sur le site  g\u00e9orisques : www.georisques.gouv.fr<\/p>\n","protected":false},"excerpt":{"rendered":"<p>Votre agence immobili\u00e8re AIP La Ch\u00e2taigneraie vous propose :<br \/>\nCette maison de campagne mitoyenne, avec travaux \u00e0 pr\u00e9voir, qui se compose au RDC : d&#8217;une cuisine (30m\u00b2), d&#8217;un salon\/s\u00e9jour (24m\u00b2) avec po\u00eale \u00e0 bois, d&#8217;une salle de bains, WC, d&#8217;une chaufferie et d&#8217;un cellier. A l&#8217;\u00e9tage :  3 chambres (14,30m\u00b2; 12,20m\u00b2 et 12m\u00b2) , un bureau et une salle d&#8217;eau\/WC.  Toiture \u00e0 revoir. Ouvertures PVC double vitrage. Chauffage fioul (chaudi\u00e8re de 2020). Fosse septique non conforme.<br \/>\nGarage et d\u00e9pendance. Le tout sur une parcelle d&#8217;environ 1500m\u00b2.<\/p>\n<p>Les informations sur les risques auxquels ce bien est expos\u00e9 sont disponibles sur le site  g\u00e9orisques : www.georisques.gouv.fr<\/p>\n","protected":false},"featured_media":5876189,"template":"","meta":{"_acf_changed":false},"product_cat":[17],"product_tag":[29],"secteur":[86],"transaction":[],"ville":[456],"class_list":{"0":"post-5265562","1":"product","2":"type-product","3":"status-publish","4":"has-post-thumbnail","6":"product_cat-vente-vendee-deux-sevres","7":"product_tag-maison","8":"secteur-la-chataigneraie","9":"ville-saint-hilaire-de-voust","11":"first","12":"instock","13":"purchasable","14":"product-type-simple"},"acf":[],"_links":{"self":[{"href":"https:\/\/bocagimmo.com\/en\/wp-json\/wp\/v2\/product\/5265562","targetHints":{"allow":["GET"]}}],"collection":[{"href":"https:\/\/bocagimmo.com\/en\/wp-json\/wp\/v2\/product"}],"about":[{"href":"https:\/\/bocagimmo.com\/en\/wp-json\/wp\/v2\/types\/product"}],"wp:featuredmedia":[{"embeddable":true,"href":"https:\/\/bocagimmo.com\/en\/wp-json\/wp\/v2\/media\/5876189"}],"wp:attachment":[{"href":"https:\/\/bocagimmo.com\/en\/wp-json\/wp\/v2\/media?parent=5265562"}],"wp:term":[{"taxonomy":"product_cat","embeddable":true,"href":"https:\/\/bocagimmo.com\/en\/wp-json\/wp\/v2\/product_cat?post=5265562"},{"taxonomy":"product_tag","embeddable":true,"href":"https:\/\/bocagimmo.com\/en\/wp-json\/wp\/v2\/product_tag?post=5265562"},{"taxonomy":"secteur","embeddable":true,"href":"https:\/\/bocagimmo.com\/en\/wp-json\/wp\/v2\/secteur?post=5265562"},{"taxonomy":"transaction","embeddable":true,"href":"https:\/\/bocagimmo.com\/en\/wp-json\/wp\/v2\/transaction?post=5265562"},{"taxonomy":"ville","embeddable":true,"href":"https:\/\/bocagimmo.com\/en\/wp-json\/wp\/v2\/ville?post=5265562"}],"curies":[{"name":"wp","href":"https:\/\/api.w.org\/{rel}","templated":true}]}}