{"id":5324966,"date":"2025-07-29T05:07:00","date_gmt":"2025-07-29T03:07:00","guid":{"rendered":"https:\/\/bocagimmo.com\/bien\/non%20class\u00e9\/5324966\/"},"modified":"2026-02-23T13:07:54","modified_gmt":"2026-02-23T12:07:54","slug":"5324966","status":"publish","type":"product","link":"https:\/\/bocagimmo.com\/en\/bien\/vente-vendee-deux-sevres\/5324966\/","title":{"rendered":""},"content":{"rendered":"<p>Votre agence immobili\u00e8re AIP La Ch\u00e2taigneraie vous propose \u00e0 La Tardi\u00e8re :<br \/>\nCette maison de campagne, r\u00e9nov\u00e9e en 2019, dans un hameau de 3 maisons avec + de 2 hectares.<br \/>\nElle vous offre au RDC : un salon de 30 m\u00b2, un s\u00e9jour de 28m\u00b2 avec po\u00eale \u00e0 bois, une cuisine \u00e9quip\u00e9e de 26m\u00b2 avec po\u00eale \u00e0 bois, un bureau de 14,10m\u00b2, une chambre de 17m\u00b2, une salle de bains \/ WC de 8,60m\u00b2, une arri\u00e8re-cuisine de 10,24m\u00b2. Une sellerie, une remise, une \u00e9curie avec boxes \u00e0 chevaux de 63m\u00b2 et un atelier de 45m\u00b2. A l&#8217;\u00e9tage : 3 chambres (10m\u00b2, 13,00m\u00b2 et 14m\u00b2) et une salle d&#8217;eau\/WC de 8,10m\u00b2. Une cave en sous-sol.<br \/>\nToiture en bon \u00e9tat sur la partie habitable. Ouvertures PVC double vitrage. Volets battants bois. Chauffage po\u00eales \u00e0 bois et \u00e9lectrique.  Assainissement fosse phyto\u00e9puration conforme. Fibre en attente. Le tout sur une parcelle de 21060m\u00b2. Carri\u00e8re \u00e0 chevaux.<\/p>\n<p>Les informations sur les risques auxquels ce bien est expos\u00e9 sont disponibles sur le site G\u00e9orisques : www.georisques.gouv.fr<\/p>\n","protected":false},"excerpt":{"rendered":"<p>Votre agence immobili\u00e8re AIP La Ch\u00e2taigneraie vous propose \u00e0 La Tardi\u00e8re :<br \/>\nCette maison de campagne, r\u00e9nov\u00e9e en 2019, dans un hameau de 3 maisons avec + de 2 hectares.<br \/>\nElle vous offre au RDC : un salon de 30 m\u00b2, un s\u00e9jour de 28m\u00b2 avec po\u00eale \u00e0 bois, une cuisine \u00e9quip\u00e9e de 26m\u00b2 avec po\u00eale \u00e0 bois, un bureau de 14,10m\u00b2, une chambre de 17m\u00b2, une salle de bains \/ WC de 8,60m\u00b2, une arri\u00e8re-cuisine de 10,24m\u00b2. Une sellerie, une remise, une \u00e9curie avec boxes \u00e0 chevaux de 63m\u00b2 et un atelier de 45m\u00b2. A l&#8217;\u00e9tage : 3 chambres (10m\u00b2, 13,00m\u00b2 et 14m\u00b2) et une salle d&#8217;eau\/WC de 8,10m\u00b2. Une cave en sous-sol.<br \/>\nToiture en bon \u00e9tat sur la partie habitable. Ouvertures PVC double vitrage. Volets battants bois. Chauffage po\u00eales \u00e0 bois et \u00e9lectrique.  Assainissement fosse phyto\u00e9puration conforme. Fibre en attente. Le tout sur une parcelle de 21060m\u00b2. Carri\u00e8re \u00e0 chevaux.<\/p>\n<p>Les informations sur les risques auxquels ce bien est expos\u00e9 sont disponibles sur le site G\u00e9orisques : www.georisques.gouv.fr<\/p>\n","protected":false},"featured_media":5876208,"template":"","meta":{"_acf_changed":false},"product_cat":[17],"product_tag":[29],"secteur":[86],"transaction":[],"ville":[497],"class_list":{"0":"post-5324966","1":"product","2":"type-product","3":"status-publish","4":"has-post-thumbnail","6":"product_cat-vente-vendee-deux-sevres","7":"product_tag-maison","8":"secteur-la-chataigneraie","9":"ville-la-tardiere","11":"first","12":"instock","13":"purchasable","14":"product-type-simple"},"acf":[],"_links":{"self":[{"href":"https:\/\/bocagimmo.com\/en\/wp-json\/wp\/v2\/product\/5324966","targetHints":{"allow":["GET"]}}],"collection":[{"href":"https:\/\/bocagimmo.com\/en\/wp-json\/wp\/v2\/product"}],"about":[{"href":"https:\/\/bocagimmo.com\/en\/wp-json\/wp\/v2\/types\/product"}],"wp:featuredmedia":[{"embeddable":true,"href":"https:\/\/bocagimmo.com\/en\/wp-json\/wp\/v2\/media\/5876208"}],"wp:attachment":[{"href":"https:\/\/bocagimmo.com\/en\/wp-json\/wp\/v2\/media?parent=5324966"}],"wp:term":[{"taxonomy":"product_cat","embeddable":true,"href":"https:\/\/bocagimmo.com\/en\/wp-json\/wp\/v2\/product_cat?post=5324966"},{"taxonomy":"product_tag","embeddable":true,"href":"https:\/\/bocagimmo.com\/en\/wp-json\/wp\/v2\/product_tag?post=5324966"},{"taxonomy":"secteur","embeddable":true,"href":"https:\/\/bocagimmo.com\/en\/wp-json\/wp\/v2\/secteur?post=5324966"},{"taxonomy":"transaction","embeddable":true,"href":"https:\/\/bocagimmo.com\/en\/wp-json\/wp\/v2\/transaction?post=5324966"},{"taxonomy":"ville","embeddable":true,"href":"https:\/\/bocagimmo.com\/en\/wp-json\/wp\/v2\/ville?post=5324966"}],"curies":[{"name":"wp","href":"https:\/\/api.w.org\/{rel}","templated":true}]}}