{"id":5342516,"date":"2026-01-22T09:42:00","date_gmt":"2026-01-22T08:42:00","guid":{"rendered":"https:\/\/bocagimmo.com\/bien\/non%20class\u00e9\/maison-de-campagne-3-chambres\/"},"modified":"2026-02-23T13:38:05","modified_gmt":"2026-02-23T12:38:05","slug":"maison-de-campagne-3-chambres","status":"publish","type":"product","link":"https:\/\/bocagimmo.com\/en\/bien\/vente-vendee-deux-sevres\/maison-de-campagne-3-chambres\/","title":{"rendered":"Maison de campagne 3 chambres"},"content":{"rendered":"<p>Campagne proche LA CHATAIGNERAIE<br \/>\nVotre agence immobili\u00e8re AIP vous propose :<br \/>\nAu calme d&#8217;un hameau \u00e0 quelques minutes de la Ch\u00e2taigneraie, cette jolie maison en pierres sur un terrain de pr\u00e8s d&#8217;un hectare.<br \/>\nAvec 153m\u00b2 habitables, elle vous propose une belle pi\u00e8ce de vie lumineuse (65m\u00b2) avec espace cuisine am\u00e9nag\u00e9e (jolie cuisini\u00e8re \u00e0 bois), une chambre (avec douche, lavabo), WC. Un grand garage, une chaufferie (pompe \u00e0 chaleur neuve) et une cave. A l&#8217;\u00e9tage : un grand palier dessert 2 chambres, un s\u00e9jour, une salle de bains et un grand grenier am\u00e9nageable (53m\u00b2). Cette deuxi\u00e8me partie, \u00e0 finir de r\u00e9nover, dispose d&#8217;une entr\u00e9e ind\u00e9pendante (= g\u00eete possible).  Une d\u00e9pendance attenante en pierre (50m\u00b2), abri de jardin et poulailler compl\u00e8tent cet ensemble. Toiture bon \u00e9tat, ouvertures double vitrage, panneaux solaires (autoconsommation), chauffe-eau thermodynamique.  Environnement calme,  jardin, arbres fruitiers, prairie ouvrant sur la campagne.   A d\u00e9couvrir sans attendre !!<br \/>\nLes honoraires de l&#8217;agence sont \u00e0 la charge du vendeur.<\/p>\n<p>Les informations sur les risques auxquels ce bien est expos\u00e9 sont disponibles sur le site G\u00e9orisques : www.georisques.gouv.fr<\/p>\n","protected":false},"excerpt":{"rendered":"<p>Campagne proche LA CHATAIGNERAIE<br \/>\nVotre agence immobili\u00e8re AIP vous propose :<br \/>\nAu calme d&#8217;un hameau \u00e0 quelques minutes de la Ch\u00e2taigneraie, cette jolie maison en pierres sur un terrain de pr\u00e8s d&#8217;un hectare.<br \/>\nAvec 153m\u00b2 habitables, elle vous propose une belle pi\u00e8ce de vie lumineuse (65m\u00b2) avec espace cuisine am\u00e9nag\u00e9e (jolie cuisini\u00e8re \u00e0 bois), une chambre (avec douche, lavabo), WC. Un grand garage, une chaufferie (pompe \u00e0 chaleur neuve) et une cave. A l&#8217;\u00e9tage : un grand palier dessert 2 chambres, un s\u00e9jour, une salle de bains et un grand grenier am\u00e9nageable (53m\u00b2). Cette deuxi\u00e8me partie, \u00e0 finir de r\u00e9nover, dispose d&#8217;une entr\u00e9e ind\u00e9pendante (= g\u00eete possible).  Une d\u00e9pendance attenante en pierre (50m\u00b2), abri de jardin et poulailler compl\u00e8tent cet ensemble. Toiture bon \u00e9tat, ouvertures double vitrage, panneaux solaires (autoconsommation), chauffe-eau thermodynamique.  Environnement calme,  jardin, arbres fruitiers, prairie ouvrant sur la campagne.   A d\u00e9couvrir sans attendre !!<br \/>\nLes honoraires de l&#8217;agence sont \u00e0 la charge du vendeur.<\/p>\n<p>Les informations sur les risques auxquels ce bien est expos\u00e9 sont disponibles sur le site G\u00e9orisques : www.georisques.gouv.fr<\/p>\n","protected":false},"featured_media":5876481,"template":"","meta":{"_acf_changed":false},"product_cat":[17],"product_tag":[29],"secteur":[84],"transaction":[],"ville":[157],"class_list":{"0":"post-5342516","1":"product","2":"type-product","3":"status-publish","4":"has-post-thumbnail","6":"product_cat-vente-vendee-deux-sevres","7":"product_tag-maison","8":"secteur-pouzauges","9":"ville-la-chataigneraie","11":"first","12":"instock","13":"purchasable","14":"product-type-simple"},"acf":[],"_links":{"self":[{"href":"https:\/\/bocagimmo.com\/en\/wp-json\/wp\/v2\/product\/5342516","targetHints":{"allow":["GET"]}}],"collection":[{"href":"https:\/\/bocagimmo.com\/en\/wp-json\/wp\/v2\/product"}],"about":[{"href":"https:\/\/bocagimmo.com\/en\/wp-json\/wp\/v2\/types\/product"}],"wp:featuredmedia":[{"embeddable":true,"href":"https:\/\/bocagimmo.com\/en\/wp-json\/wp\/v2\/media\/5876481"}],"wp:attachment":[{"href":"https:\/\/bocagimmo.com\/en\/wp-json\/wp\/v2\/media?parent=5342516"}],"wp:term":[{"taxonomy":"product_cat","embeddable":true,"href":"https:\/\/bocagimmo.com\/en\/wp-json\/wp\/v2\/product_cat?post=5342516"},{"taxonomy":"product_tag","embeddable":true,"href":"https:\/\/bocagimmo.com\/en\/wp-json\/wp\/v2\/product_tag?post=5342516"},{"taxonomy":"secteur","embeddable":true,"href":"https:\/\/bocagimmo.com\/en\/wp-json\/wp\/v2\/secteur?post=5342516"},{"taxonomy":"transaction","embeddable":true,"href":"https:\/\/bocagimmo.com\/en\/wp-json\/wp\/v2\/transaction?post=5342516"},{"taxonomy":"ville","embeddable":true,"href":"https:\/\/bocagimmo.com\/en\/wp-json\/wp\/v2\/ville?post=5342516"}],"curies":[{"name":"wp","href":"https:\/\/api.w.org\/{rel}","templated":true}]}}