{"id":5343239,"date":"2026-01-22T09:38:00","date_gmt":"2026-01-22T08:38:00","guid":{"rendered":"https:\/\/bocagimmo.com\/bien\/non%20class\u00e9\/5343239\/"},"modified":"2026-02-23T13:08:12","modified_gmt":"2026-02-23T12:08:12","slug":"5343239","status":"publish","type":"product","link":"https:\/\/bocagimmo.com\/en\/bien\/vente-vendee-deux-sevres\/5343239\/","title":{"rendered":""},"content":{"rendered":"<p>Votre agence immobili\u00e8re AIP La Ch\u00e2taigneraie vous propose \u00e0 Saint Hilaire De Voust :<br \/>\nCette maison de campagne, en pierre, au calme d&#8217;un hameau sur un terrain de pr\u00e8s d&#8217;un hectare.<br \/>\nAvec 153m\u00b2 habitables, elle vous offre une belle pi\u00e8ce de vie lumineuse de 65m\u00b2 avec un espace cuisine am\u00e9nag\u00e9e (cuisini\u00e8re \u00e0 bois), une chambre de 16m\u00b2 avec douche et lavabo, WC.  A l&#8217;\u00e9tage : 2 chambres de 13m\u00b2, un s\u00e9jour, une salle de bains (baignoire + douche) et un grenier am\u00e9nageable de 53m\u00b2.  Cette 2\u00e8me partie, \u00e0 finir de r\u00e9nover, dispose d&#8217;une entr\u00e9e ind\u00e9pendante (g\u00eete possible). Garage de 54m\u00b2  et une chaufferie de 34m\u00b2. D\u00e9pendance en pierre de 50m\u00b2. Abri de jardin. Poulailler. Toiture ardoise et tuile en bon \u00e9tat. Ouvertures PVC double vitrage. Volets roulants. Panneaux solaires autoconsommation, chauffe-eau thermodynamique. Chauffage pompe \u00e0 chaleur. Le tout sur une parcelle de 9287m\u00b2 avec des arbres fruitiers.<br \/>\nLes honoraires de l&#8217;agence sont \u00e0 la charge du vendeur.<\/p>\n<p>Les informations sur les risques auxquels ce bien est expos\u00e9 sont disponibles sur le site G\u00e9orisques : www.georisques.gouv.fr<\/p>\n","protected":false},"excerpt":{"rendered":"<p>Votre agence immobili\u00e8re AIP La Ch\u00e2taigneraie vous propose \u00e0 Saint Hilaire De Voust :<br \/>\nCette maison de campagne, en pierre, au calme d&#8217;un hameau sur un terrain de pr\u00e8s d&#8217;un hectare.<br \/>\nAvec 153m\u00b2 habitables, elle vous offre une belle pi\u00e8ce de vie lumineuse de 65m\u00b2 avec un espace cuisine am\u00e9nag\u00e9e (cuisini\u00e8re \u00e0 bois), une chambre de 16m\u00b2 avec douche et lavabo, WC.  A l&#8217;\u00e9tage : 2 chambres de 13m\u00b2, un s\u00e9jour, une salle de bains (baignoire + douche) et un grenier am\u00e9nageable de 53m\u00b2.  Cette 2\u00e8me partie, \u00e0 finir de r\u00e9nover, dispose d&#8217;une entr\u00e9e ind\u00e9pendante (g\u00eete possible). Garage de 54m\u00b2  et une chaufferie de 34m\u00b2. D\u00e9pendance en pierre de 50m\u00b2. Abri de jardin. Poulailler. Toiture ardoise et tuile en bon \u00e9tat. Ouvertures PVC double vitrage. Volets roulants. Panneaux solaires autoconsommation, chauffe-eau thermodynamique. Chauffage pompe \u00e0 chaleur. Le tout sur une parcelle de 9287m\u00b2 avec des arbres fruitiers.<br \/>\nLes honoraires de l&#8217;agence sont \u00e0 la charge du vendeur.<\/p>\n<p>Les informations sur les risques auxquels ce bien est expos\u00e9 sont disponibles sur le site G\u00e9orisques : www.georisques.gouv.fr<\/p>\n","protected":false},"featured_media":5876233,"template":"","meta":{"_acf_changed":false},"product_cat":[17],"product_tag":[29],"secteur":[86],"transaction":[],"ville":[456],"class_list":{"0":"post-5343239","1":"product","2":"type-product","3":"status-publish","4":"has-post-thumbnail","6":"product_cat-vente-vendee-deux-sevres","7":"product_tag-maison","8":"secteur-la-chataigneraie","9":"ville-saint-hilaire-de-voust","11":"first","12":"instock","13":"purchasable","14":"product-type-simple"},"acf":[],"_links":{"self":[{"href":"https:\/\/bocagimmo.com\/en\/wp-json\/wp\/v2\/product\/5343239","targetHints":{"allow":["GET"]}}],"collection":[{"href":"https:\/\/bocagimmo.com\/en\/wp-json\/wp\/v2\/product"}],"about":[{"href":"https:\/\/bocagimmo.com\/en\/wp-json\/wp\/v2\/types\/product"}],"wp:featuredmedia":[{"embeddable":true,"href":"https:\/\/bocagimmo.com\/en\/wp-json\/wp\/v2\/media\/5876233"}],"wp:attachment":[{"href":"https:\/\/bocagimmo.com\/en\/wp-json\/wp\/v2\/media?parent=5343239"}],"wp:term":[{"taxonomy":"product_cat","embeddable":true,"href":"https:\/\/bocagimmo.com\/en\/wp-json\/wp\/v2\/product_cat?post=5343239"},{"taxonomy":"product_tag","embeddable":true,"href":"https:\/\/bocagimmo.com\/en\/wp-json\/wp\/v2\/product_tag?post=5343239"},{"taxonomy":"secteur","embeddable":true,"href":"https:\/\/bocagimmo.com\/en\/wp-json\/wp\/v2\/secteur?post=5343239"},{"taxonomy":"transaction","embeddable":true,"href":"https:\/\/bocagimmo.com\/en\/wp-json\/wp\/v2\/transaction?post=5343239"},{"taxonomy":"ville","embeddable":true,"href":"https:\/\/bocagimmo.com\/en\/wp-json\/wp\/v2\/ville?post=5343239"}],"curies":[{"name":"wp","href":"https:\/\/api.w.org\/{rel}","templated":true}]}}