{"id":5345905,"date":"2026-01-13T03:26:00","date_gmt":"2026-01-13T02:26:00","guid":{"rendered":"https:\/\/bocagimmo.com\/bien\/non%20class\u00e9\/renovation-recente\/"},"modified":"2026-02-23T13:38:12","modified_gmt":"2026-02-23T12:38:12","slug":"renovation-recente","status":"publish","type":"product","link":"https:\/\/bocagimmo.com\/en\/bien\/vente-vendee-deux-sevres\/renovation-recente\/","title":{"rendered":"R\u00e9novation r\u00e9cente!"},"content":{"rendered":"<p>Axe POUZAUGES \/ CERIZAY<br \/>\nVotre Agence immobili\u00e8re AIP POUZAUGES vous propose cette jolie maison avec 4 chambres. Sur 127m\u00b2 habitables, elle comprend une entr\u00e9e, un s\u00e9jour lumineux (30m\u00b2), une cuisine am\u00e9nag\u00e9e \u00e9quip\u00e9e, 3 chambres, une salle d\u2019eau, une salle de bains et WC.<br \/>\nAu sous-sol : une partie avec entr\u00e9e ind\u00e9pendante comprenant une 4\u00e8me chambre, une salle d\u2019eau, WC : Id\u00e9al pour l&#8217;accueil  de vos h\u00f4tes ou une location ! Il y a \u00e9galement une lingerie et un  garage. Le terrain, d\u2019environ 900m\u00b2, est clos.  R\u00e9novation r\u00e9cente, aucun travaux \u00e0 pr\u00e9voir, posez vos valises !<\/p>\n<p>Les informations sur les risques auxquels ce bien est expos\u00e9 sont disponibles sur le site g\u00e9orisques : www.georisques.gouv.fr<\/p>\n","protected":false},"excerpt":{"rendered":"<p>Axe POUZAUGES \/ CERIZAY<br \/>\nVotre Agence immobili\u00e8re AIP POUZAUGES vous propose cette jolie maison avec 4 chambres. Sur 127m\u00b2 habitables, elle comprend une entr\u00e9e, un s\u00e9jour lumineux (30m\u00b2), une cuisine am\u00e9nag\u00e9e \u00e9quip\u00e9e, 3 chambres, une salle d\u2019eau, une salle de bains et WC.<br \/>\nAu sous-sol : une partie avec entr\u00e9e ind\u00e9pendante comprenant une 4\u00e8me chambre, une salle d\u2019eau, WC : Id\u00e9al pour l&#8217;accueil  de vos h\u00f4tes ou une location ! Il y a \u00e9galement une lingerie et un  garage. Le terrain, d\u2019environ 900m\u00b2, est clos.  R\u00e9novation r\u00e9cente, aucun travaux \u00e0 pr\u00e9voir, posez vos valises !<\/p>\n<p>Les informations sur les risques auxquels ce bien est expos\u00e9 sont disponibles sur le site g\u00e9orisques : www.georisques.gouv.fr<\/p>\n","protected":false},"featured_media":5876491,"template":"","meta":{"_acf_changed":false},"product_cat":[17],"product_tag":[29],"secteur":[84],"transaction":[],"ville":[534],"class_list":{"0":"post-5345905","1":"product","2":"type-product","3":"status-publish","4":"has-post-thumbnail","6":"product_cat-vente-vendee-deux-sevres","7":"product_tag-maison","8":"secteur-pouzauges","9":"ville-saint-mesmin","11":"first","12":"instock","13":"purchasable","14":"product-type-simple"},"acf":[],"_links":{"self":[{"href":"https:\/\/bocagimmo.com\/en\/wp-json\/wp\/v2\/product\/5345905","targetHints":{"allow":["GET"]}}],"collection":[{"href":"https:\/\/bocagimmo.com\/en\/wp-json\/wp\/v2\/product"}],"about":[{"href":"https:\/\/bocagimmo.com\/en\/wp-json\/wp\/v2\/types\/product"}],"wp:featuredmedia":[{"embeddable":true,"href":"https:\/\/bocagimmo.com\/en\/wp-json\/wp\/v2\/media\/5876491"}],"wp:attachment":[{"href":"https:\/\/bocagimmo.com\/en\/wp-json\/wp\/v2\/media?parent=5345905"}],"wp:term":[{"taxonomy":"product_cat","embeddable":true,"href":"https:\/\/bocagimmo.com\/en\/wp-json\/wp\/v2\/product_cat?post=5345905"},{"taxonomy":"product_tag","embeddable":true,"href":"https:\/\/bocagimmo.com\/en\/wp-json\/wp\/v2\/product_tag?post=5345905"},{"taxonomy":"secteur","embeddable":true,"href":"https:\/\/bocagimmo.com\/en\/wp-json\/wp\/v2\/secteur?post=5345905"},{"taxonomy":"transaction","embeddable":true,"href":"https:\/\/bocagimmo.com\/en\/wp-json\/wp\/v2\/transaction?post=5345905"},{"taxonomy":"ville","embeddable":true,"href":"https:\/\/bocagimmo.com\/en\/wp-json\/wp\/v2\/ville?post=5345905"}],"curies":[{"name":"wp","href":"https:\/\/api.w.org\/{rel}","templated":true}]}}