{"id":5369713,"date":"2025-07-03T09:06:00","date_gmt":"2025-07-03T07:06:00","guid":{"rendered":"https:\/\/bocagimmo.com\/bien\/non%20class\u00e9\/maison-en-campagne\/"},"modified":"2026-02-23T13:38:20","modified_gmt":"2026-02-23T12:38:20","slug":"maison-en-campagne","status":"publish","type":"product","link":"https:\/\/bocagimmo.com\/en\/bien\/vente-vendee-deux-sevres\/maison-en-campagne\/","title":{"rendered":"Maison en campagne"},"content":{"rendered":"<p>Maison 4 chambres<br \/>\nVotre agence immobili\u00e8re AIP POUZAUGES vous propose en EXCLUSIVITE :<br \/>\nCette jolie maison en pierre, au calme de la campagne, \u00e0 10 minutes de POUZAUGES. Avec 195m\u00b2 habitables, elle comprend : une cuisine am\u00e9nag\u00e9e et \u00e9quip\u00e9e ouverte sur un s\u00e9jour (45m\u00b2), 2 autres pi\u00e8ces de vie de  25 et 45m\u00b2, une arri\u00e8re-cuisine avec salle d&#8217;eau\/WC. A l&#8217;\u00e9tage : 4 chambres dont une avec salle d&#8217;eau\/WC privative ainsi qu&#8217;une deuxi\u00e8me salle d&#8217;eau\/WC. Chauffage central au fioul\/bois, ouvertures double vitrage. Double garage (45m\u00b2) et belle grange avec mezzanine (80m\u00b2), l&#8217;ensemble sur un terrain clos d&#8217;environ 3800m\u00b2 avec un puits. <\/p>\n<p>Les informations sur les risques auxquels ce bien est expos\u00e9 sont disponibles sur le site G\u00e9orisques : www.georisques.gouv.fr<\/p>\n","protected":false},"excerpt":{"rendered":"<p>Maison 4 chambres<br \/>\nVotre agence immobili\u00e8re AIP POUZAUGES vous propose en EXCLUSIVITE :<br \/>\nCette jolie maison en pierre, au calme de la campagne, \u00e0 10 minutes de POUZAUGES. Avec 195m\u00b2 habitables, elle comprend : une cuisine am\u00e9nag\u00e9e et \u00e9quip\u00e9e ouverte sur un s\u00e9jour (45m\u00b2), 2 autres pi\u00e8ces de vie de  25 et 45m\u00b2, une arri\u00e8re-cuisine avec salle d&#8217;eau\/WC. A l&#8217;\u00e9tage : 4 chambres dont une avec salle d&#8217;eau\/WC privative ainsi qu&#8217;une deuxi\u00e8me salle d&#8217;eau\/WC. Chauffage central au fioul\/bois, ouvertures double vitrage. Double garage (45m\u00b2) et belle grange avec mezzanine (80m\u00b2), l&#8217;ensemble sur un terrain clos d&#8217;environ 3800m\u00b2 avec un puits. <\/p>\n<p>Les informations sur les risques auxquels ce bien est expos\u00e9 sont disponibles sur le site G\u00e9orisques : www.georisques.gouv.fr<\/p>\n","protected":false},"featured_media":5876504,"template":"","meta":{"_acf_changed":false},"product_cat":[17],"product_tag":[29],"secteur":[84],"transaction":[],"ville":[187],"class_list":{"0":"post-5369713","1":"product","2":"type-product","3":"status-publish","4":"has-post-thumbnail","6":"product_cat-vente-vendee-deux-sevres","7":"product_tag-maison","8":"secteur-pouzauges","9":"ville-pouzauges","11":"first","12":"instock","13":"purchasable","14":"product-type-simple"},"acf":[],"_links":{"self":[{"href":"https:\/\/bocagimmo.com\/en\/wp-json\/wp\/v2\/product\/5369713","targetHints":{"allow":["GET"]}}],"collection":[{"href":"https:\/\/bocagimmo.com\/en\/wp-json\/wp\/v2\/product"}],"about":[{"href":"https:\/\/bocagimmo.com\/en\/wp-json\/wp\/v2\/types\/product"}],"wp:featuredmedia":[{"embeddable":true,"href":"https:\/\/bocagimmo.com\/en\/wp-json\/wp\/v2\/media\/5876504"}],"wp:attachment":[{"href":"https:\/\/bocagimmo.com\/en\/wp-json\/wp\/v2\/media?parent=5369713"}],"wp:term":[{"taxonomy":"product_cat","embeddable":true,"href":"https:\/\/bocagimmo.com\/en\/wp-json\/wp\/v2\/product_cat?post=5369713"},{"taxonomy":"product_tag","embeddable":true,"href":"https:\/\/bocagimmo.com\/en\/wp-json\/wp\/v2\/product_tag?post=5369713"},{"taxonomy":"secteur","embeddable":true,"href":"https:\/\/bocagimmo.com\/en\/wp-json\/wp\/v2\/secteur?post=5369713"},{"taxonomy":"transaction","embeddable":true,"href":"https:\/\/bocagimmo.com\/en\/wp-json\/wp\/v2\/transaction?post=5369713"},{"taxonomy":"ville","embeddable":true,"href":"https:\/\/bocagimmo.com\/en\/wp-json\/wp\/v2\/ville?post=5369713"}],"curies":[{"name":"wp","href":"https:\/\/api.w.org\/{rel}","templated":true}]}}