{"id":5390440,"date":"2026-01-12T05:54:00","date_gmt":"2026-01-12T04:54:00","guid":{"rendered":"https:\/\/bocagimmo.com\/bien\/non%20class\u00e9\/5390440\/"},"modified":"2026-02-23T13:38:33","modified_gmt":"2026-02-23T12:38:33","slug":"5390440","status":"publish","type":"product","link":"https:\/\/bocagimmo.com\/en\/bien\/vente-vendee-deux-sevres\/5390440\/","title":{"rendered":""},"content":{"rendered":"<p>Votre agence immobili\u00e8re AIP POUZAUGES vous propose EN EXCLUSIVITE :<br \/>\nCette jolie maison sur sous sol, avec acc\u00e8s plain pied, id\u00e9alement situ\u00e9e dans un quartier calme de POUZAUGES !<br \/>\nElle vous offre une entr\u00e9e, un salon \/  s\u00e9jour avec po\u00eale \u00e0 granul\u00e9s, une cuisine am\u00e9nag\u00e9e et \u00e9quip\u00e9e, une grande v\u00e9randa, trois chambres avec placard, une salle d\u2019eau et WC.<br \/>\nEn rez de jardin : un garage avec porte automatis\u00e9e, une buanderie, une remise, une chaufferie, une salle d\u2019eau, une cave. Une terrasse et un abri de jardin compl\u00e8tent ce joli terrain clos et paysager.<br \/>\nA d\u00e9couvrir sans tarder ! <\/p>\n<p>Les informations sur les risques auxquels ce bien est expos\u00e9 sont disponibles sur le site g\u00e9orisques : www.georisques.gouv.fr<\/p>\n","protected":false},"excerpt":{"rendered":"<p>Votre agence immobili\u00e8re AIP POUZAUGES vous propose EN EXCLUSIVITE :<br \/>\nCette jolie maison sur sous sol, avec acc\u00e8s plain pied, id\u00e9alement situ\u00e9e dans un quartier calme de POUZAUGES !<br \/>\nElle vous offre une entr\u00e9e, un salon \/  s\u00e9jour avec po\u00eale \u00e0 granul\u00e9s, une cuisine am\u00e9nag\u00e9e et \u00e9quip\u00e9e, une grande v\u00e9randa, trois chambres avec placard, une salle d\u2019eau et WC.<br \/>\nEn rez de jardin : un garage avec porte automatis\u00e9e, une buanderie, une remise, une chaufferie, une salle d\u2019eau, une cave. Une terrasse et un abri de jardin compl\u00e8tent ce joli terrain clos et paysager.<br \/>\nA d\u00e9couvrir sans tarder ! <\/p>\n<p>Les informations sur les risques auxquels ce bien est expos\u00e9 sont disponibles sur le site g\u00e9orisques : www.georisques.gouv.fr<\/p>\n","protected":false},"featured_media":5876523,"template":"","meta":{"_acf_changed":false},"product_cat":[17],"product_tag":[29],"secteur":[84],"transaction":[],"ville":[187],"class_list":{"0":"post-5390440","1":"product","2":"type-product","3":"status-publish","4":"has-post-thumbnail","6":"product_cat-vente-vendee-deux-sevres","7":"product_tag-maison","8":"secteur-pouzauges","9":"ville-pouzauges","11":"first","12":"instock","13":"purchasable","14":"product-type-simple"},"acf":[],"_links":{"self":[{"href":"https:\/\/bocagimmo.com\/en\/wp-json\/wp\/v2\/product\/5390440","targetHints":{"allow":["GET"]}}],"collection":[{"href":"https:\/\/bocagimmo.com\/en\/wp-json\/wp\/v2\/product"}],"about":[{"href":"https:\/\/bocagimmo.com\/en\/wp-json\/wp\/v2\/types\/product"}],"wp:featuredmedia":[{"embeddable":true,"href":"https:\/\/bocagimmo.com\/en\/wp-json\/wp\/v2\/media\/5876523"}],"wp:attachment":[{"href":"https:\/\/bocagimmo.com\/en\/wp-json\/wp\/v2\/media?parent=5390440"}],"wp:term":[{"taxonomy":"product_cat","embeddable":true,"href":"https:\/\/bocagimmo.com\/en\/wp-json\/wp\/v2\/product_cat?post=5390440"},{"taxonomy":"product_tag","embeddable":true,"href":"https:\/\/bocagimmo.com\/en\/wp-json\/wp\/v2\/product_tag?post=5390440"},{"taxonomy":"secteur","embeddable":true,"href":"https:\/\/bocagimmo.com\/en\/wp-json\/wp\/v2\/secteur?post=5390440"},{"taxonomy":"transaction","embeddable":true,"href":"https:\/\/bocagimmo.com\/en\/wp-json\/wp\/v2\/transaction?post=5390440"},{"taxonomy":"ville","embeddable":true,"href":"https:\/\/bocagimmo.com\/en\/wp-json\/wp\/v2\/ville?post=5390440"}],"curies":[{"name":"wp","href":"https:\/\/api.w.org\/{rel}","templated":true}]}}