{"id":5405811,"date":"2026-01-23T04:34:00","date_gmt":"2026-01-23T03:34:00","guid":{"rendered":"https:\/\/bocagimmo.com\/bien\/non%20class\u00e9\/5405811\/"},"modified":"2026-02-23T12:40:01","modified_gmt":"2026-02-23T11:40:01","slug":"5405811","status":"publish","type":"product","link":"https:\/\/bocagimmo.com\/en\/bien\/vente-vendee-deux-sevres\/5405811\/","title":{"rendered":""},"content":{"rendered":"<p>Votre agence immobili\u00e8re AIP CERIZAY vous propose :<br \/>\nDans un hameau proche de tous commerces et \u00e9coles, cette agr\u00e9able maison de campagne, de 100m\u00b2 de plain pied, comprend : une pi\u00e8ce de vie avec chemin\u00e9e\/insert (22.30m\u00b2), une cuisine \u00e9quip\u00e9e (16.80m\u00b2), une arri\u00e8re-cuisine (8.90m\u00b2), une chaufferie\/cellier (4.20m\u00b2), WC, une salle d&#8217;eau (5m\u00b2), 3 chambres (14.10m\u00b2, 12.60m\u00b2 et 10.20m\u00b2). Terrain attenant et non attenant, pour une totalit\u00e9 de 1500m\u00b2 avec garage (92m\u00b2) et une d\u00e9pendance (22m\u00b2). Travaux d\u00e9j\u00e0 effectu\u00e9s : chauffage pompe \u00e0 chaleur (2023), r\u00e9seau hydraulique du chauffage (2018), couverture garage et d\u00e9pendance (2022) couverture de la maison (2012). Le tableau \u00e9lectrique et la VMC sont neufs. Puits raccord\u00e9 \u00e0 la maison et au garage (pr\u00e9sence d&#8217;un compteur d&#8217;eau \u00e9galement).<\/p>\n<p>Les informations sur les risques auxquels ce bien est expos\u00e9 sont disponibles sur le site g\u00e9orisques : www.georisques.gouv.fr<\/p>\n","protected":false},"excerpt":{"rendered":"<p>Votre agence immobili\u00e8re AIP CERIZAY vous propose :<br \/>\nDans un hameau proche de tous commerces et \u00e9coles, cette agr\u00e9able maison de campagne, de 100m\u00b2 de plain pied, comprend : une pi\u00e8ce de vie avec chemin\u00e9e\/insert (22.30m\u00b2), une cuisine \u00e9quip\u00e9e (16.80m\u00b2), une arri\u00e8re-cuisine (8.90m\u00b2), une chaufferie\/cellier (4.20m\u00b2), WC, une salle d&#8217;eau (5m\u00b2), 3 chambres (14.10m\u00b2, 12.60m\u00b2 et 10.20m\u00b2). Terrain attenant et non attenant, pour une totalit\u00e9 de 1500m\u00b2 avec garage (92m\u00b2) et une d\u00e9pendance (22m\u00b2). Travaux d\u00e9j\u00e0 effectu\u00e9s : chauffage pompe \u00e0 chaleur (2023), r\u00e9seau hydraulique du chauffage (2018), couverture garage et d\u00e9pendance (2022) couverture de la maison (2012). Le tableau \u00e9lectrique et la VMC sont neufs. Puits raccord\u00e9 \u00e0 la maison et au garage (pr\u00e9sence d&#8217;un compteur d&#8217;eau \u00e9galement).<\/p>\n<p>Les informations sur les risques auxquels ce bien est expos\u00e9 sont disponibles sur le site g\u00e9orisques : www.georisques.gouv.fr<\/p>\n","protected":false},"featured_media":5875985,"template":"","meta":{"_acf_changed":false},"product_cat":[17],"product_tag":[29],"secteur":[85],"transaction":[],"ville":[137],"class_list":{"0":"post-5405811","1":"product","2":"type-product","3":"status-publish","4":"has-post-thumbnail","6":"product_cat-vente-vendee-deux-sevres","7":"product_tag-maison","8":"secteur-cerizay","9":"ville-moncoutant","11":"first","12":"instock","13":"purchasable","14":"product-type-simple"},"acf":[],"_links":{"self":[{"href":"https:\/\/bocagimmo.com\/en\/wp-json\/wp\/v2\/product\/5405811","targetHints":{"allow":["GET"]}}],"collection":[{"href":"https:\/\/bocagimmo.com\/en\/wp-json\/wp\/v2\/product"}],"about":[{"href":"https:\/\/bocagimmo.com\/en\/wp-json\/wp\/v2\/types\/product"}],"wp:featuredmedia":[{"embeddable":true,"href":"https:\/\/bocagimmo.com\/en\/wp-json\/wp\/v2\/media\/5875985"}],"wp:attachment":[{"href":"https:\/\/bocagimmo.com\/en\/wp-json\/wp\/v2\/media?parent=5405811"}],"wp:term":[{"taxonomy":"product_cat","embeddable":true,"href":"https:\/\/bocagimmo.com\/en\/wp-json\/wp\/v2\/product_cat?post=5405811"},{"taxonomy":"product_tag","embeddable":true,"href":"https:\/\/bocagimmo.com\/en\/wp-json\/wp\/v2\/product_tag?post=5405811"},{"taxonomy":"secteur","embeddable":true,"href":"https:\/\/bocagimmo.com\/en\/wp-json\/wp\/v2\/secteur?post=5405811"},{"taxonomy":"transaction","embeddable":true,"href":"https:\/\/bocagimmo.com\/en\/wp-json\/wp\/v2\/transaction?post=5405811"},{"taxonomy":"ville","embeddable":true,"href":"https:\/\/bocagimmo.com\/en\/wp-json\/wp\/v2\/ville?post=5405811"}],"curies":[{"name":"wp","href":"https:\/\/api.w.org\/{rel}","templated":true}]}}