{"id":5406606,"date":"2026-01-16T05:24:00","date_gmt":"2026-01-16T04:24:00","guid":{"rendered":"https:\/\/bocagimmo.com\/bien\/non%20class\u00e9\/la-caillere-st-hilaire\/"},"modified":"2026-02-23T13:38:39","modified_gmt":"2026-02-23T12:38:39","slug":"la-caillere-st-hilaire","status":"publish","type":"product","link":"https:\/\/bocagimmo.com\/en\/bien\/vente-vendee-deux-sevres\/la-caillere-st-hilaire\/","title":{"rendered":"LA CAILLERE ST HILAIRE"},"content":{"rendered":"<p>Votre agence immobili\u00e8re AIP POUZAUGES vous propose :<br \/>\nAu c\u0153ur de la commune, cet ensemble immobilier, en pierres apparentes,  compos\u00e9 de 2 habitations. La maison  principale comprend une grande entr\u00e9e, une cuisine \u00e9quip\u00e9e, un s\u00e9jour avec chemin\u00e9e, WC. A l&#8217;\u00e9tage : 2 chambres, WC et une salle de bains. Une cave.<br \/>\nLa seconde maison comprend une pi\u00e8ce principale (cuisine \/ s\u00e9jour), un bureau, WC, salle d&#8217;eau. Les 2 grands greniers de cette maison  sont am\u00e9nageables, Un garage. un pr\u00e9au. Le terrain d&#8217;environ 500 m\u00b2 est clos et arbor\u00e9.  Ces  maisons, pleines de charme, conviendront aussi bien \u00e0 un projet familial, locatif que touristique. Une visite s&#8217;impose !<\/p>\n<p>\u00ab Les informations sur les risques auxquels ce bien est expos\u00e9 sont disponibles sur le site G\u00e9orisques : www.georisques.gouv.fr   \u00bb<\/p>\n","protected":false},"excerpt":{"rendered":"<p>Votre agence immobili\u00e8re AIP POUZAUGES vous propose :<br \/>\nAu c\u0153ur de la commune, cet ensemble immobilier, en pierres apparentes,  compos\u00e9 de 2 habitations. La maison  principale comprend une grande entr\u00e9e, une cuisine \u00e9quip\u00e9e, un s\u00e9jour avec chemin\u00e9e, WC. A l&#8217;\u00e9tage : 2 chambres, WC et une salle de bains. Une cave.<br \/>\nLa seconde maison comprend une pi\u00e8ce principale (cuisine \/ s\u00e9jour), un bureau, WC, salle d&#8217;eau. Les 2 grands greniers de cette maison  sont am\u00e9nageables, Un garage. un pr\u00e9au. Le terrain d&#8217;environ 500 m\u00b2 est clos et arbor\u00e9.  Ces  maisons, pleines de charme, conviendront aussi bien \u00e0 un projet familial, locatif que touristique. Une visite s&#8217;impose !<\/p>\n<p>\u00ab Les informations sur les risques auxquels ce bien est expos\u00e9 sont disponibles sur le site G\u00e9orisques : www.georisques.gouv.fr   \u00bb<\/p>\n","protected":false},"featured_media":5876531,"template":"","meta":{"_acf_changed":false},"product_cat":[17],"product_tag":[29],"secteur":[84],"transaction":[],"ville":[543],"class_list":{"0":"post-5406606","1":"product","2":"type-product","3":"status-publish","4":"has-post-thumbnail","6":"product_cat-vente-vendee-deux-sevres","7":"product_tag-maison","8":"secteur-pouzauges","9":"ville-la-caillere-st-hilaire","11":"first","12":"instock","13":"purchasable","14":"product-type-simple"},"acf":[],"_links":{"self":[{"href":"https:\/\/bocagimmo.com\/en\/wp-json\/wp\/v2\/product\/5406606","targetHints":{"allow":["GET"]}}],"collection":[{"href":"https:\/\/bocagimmo.com\/en\/wp-json\/wp\/v2\/product"}],"about":[{"href":"https:\/\/bocagimmo.com\/en\/wp-json\/wp\/v2\/types\/product"}],"wp:featuredmedia":[{"embeddable":true,"href":"https:\/\/bocagimmo.com\/en\/wp-json\/wp\/v2\/media\/5876531"}],"wp:attachment":[{"href":"https:\/\/bocagimmo.com\/en\/wp-json\/wp\/v2\/media?parent=5406606"}],"wp:term":[{"taxonomy":"product_cat","embeddable":true,"href":"https:\/\/bocagimmo.com\/en\/wp-json\/wp\/v2\/product_cat?post=5406606"},{"taxonomy":"product_tag","embeddable":true,"href":"https:\/\/bocagimmo.com\/en\/wp-json\/wp\/v2\/product_tag?post=5406606"},{"taxonomy":"secteur","embeddable":true,"href":"https:\/\/bocagimmo.com\/en\/wp-json\/wp\/v2\/secteur?post=5406606"},{"taxonomy":"transaction","embeddable":true,"href":"https:\/\/bocagimmo.com\/en\/wp-json\/wp\/v2\/transaction?post=5406606"},{"taxonomy":"ville","embeddable":true,"href":"https:\/\/bocagimmo.com\/en\/wp-json\/wp\/v2\/ville?post=5406606"}],"curies":[{"name":"wp","href":"https:\/\/api.w.org\/{rel}","templated":true}]}}