{"id":5417546,"date":"2025-09-04T10:31:00","date_gmt":"2025-09-04T08:31:00","guid":{"rendered":"https:\/\/bocagimmo.com\/bien\/non%20class\u00e9\/pouzauges-grand-pavillon-t2-independant\/"},"modified":"2026-02-23T13:38:49","modified_gmt":"2026-02-23T12:38:49","slug":"pouzauges-grand-pavillon-t2-independant","status":"publish","type":"product","link":"https:\/\/bocagimmo.com\/en\/bien\/vente-vendee-deux-sevres\/pouzauges-grand-pavillon-t2-independant\/","title":{"rendered":"POUZAUGES &#8211; Grand pavillon + T2 ind\u00e9pendant"},"content":{"rendered":"<p>Votre agence immobili\u00e8re AIP POUZAUGES vous propose :<br \/>\nCe pavillon sur sous-sol offrant 150m\u00b2 habitable id\u00e9alement situ\u00e9 dans la ville \u00e0 proximit\u00e9 des diff\u00e9rents services.<br \/>\nIl comprend une entr\u00e9e, un salon \/s\u00e9jour lumineux avec chemin\u00e9e, une cuisine \u00e9quip\u00e9e et am\u00e9nag\u00e9e, 4 chambres (10, 12, 12 et 18m\u00b2), une salle d&#8217;eau et WC.<br \/>\nAu sous-sol : une buanderie, un atelier, une cave, un garage avec portail \u00e9lectrique.<br \/>\nEn bonus : un logement de type 2 avec acc\u00e8s ind\u00e9pendant comprenant une pi\u00e8ce de vie avec espace cuisine, une salle d&#8217;eau avec WC, une chambre avec placard, id\u00e9al pour un jeune actif ou de la location saisonni\u00e8re !<br \/>\nToiture bon \u00e9tat, ouvertures double vitrage PVC.<br \/>\nLe tout sur un terrain clos et arbor\u00e9 d&#8217;environ 960m\u00b2 avec un cabanon en bois.<br \/>\nA d\u00e9couvrir sans tarder !<br \/>\nLes informations sur les risques auxquels ce bien est expos\u00e9 sont disponibles sur le site g\u00e9orisques : www.georisques.gouv.fr<\/p>\n","protected":false},"excerpt":{"rendered":"<p>Votre agence immobili\u00e8re AIP POUZAUGES vous propose :<br \/>\nCe pavillon sur sous-sol offrant 150m\u00b2 habitable id\u00e9alement situ\u00e9 dans la ville \u00e0 proximit\u00e9 des diff\u00e9rents services.<br \/>\nIl comprend une entr\u00e9e, un salon \/s\u00e9jour lumineux avec chemin\u00e9e, une cuisine \u00e9quip\u00e9e et am\u00e9nag\u00e9e, 4 chambres (10, 12, 12 et 18m\u00b2), une salle d&#8217;eau et WC.<br \/>\nAu sous-sol : une buanderie, un atelier, une cave, un garage avec portail \u00e9lectrique.<br \/>\nEn bonus : un logement de type 2 avec acc\u00e8s ind\u00e9pendant comprenant une pi\u00e8ce de vie avec espace cuisine, une salle d&#8217;eau avec WC, une chambre avec placard, id\u00e9al pour un jeune actif ou de la location saisonni\u00e8re !<br \/>\nToiture bon \u00e9tat, ouvertures double vitrage PVC.<br \/>\nLe tout sur un terrain clos et arbor\u00e9 d&#8217;environ 960m\u00b2 avec un cabanon en bois.<br \/>\nA d\u00e9couvrir sans tarder !<br \/>\nLes informations sur les risques auxquels ce bien est expos\u00e9 sont disponibles sur le site g\u00e9orisques : www.georisques.gouv.fr<\/p>\n","protected":false},"featured_media":5876547,"template":"","meta":{"_acf_changed":false},"product_cat":[17],"product_tag":[29],"secteur":[84],"transaction":[],"ville":[187],"class_list":{"0":"post-5417546","1":"product","2":"type-product","3":"status-publish","4":"has-post-thumbnail","6":"product_cat-vente-vendee-deux-sevres","7":"product_tag-maison","8":"secteur-pouzauges","9":"ville-pouzauges","11":"first","12":"instock","13":"purchasable","14":"product-type-simple"},"acf":[],"_links":{"self":[{"href":"https:\/\/bocagimmo.com\/en\/wp-json\/wp\/v2\/product\/5417546","targetHints":{"allow":["GET"]}}],"collection":[{"href":"https:\/\/bocagimmo.com\/en\/wp-json\/wp\/v2\/product"}],"about":[{"href":"https:\/\/bocagimmo.com\/en\/wp-json\/wp\/v2\/types\/product"}],"wp:featuredmedia":[{"embeddable":true,"href":"https:\/\/bocagimmo.com\/en\/wp-json\/wp\/v2\/media\/5876547"}],"wp:attachment":[{"href":"https:\/\/bocagimmo.com\/en\/wp-json\/wp\/v2\/media?parent=5417546"}],"wp:term":[{"taxonomy":"product_cat","embeddable":true,"href":"https:\/\/bocagimmo.com\/en\/wp-json\/wp\/v2\/product_cat?post=5417546"},{"taxonomy":"product_tag","embeddable":true,"href":"https:\/\/bocagimmo.com\/en\/wp-json\/wp\/v2\/product_tag?post=5417546"},{"taxonomy":"secteur","embeddable":true,"href":"https:\/\/bocagimmo.com\/en\/wp-json\/wp\/v2\/secteur?post=5417546"},{"taxonomy":"transaction","embeddable":true,"href":"https:\/\/bocagimmo.com\/en\/wp-json\/wp\/v2\/transaction?post=5417546"},{"taxonomy":"ville","embeddable":true,"href":"https:\/\/bocagimmo.com\/en\/wp-json\/wp\/v2\/ville?post=5417546"}],"curies":[{"name":"wp","href":"https:\/\/api.w.org\/{rel}","templated":true}]}}