{"id":5420048,"date":"2025-10-15T02:10:00","date_gmt":"2025-10-15T00:10:00","guid":{"rendered":"https:\/\/bocagimmo.com\/bien\/non%20class\u00e9\/cerizay-quartier-calme\/"},"modified":"2026-02-23T12:40:12","modified_gmt":"2026-02-23T11:40:12","slug":"cerizay-quartier-calme","status":"publish","type":"product","link":"https:\/\/bocagimmo.com\/en\/bien\/vente-vendee-deux-sevres\/cerizay-quartier-calme\/","title":{"rendered":"CERIZAY &#8211; QUARTIER CALME"},"content":{"rendered":"<p>*** D\u00e9sormais sous compromis ***<br \/>\nVotre agence immobili\u00e8re AIP CERIZAY vous propose :<br \/>\nAu calme d&#8217;une impasse, ce pavillon de 1962 comprenant, sur 75m\u00b2 habitable, une entr\u00e9e, un salon (17m\u00b2), une cuisine (15.4m\u00b2), 2 chambres (10 et 9.5m\u00b2), WC, une salle de bains (5.6m\u00b2), un bureau (8m\u00b2), un garage de 30m\u00b2 avec une cave et un grenier, en partie am\u00e9nag\u00e9, de 20m\u00b2 (possibilit\u00e9 de cr\u00e9er d&#8217;autres chambres).<br \/>\nL&#8217;ensemble sur un terrain clos et arbor\u00e9 de 531m\u00b2 avec un puits raccord\u00e9 \u00e0 la maison.<br \/>\nToiture de 2019, ouvertures PVC et volets roulants, chauffage gaz de ville de 2011, tout \u00e0 l&#8217;\u00e9gout. Travaux de rafraichissement \u00e0 pr\u00e9voir.<\/p>\n<p> Les informations sur les risques auxquels ce bien est expos\u00e9 sont disponibles sur le site G\u00e9orisques : www.georisques.gouv.fr.<\/p>\n","protected":false},"excerpt":{"rendered":"<p>*** D\u00e9sormais sous compromis ***<br \/>\nVotre agence immobili\u00e8re AIP CERIZAY vous propose :<br \/>\nAu calme d&#8217;une impasse, ce pavillon de 1962 comprenant, sur 75m\u00b2 habitable, une entr\u00e9e, un salon (17m\u00b2), une cuisine (15.4m\u00b2), 2 chambres (10 et 9.5m\u00b2), WC, une salle de bains (5.6m\u00b2), un bureau (8m\u00b2), un garage de 30m\u00b2 avec une cave et un grenier, en partie am\u00e9nag\u00e9, de 20m\u00b2 (possibilit\u00e9 de cr\u00e9er d&#8217;autres chambres).<br \/>\nL&#8217;ensemble sur un terrain clos et arbor\u00e9 de 531m\u00b2 avec un puits raccord\u00e9 \u00e0 la maison.<br \/>\nToiture de 2019, ouvertures PVC et volets roulants, chauffage gaz de ville de 2011, tout \u00e0 l&#8217;\u00e9gout. Travaux de rafraichissement \u00e0 pr\u00e9voir.<\/p>\n<p> Les informations sur les risques auxquels ce bien est expos\u00e9 sont disponibles sur le site G\u00e9orisques : www.georisques.gouv.fr.<\/p>\n","protected":false},"featured_media":5876000,"template":"","meta":{"_acf_changed":false},"product_cat":[17],"product_tag":[29],"secteur":[85],"transaction":[],"ville":[134],"class_list":{"0":"post-5420048","1":"product","2":"type-product","3":"status-publish","4":"has-post-thumbnail","6":"product_cat-vente-vendee-deux-sevres","7":"product_tag-maison","8":"secteur-cerizay","9":"ville-cerizay","11":"first","12":"instock","13":"purchasable","14":"product-type-simple"},"acf":[],"_links":{"self":[{"href":"https:\/\/bocagimmo.com\/en\/wp-json\/wp\/v2\/product\/5420048","targetHints":{"allow":["GET"]}}],"collection":[{"href":"https:\/\/bocagimmo.com\/en\/wp-json\/wp\/v2\/product"}],"about":[{"href":"https:\/\/bocagimmo.com\/en\/wp-json\/wp\/v2\/types\/product"}],"wp:featuredmedia":[{"embeddable":true,"href":"https:\/\/bocagimmo.com\/en\/wp-json\/wp\/v2\/media\/5876000"}],"wp:attachment":[{"href":"https:\/\/bocagimmo.com\/en\/wp-json\/wp\/v2\/media?parent=5420048"}],"wp:term":[{"taxonomy":"product_cat","embeddable":true,"href":"https:\/\/bocagimmo.com\/en\/wp-json\/wp\/v2\/product_cat?post=5420048"},{"taxonomy":"product_tag","embeddable":true,"href":"https:\/\/bocagimmo.com\/en\/wp-json\/wp\/v2\/product_tag?post=5420048"},{"taxonomy":"secteur","embeddable":true,"href":"https:\/\/bocagimmo.com\/en\/wp-json\/wp\/v2\/secteur?post=5420048"},{"taxonomy":"transaction","embeddable":true,"href":"https:\/\/bocagimmo.com\/en\/wp-json\/wp\/v2\/transaction?post=5420048"},{"taxonomy":"ville","embeddable":true,"href":"https:\/\/bocagimmo.com\/en\/wp-json\/wp\/v2\/ville?post=5420048"}],"curies":[{"name":"wp","href":"https:\/\/api.w.org\/{rel}","templated":true}]}}