{"id":5444606,"date":"2026-01-23T04:25:00","date_gmt":"2026-01-23T03:25:00","guid":{"rendered":"https:\/\/bocagimmo.com\/bien\/non%20class\u00e9\/exclusivite-aip-la-foret-sur-sevre\/"},"modified":"2026-02-23T12:39:05","modified_gmt":"2026-02-23T11:39:05","slug":"baisse-de-prix-exclusivite-aip","status":"publish","type":"product","link":"https:\/\/bocagimmo.com\/en\/bien\/vente-vendee-deux-sevres\/baisse-de-prix-exclusivite-aip\/","title":{"rendered":"BAISSE DE PRIX  ! EXCLUSIVITE AIP"},"content":{"rendered":"<p>BAISSE DE PRIX !!<br \/>\nVotre agence immobili\u00e8re AIP vous propose :<br \/>\nDans un quartier calme, cette belle maison r\u00e9nov\u00e9e (des ann\u00e9es 50), offrant sur 110m\u00b2 habitable :  entr\u00e9e, cuisine (15m\u00b2), salon\/s\u00e9jour (29m\u00b2), buanderie avec WC (5.5m\u00b2). A l&#8217;\u00e9tage :  3 chambres (12.5, 14.3 et 14.5m\u00b2).<br \/>\nUn garage de 23m\u00b2 et une cave en sous\/sol de 28m\u00b2. L&#8217;ensemble sur une parcelle cl\u00f4tur\u00e9e d&#8217;environ 300m\u00b2.<br \/>\nChauffage \u00e9lectrique de 2022 et po\u00eale \u00e0 pellet de 2017, double vitrage, \u00e9lectricit\u00e9 2024, tout \u00e0 l&#8217;\u00e9gout.<\/p>\n<p>Les informations sur les risques auxquels ce bien est expos\u00e9 sont disponibles sur le site G\u00e9orisques : www.georisques.gouv.fr<\/p>\n","protected":false},"excerpt":{"rendered":"<p>BAISSE DE PRIX !!<br \/>\nVotre agence immobili\u00e8re AIP vous propose :<br \/>\nDans un quartier calme, cette belle maison r\u00e9nov\u00e9e (des ann\u00e9es 50), offrant sur 110m\u00b2 habitable :  entr\u00e9e, cuisine (15m\u00b2), salon\/s\u00e9jour (29m\u00b2), buanderie avec WC (5.5m\u00b2). A l&#8217;\u00e9tage :  3 chambres (12.5, 14.3 et 14.5m\u00b2).<br \/>\nUn garage de 23m\u00b2 et une cave en sous\/sol de 28m\u00b2. L&#8217;ensemble sur une parcelle cl\u00f4tur\u00e9e d&#8217;environ 300m\u00b2.<br \/>\nChauffage \u00e9lectrique de 2022 et po\u00eale \u00e0 pellet de 2017, double vitrage, \u00e9lectricit\u00e9 2024, tout \u00e0 l&#8217;\u00e9gout.<\/p>\n<p>Les informations sur les risques auxquels ce bien est expos\u00e9 sont disponibles sur le site G\u00e9orisques : www.georisques.gouv.fr<\/p>\n","protected":false},"featured_media":5875904,"template":"","meta":{"_acf_changed":false},"product_cat":[17],"product_tag":[29],"secteur":[85],"transaction":[],"ville":[544],"class_list":{"0":"post-5444606","1":"product","2":"type-product","3":"status-publish","4":"has-post-thumbnail","6":"product_cat-vente-vendee-deux-sevres","7":"product_tag-maison","8":"secteur-cerizay","9":"ville-la-foret-sur-sevre","11":"first","12":"instock","13":"purchasable","14":"product-type-simple"},"acf":[],"_links":{"self":[{"href":"https:\/\/bocagimmo.com\/en\/wp-json\/wp\/v2\/product\/5444606","targetHints":{"allow":["GET"]}}],"collection":[{"href":"https:\/\/bocagimmo.com\/en\/wp-json\/wp\/v2\/product"}],"about":[{"href":"https:\/\/bocagimmo.com\/en\/wp-json\/wp\/v2\/types\/product"}],"wp:featuredmedia":[{"embeddable":true,"href":"https:\/\/bocagimmo.com\/en\/wp-json\/wp\/v2\/media\/5875904"}],"wp:attachment":[{"href":"https:\/\/bocagimmo.com\/en\/wp-json\/wp\/v2\/media?parent=5444606"}],"wp:term":[{"taxonomy":"product_cat","embeddable":true,"href":"https:\/\/bocagimmo.com\/en\/wp-json\/wp\/v2\/product_cat?post=5444606"},{"taxonomy":"product_tag","embeddable":true,"href":"https:\/\/bocagimmo.com\/en\/wp-json\/wp\/v2\/product_tag?post=5444606"},{"taxonomy":"secteur","embeddable":true,"href":"https:\/\/bocagimmo.com\/en\/wp-json\/wp\/v2\/secteur?post=5444606"},{"taxonomy":"transaction","embeddable":true,"href":"https:\/\/bocagimmo.com\/en\/wp-json\/wp\/v2\/transaction?post=5444606"},{"taxonomy":"ville","embeddable":true,"href":"https:\/\/bocagimmo.com\/en\/wp-json\/wp\/v2\/ville?post=5444606"}],"curies":[{"name":"wp","href":"https:\/\/api.w.org\/{rel}","templated":true}]}}