{"id":5452115,"date":"2025-10-24T04:55:00","date_gmt":"2025-10-24T02:55:00","guid":{"rendered":"https:\/\/bocagimmo.com\/bien\/non%20class\u00e9\/5452115\/"},"modified":"2026-02-23T12:40:17","modified_gmt":"2026-02-23T11:40:17","slug":"5452115","status":"publish","type":"product","link":"https:\/\/bocagimmo.com\/en\/bien\/vente-vendee-deux-sevres\/5452115\/","title":{"rendered":""},"content":{"rendered":"<p>*** D\u00e9sormais sous compromis ***<br \/>\nVotre agence immobili\u00e8re AIP CERIZAY vous propose :<br \/>\nCette maison sur sous-sol est compos\u00e9e au rdc d&#8217;une entr\u00e9e, d&#8217;une cuisine (13.80m\u00b2), d&#8217;une pi\u00e8ce de vie (19.60m\u00b2) d&#8217;une salle d&#8217;eau (5.59m\u00b2), WC et de 3 chambres (12.00, 12.00 et 12.94m\u00b2). Le sous-sol est divis\u00e9 en 3 parties : garage, chaufferie et arri\u00e8re-cuisine. Chauffage fuel (chaudi\u00e8re condensation 2017),<br \/>\nTout \u00e0 l&#8217;\u00e9gout. L&#8217;ensemble  sur une parcelle de 1600m\u00b2 avec un abri .<\/p>\n<p> Les informations sur les risques auxquels ce bien est expos\u00e9 sont disponibles sur le site G\u00e9orisques : www.georisques.gouv.fr<\/p>\n","protected":false},"excerpt":{"rendered":"<p>*** D\u00e9sormais sous compromis ***<br \/>\nVotre agence immobili\u00e8re AIP CERIZAY vous propose :<br \/>\nCette maison sur sous-sol est compos\u00e9e au rdc d&#8217;une entr\u00e9e, d&#8217;une cuisine (13.80m\u00b2), d&#8217;une pi\u00e8ce de vie (19.60m\u00b2) d&#8217;une salle d&#8217;eau (5.59m\u00b2), WC et de 3 chambres (12.00, 12.00 et 12.94m\u00b2). Le sous-sol est divis\u00e9 en 3 parties : garage, chaufferie et arri\u00e8re-cuisine. Chauffage fuel (chaudi\u00e8re condensation 2017),<br \/>\nTout \u00e0 l&#8217;\u00e9gout. L&#8217;ensemble  sur une parcelle de 1600m\u00b2 avec un abri .<\/p>\n<p> Les informations sur les risques auxquels ce bien est expos\u00e9 sont disponibles sur le site G\u00e9orisques : www.georisques.gouv.fr<\/p>\n","protected":false},"featured_media":5876007,"template":"","meta":{"_acf_changed":false},"product_cat":[17],"product_tag":[29],"secteur":[85],"transaction":[],"ville":[134],"class_list":{"0":"post-5452115","1":"product","2":"type-product","3":"status-publish","4":"has-post-thumbnail","6":"product_cat-vente-vendee-deux-sevres","7":"product_tag-maison","8":"secteur-cerizay","9":"ville-cerizay","11":"first","12":"instock","13":"purchasable","14":"product-type-simple"},"acf":[],"_links":{"self":[{"href":"https:\/\/bocagimmo.com\/en\/wp-json\/wp\/v2\/product\/5452115","targetHints":{"allow":["GET"]}}],"collection":[{"href":"https:\/\/bocagimmo.com\/en\/wp-json\/wp\/v2\/product"}],"about":[{"href":"https:\/\/bocagimmo.com\/en\/wp-json\/wp\/v2\/types\/product"}],"wp:featuredmedia":[{"embeddable":true,"href":"https:\/\/bocagimmo.com\/en\/wp-json\/wp\/v2\/media\/5876007"}],"wp:attachment":[{"href":"https:\/\/bocagimmo.com\/en\/wp-json\/wp\/v2\/media?parent=5452115"}],"wp:term":[{"taxonomy":"product_cat","embeddable":true,"href":"https:\/\/bocagimmo.com\/en\/wp-json\/wp\/v2\/product_cat?post=5452115"},{"taxonomy":"product_tag","embeddable":true,"href":"https:\/\/bocagimmo.com\/en\/wp-json\/wp\/v2\/product_tag?post=5452115"},{"taxonomy":"secteur","embeddable":true,"href":"https:\/\/bocagimmo.com\/en\/wp-json\/wp\/v2\/secteur?post=5452115"},{"taxonomy":"transaction","embeddable":true,"href":"https:\/\/bocagimmo.com\/en\/wp-json\/wp\/v2\/transaction?post=5452115"},{"taxonomy":"ville","embeddable":true,"href":"https:\/\/bocagimmo.com\/en\/wp-json\/wp\/v2\/ville?post=5452115"}],"curies":[{"name":"wp","href":"https:\/\/api.w.org\/{rel}","templated":true}]}}