{"id":5461825,"date":"2026-02-20T05:12:00","date_gmt":"2026-02-20T04:12:00","guid":{"rendered":"https:\/\/bocagimmo.com\/bien\/non%20class\u00e9\/pouzauges-6-minutes\/"},"modified":"2026-02-23T13:36:58","modified_gmt":"2026-02-23T12:36:58","slug":"pouzauges-6-minutes","status":"publish","type":"product","link":"https:\/\/bocagimmo.com\/en\/bien\/vente-vendee-deux-sevres\/pouzauges-6-minutes\/","title":{"rendered":"POUZAUGES 6 minutes"},"content":{"rendered":"<p>Votre Agence immobili\u00e8re AIP POUZAUGES vous propose ce bel ensemble immobilier \u00e0 6 minutes de POUZAUGES.<br \/>\nIl se compose de 2 logements en bon \u00e9tat g\u00e9n\u00e9ral :<br \/>\n&#8211; maison de 66m\u00b2 lou\u00e9e 470\u20ac \/mois comprenant une pi\u00e8ce de vie avec coin cuisine, WC. A l&#8217;\u00e9tage\u00a0: une chambre, un bureau, une salle d&#8217;eau et WC.<br \/>\n&#8211; maison de 113m\u00b2 lou\u00e9e 560\u20ac \/mois comprenant un salon, une cuisine et une salle d&#8217;eau\/ WC. A l&#8217;\u00e9tage : 2 chambres et une salle d&#8217;eau\/WC. Une cave, un garage,  et un jardin.<br \/>\nChaque logement est dot\u00e9 de compteurs eau et \u00e9lectricit\u00e9. Ouvertures double vitrage pvc, toiture bon \u00e9tat, r\u00e9novation r\u00e9cente.    <\/p>\n<p>Les informations sur les risques auxquels ce bien est expos\u00e9 sont disponibles sur le site G\u00e9orisques : www.georisques.gouv.fr<\/p>\n","protected":false},"excerpt":{"rendered":"<p>Votre Agence immobili\u00e8re AIP POUZAUGES vous propose ce bel ensemble immobilier \u00e0 6 minutes de POUZAUGES.<br \/>\nIl se compose de 2 logements en bon \u00e9tat g\u00e9n\u00e9ral :<br \/>\n&#8211; maison de 66m\u00b2 lou\u00e9e 470\u20ac \/mois comprenant une pi\u00e8ce de vie avec coin cuisine, WC. A l&#8217;\u00e9tage\u00a0: une chambre, un bureau, une salle d&#8217;eau et WC.<br \/>\n&#8211; maison de 113m\u00b2 lou\u00e9e 560\u20ac \/mois comprenant un salon, une cuisine et une salle d&#8217;eau\/ WC. A l&#8217;\u00e9tage : 2 chambres et une salle d&#8217;eau\/WC. Une cave, un garage,  et un jardin.<br \/>\nChaque logement est dot\u00e9 de compteurs eau et \u00e9lectricit\u00e9. Ouvertures double vitrage pvc, toiture bon \u00e9tat, r\u00e9novation r\u00e9cente.    <\/p>\n<p>Les informations sur les risques auxquels ce bien est expos\u00e9 sont disponibles sur le site G\u00e9orisques : www.georisques.gouv.fr<\/p>\n","protected":false},"featured_media":5876383,"template":"","meta":{"_acf_changed":false},"product_cat":[17],"product_tag":[29],"secteur":[84],"transaction":[],"ville":[187],"class_list":{"0":"post-5461825","1":"product","2":"type-product","3":"status-publish","4":"has-post-thumbnail","6":"product_cat-vente-vendee-deux-sevres","7":"product_tag-maison","8":"secteur-pouzauges","9":"ville-pouzauges","11":"first","12":"instock","13":"purchasable","14":"product-type-simple"},"acf":[],"_links":{"self":[{"href":"https:\/\/bocagimmo.com\/en\/wp-json\/wp\/v2\/product\/5461825","targetHints":{"allow":["GET"]}}],"collection":[{"href":"https:\/\/bocagimmo.com\/en\/wp-json\/wp\/v2\/product"}],"about":[{"href":"https:\/\/bocagimmo.com\/en\/wp-json\/wp\/v2\/types\/product"}],"wp:featuredmedia":[{"embeddable":true,"href":"https:\/\/bocagimmo.com\/en\/wp-json\/wp\/v2\/media\/5876383"}],"wp:attachment":[{"href":"https:\/\/bocagimmo.com\/en\/wp-json\/wp\/v2\/media?parent=5461825"}],"wp:term":[{"taxonomy":"product_cat","embeddable":true,"href":"https:\/\/bocagimmo.com\/en\/wp-json\/wp\/v2\/product_cat?post=5461825"},{"taxonomy":"product_tag","embeddable":true,"href":"https:\/\/bocagimmo.com\/en\/wp-json\/wp\/v2\/product_tag?post=5461825"},{"taxonomy":"secteur","embeddable":true,"href":"https:\/\/bocagimmo.com\/en\/wp-json\/wp\/v2\/secteur?post=5461825"},{"taxonomy":"transaction","embeddable":true,"href":"https:\/\/bocagimmo.com\/en\/wp-json\/wp\/v2\/transaction?post=5461825"},{"taxonomy":"ville","embeddable":true,"href":"https:\/\/bocagimmo.com\/en\/wp-json\/wp\/v2\/ville?post=5461825"}],"curies":[{"name":"wp","href":"https:\/\/api.w.org\/{rel}","templated":true}]}}