{"id":5501047,"date":"2026-01-23T04:32:00","date_gmt":"2026-01-23T03:32:00","guid":{"rendered":"https:\/\/bocagimmo.com\/bien\/non%20class\u00e9\/maison-darchitecte-a-la-campagne\/"},"modified":"2026-02-23T12:40:22","modified_gmt":"2026-02-23T11:40:22","slug":"maison-darchitecte-a-la-campagne","status":"publish","type":"product","link":"https:\/\/bocagimmo.com\/en\/bien\/vente-vendee-deux-sevres\/maison-darchitecte-a-la-campagne\/","title":{"rendered":"Maison d&#8217;architecte \u00e0 la campagne"},"content":{"rendered":"<p>Votre agence immobili\u00e8re AIP CERIZAY vous propose :<br \/>\nCette belle maison de campagne de 181m\u00b2,  sur une parcelle arbor\u00e9e de + de 5000m\u00b2. Elle comprend une entr\u00e9e (7.90m\u00b2),  un salon \/s\u00e9jour spacieux avec chemin\u00e9e et poutres apparentes (55.46m\u00b2), une cuisine am\u00e9nag\u00e9e et \u00e9quip\u00e9e (18.23m\u00b2), une arri\u00e8re-cuisine (8.46m\u00b2), WC. A l&#8217;\u00e9tage : 4 chambres (10.10, 10.16, 12.29 et 12.95m\u00b2), une salle de bains (6.74m\u00b2) et WC. En compl\u00e9ment, une grande mezzanine (env. 40m\u00b2 au sol) ainsi qu&#8217;un bureau. En sous-sol : une chaufferie (8.09m\u00b2), un double garage (39.92m\u00b2), une lingerie (6.36m\u00b2), une autre pi\u00e8ce (possibilit\u00e9 douche et WC), et une cave sur gravier (11.58m\u00b2). Vide sanitaire.<br \/>\nChauffage pompe \u00e0 chaleur (chauffage au sol). Puits raccord\u00e9 \u00e0 la maison ( + compteur d&#8217;eau). <\/p>\n<p>Les informations sur les risques auxquels ce bien est expos\u00e9 sont disponibles sur le site www.georisques.gouv.fr<\/p>\n","protected":false},"excerpt":{"rendered":"<p>Votre agence immobili\u00e8re AIP CERIZAY vous propose :<br \/>\nCette belle maison de campagne de 181m\u00b2,  sur une parcelle arbor\u00e9e de + de 5000m\u00b2. Elle comprend une entr\u00e9e (7.90m\u00b2),  un salon \/s\u00e9jour spacieux avec chemin\u00e9e et poutres apparentes (55.46m\u00b2), une cuisine am\u00e9nag\u00e9e et \u00e9quip\u00e9e (18.23m\u00b2), une arri\u00e8re-cuisine (8.46m\u00b2), WC. A l&#8217;\u00e9tage : 4 chambres (10.10, 10.16, 12.29 et 12.95m\u00b2), une salle de bains (6.74m\u00b2) et WC. En compl\u00e9ment, une grande mezzanine (env. 40m\u00b2 au sol) ainsi qu&#8217;un bureau. En sous-sol : une chaufferie (8.09m\u00b2), un double garage (39.92m\u00b2), une lingerie (6.36m\u00b2), une autre pi\u00e8ce (possibilit\u00e9 douche et WC), et une cave sur gravier (11.58m\u00b2). Vide sanitaire.<br \/>\nChauffage pompe \u00e0 chaleur (chauffage au sol). Puits raccord\u00e9 \u00e0 la maison ( + compteur d&#8217;eau). <\/p>\n<p>Les informations sur les risques auxquels ce bien est expos\u00e9 sont disponibles sur le site www.georisques.gouv.fr<\/p>\n","protected":false},"featured_media":5876015,"template":"","meta":{"_acf_changed":false},"product_cat":[17],"product_tag":[29],"secteur":[85],"transaction":[],"ville":[528],"class_list":{"0":"post-5501047","1":"product","2":"type-product","3":"status-publish","4":"has-post-thumbnail","6":"product_cat-vente-vendee-deux-sevres","7":"product_tag-maison","8":"secteur-cerizay","9":"ville-nueil-les-aubiers","11":"first","12":"instock","13":"purchasable","14":"product-type-simple"},"acf":[],"_links":{"self":[{"href":"https:\/\/bocagimmo.com\/en\/wp-json\/wp\/v2\/product\/5501047","targetHints":{"allow":["GET"]}}],"collection":[{"href":"https:\/\/bocagimmo.com\/en\/wp-json\/wp\/v2\/product"}],"about":[{"href":"https:\/\/bocagimmo.com\/en\/wp-json\/wp\/v2\/types\/product"}],"wp:featuredmedia":[{"embeddable":true,"href":"https:\/\/bocagimmo.com\/en\/wp-json\/wp\/v2\/media\/5876015"}],"wp:attachment":[{"href":"https:\/\/bocagimmo.com\/en\/wp-json\/wp\/v2\/media?parent=5501047"}],"wp:term":[{"taxonomy":"product_cat","embeddable":true,"href":"https:\/\/bocagimmo.com\/en\/wp-json\/wp\/v2\/product_cat?post=5501047"},{"taxonomy":"product_tag","embeddable":true,"href":"https:\/\/bocagimmo.com\/en\/wp-json\/wp\/v2\/product_tag?post=5501047"},{"taxonomy":"secteur","embeddable":true,"href":"https:\/\/bocagimmo.com\/en\/wp-json\/wp\/v2\/secteur?post=5501047"},{"taxonomy":"transaction","embeddable":true,"href":"https:\/\/bocagimmo.com\/en\/wp-json\/wp\/v2\/transaction?post=5501047"},{"taxonomy":"ville","embeddable":true,"href":"https:\/\/bocagimmo.com\/en\/wp-json\/wp\/v2\/ville?post=5501047"}],"curies":[{"name":"wp","href":"https:\/\/api.w.org\/{rel}","templated":true}]}}