{"id":5501966,"date":"2026-01-23T04:39:00","date_gmt":"2026-01-23T03:39:00","guid":{"rendered":"https:\/\/bocagimmo.com\/bien\/non%20class\u00e9\/dans-un-charmant-hameau-en-campagne-de-st-andre-sevre\/"},"modified":"2026-02-23T12:39:23","modified_gmt":"2026-02-23T11:39:23","slug":"dans-un-charmant-hameau-en-campagne-de-st-andre-sevre","status":"publish","type":"product","link":"https:\/\/bocagimmo.com\/en\/bien\/vente-vendee-deux-sevres\/dans-un-charmant-hameau-en-campagne-de-st-andre-sevre\/","title":{"rendered":"Dans un charmant hameau en campagne de St Andr\u00e9 \/ S\u00e8vre"},"content":{"rendered":"<p>Votre agence immobili\u00e8re AIP CERIZAY vous propose:<br \/>\nCette maison de pierre, \u00e0 r\u00e9nover, offrant sur 100m\u00b2 habitable :  une pi\u00e8ce de vie de 36m\u00b2, avec po\u00eale \u00e0 bois, ouverte sur une cuisine de 20m\u00b2, 2 chambres (18m\u00b2 et 14.5m\u00b2) et 2 salles d&#8217;eau avec WC.<br \/>\nAcc\u00e8s sur un terrain avec piscine et terrasse, le bien dispose \u00e9galement de 3 places de parking privatives.<br \/>\nFosse septique, chauffage bois.<br \/>\nLes informations sur les risques auxquels ce bien est expos\u00e9 sont disponibles sur le site G\u00e9orisques : www.georisques.gouv.fr<br \/>\nLa pr\u00e9sente annonce comporte 4 lots situ\u00e9 dans une copropri\u00e9t\u00e9 de 11 lots au total et ne faisant l&#8217;objet d&#8217;aucune proc\u00e9dure en cours cit\u00e9e \u00e0 l&#8217;article L. 721-1 du code de la construction et de l&#8217;habitation.<\/p>\n","protected":false},"excerpt":{"rendered":"<p>Votre agence immobili\u00e8re AIP CERIZAY vous propose:<br \/>\nCette maison de pierre, \u00e0 r\u00e9nover, offrant sur 100m\u00b2 habitable :  une pi\u00e8ce de vie de 36m\u00b2, avec po\u00eale \u00e0 bois, ouverte sur une cuisine de 20m\u00b2, 2 chambres (18m\u00b2 et 14.5m\u00b2) et 2 salles d&#8217;eau avec WC.<br \/>\nAcc\u00e8s sur un terrain avec piscine et terrasse, le bien dispose \u00e9galement de 3 places de parking privatives.<br \/>\nFosse septique, chauffage bois.<br \/>\nLes informations sur les risques auxquels ce bien est expos\u00e9 sont disponibles sur le site G\u00e9orisques : www.georisques.gouv.fr<br \/>\nLa pr\u00e9sente annonce comporte 4 lots situ\u00e9 dans une copropri\u00e9t\u00e9 de 11 lots au total et ne faisant l&#8217;objet d&#8217;aucune proc\u00e9dure en cours cit\u00e9e \u00e0 l&#8217;article L. 721-1 du code de la construction et de l&#8217;habitation.<\/p>\n","protected":false},"featured_media":5875930,"template":"","meta":{"_acf_changed":false},"product_cat":[17],"product_tag":[29],"secteur":[85],"transaction":[],"ville":[545],"class_list":{"0":"post-5501966","1":"product","2":"type-product","3":"status-publish","4":"has-post-thumbnail","6":"product_cat-vente-vendee-deux-sevres","7":"product_tag-maison","8":"secteur-cerizay","9":"ville-saint-andre-sur-sevre","11":"first","12":"instock","13":"purchasable","14":"product-type-simple"},"acf":[],"_links":{"self":[{"href":"https:\/\/bocagimmo.com\/en\/wp-json\/wp\/v2\/product\/5501966","targetHints":{"allow":["GET"]}}],"collection":[{"href":"https:\/\/bocagimmo.com\/en\/wp-json\/wp\/v2\/product"}],"about":[{"href":"https:\/\/bocagimmo.com\/en\/wp-json\/wp\/v2\/types\/product"}],"wp:featuredmedia":[{"embeddable":true,"href":"https:\/\/bocagimmo.com\/en\/wp-json\/wp\/v2\/media\/5875930"}],"wp:attachment":[{"href":"https:\/\/bocagimmo.com\/en\/wp-json\/wp\/v2\/media?parent=5501966"}],"wp:term":[{"taxonomy":"product_cat","embeddable":true,"href":"https:\/\/bocagimmo.com\/en\/wp-json\/wp\/v2\/product_cat?post=5501966"},{"taxonomy":"product_tag","embeddable":true,"href":"https:\/\/bocagimmo.com\/en\/wp-json\/wp\/v2\/product_tag?post=5501966"},{"taxonomy":"secteur","embeddable":true,"href":"https:\/\/bocagimmo.com\/en\/wp-json\/wp\/v2\/secteur?post=5501966"},{"taxonomy":"transaction","embeddable":true,"href":"https:\/\/bocagimmo.com\/en\/wp-json\/wp\/v2\/transaction?post=5501966"},{"taxonomy":"ville","embeddable":true,"href":"https:\/\/bocagimmo.com\/en\/wp-json\/wp\/v2\/ville?post=5501966"}],"curies":[{"name":"wp","href":"https:\/\/api.w.org\/{rel}","templated":true}]}}