{"id":5502270,"date":"2025-11-28T04:10:00","date_gmt":"2025-11-28T03:10:00","guid":{"rendered":"https:\/\/bocagimmo.com\/bien\/non%20class\u00e9\/5502270\/"},"modified":"2026-02-23T13:07:46","modified_gmt":"2026-02-23T12:07:46","slug":"5502270","status":"publish","type":"product","link":"https:\/\/bocagimmo.com\/en\/bien\/vente-vendee-deux-sevres\/5502270\/","title":{"rendered":""},"content":{"rendered":"<p>Votre agence immobili\u00e8re AIP La Ch\u00e2taigneraie vous propose :<br \/>\nCette maison de campagne, au calme, \u00e0 5 kilom\u00e8tres des commerces. Elle se compose  d&#8217;une grande pi\u00e8ce de vie (110m\u00b2) avec cuisine \u00e9quip\u00e9e\/salon\/s\u00e9jour + po\u00eale \u00e0 bois, d&#8217;une salle de bains, WC, d&#8217;une buanderie, d&#8217;une chaufferie et d&#8217;un local de stockage pour granul\u00e9s (chauffage). A l&#8217;\u00e9tage : 3 chambres de 30m\u00b2, 14,47m\u00b2 et 16m\u00b2, WC, une future salle de bains de 15,80m\u00b2 (\u00e9vacuation en attente) et une salle de jeux\/bureau de 31m\u00b2. Toiture en bon \u00e9tat. Ouvertures PVC double vitrage. Volets roulants \u00e9lectriques. Chaudi\u00e8re \u00e0 granul\u00e9s. Fosse septique conforme. Diverses d\u00e9pendances (\u00e9curie de 21,21m\u00b2, bergerie et hangar de 136m\u00b2). Le tout sur une parcelle d&#8217;environ 3000m\u00b2. Arr\u00eat bus pour le coll\u00e8ge \u00e0 proximit\u00e9. Superbe paysage. <\/p>\n<p>Les informations sur les risques auxquels ce bien est expos\u00e9 sont disponibles sur le site  g\u00e9orisques : www.georisques.gouv.fr<\/p>\n","protected":false},"excerpt":{"rendered":"<p>Votre agence immobili\u00e8re AIP La Ch\u00e2taigneraie vous propose :<br \/>\nCette maison de campagne, au calme, \u00e0 5 kilom\u00e8tres des commerces. Elle se compose  d&#8217;une grande pi\u00e8ce de vie (110m\u00b2) avec cuisine \u00e9quip\u00e9e\/salon\/s\u00e9jour + po\u00eale \u00e0 bois, d&#8217;une salle de bains, WC, d&#8217;une buanderie, d&#8217;une chaufferie et d&#8217;un local de stockage pour granul\u00e9s (chauffage). A l&#8217;\u00e9tage : 3 chambres de 30m\u00b2, 14,47m\u00b2 et 16m\u00b2, WC, une future salle de bains de 15,80m\u00b2 (\u00e9vacuation en attente) et une salle de jeux\/bureau de 31m\u00b2. Toiture en bon \u00e9tat. Ouvertures PVC double vitrage. Volets roulants \u00e9lectriques. Chaudi\u00e8re \u00e0 granul\u00e9s. Fosse septique conforme. Diverses d\u00e9pendances (\u00e9curie de 21,21m\u00b2, bergerie et hangar de 136m\u00b2). Le tout sur une parcelle d&#8217;environ 3000m\u00b2. Arr\u00eat bus pour le coll\u00e8ge \u00e0 proximit\u00e9. Superbe paysage. <\/p>\n<p>Les informations sur les risques auxquels ce bien est expos\u00e9 sont disponibles sur le site  g\u00e9orisques : www.georisques.gouv.fr<\/p>\n","protected":false},"featured_media":5876198,"template":"","meta":{"_acf_changed":false},"product_cat":[17],"product_tag":[29],"secteur":[86],"transaction":[],"ville":[546],"class_list":{"0":"post-5502270","1":"product","2":"type-product","3":"status-publish","4":"has-post-thumbnail","6":"product_cat-vente-vendee-deux-sevres","7":"product_tag-maison","8":"secteur-la-chataigneraie","9":"ville-la-chapelle-aux-lys","11":"first","12":"instock","13":"purchasable","14":"product-type-simple"},"acf":[],"_links":{"self":[{"href":"https:\/\/bocagimmo.com\/en\/wp-json\/wp\/v2\/product\/5502270","targetHints":{"allow":["GET"]}}],"collection":[{"href":"https:\/\/bocagimmo.com\/en\/wp-json\/wp\/v2\/product"}],"about":[{"href":"https:\/\/bocagimmo.com\/en\/wp-json\/wp\/v2\/types\/product"}],"wp:featuredmedia":[{"embeddable":true,"href":"https:\/\/bocagimmo.com\/en\/wp-json\/wp\/v2\/media\/5876198"}],"wp:attachment":[{"href":"https:\/\/bocagimmo.com\/en\/wp-json\/wp\/v2\/media?parent=5502270"}],"wp:term":[{"taxonomy":"product_cat","embeddable":true,"href":"https:\/\/bocagimmo.com\/en\/wp-json\/wp\/v2\/product_cat?post=5502270"},{"taxonomy":"product_tag","embeddable":true,"href":"https:\/\/bocagimmo.com\/en\/wp-json\/wp\/v2\/product_tag?post=5502270"},{"taxonomy":"secteur","embeddable":true,"href":"https:\/\/bocagimmo.com\/en\/wp-json\/wp\/v2\/secteur?post=5502270"},{"taxonomy":"transaction","embeddable":true,"href":"https:\/\/bocagimmo.com\/en\/wp-json\/wp\/v2\/transaction?post=5502270"},{"taxonomy":"ville","embeddable":true,"href":"https:\/\/bocagimmo.com\/en\/wp-json\/wp\/v2\/ville?post=5502270"}],"curies":[{"name":"wp","href":"https:\/\/api.w.org\/{rel}","templated":true}]}}