{"id":5503216,"date":"2025-09-03T03:18:00","date_gmt":"2025-09-03T01:18:00","guid":{"rendered":"https:\/\/bocagimmo.com\/bien\/non%20class\u00e9\/belle-maison-en-campagne\/"},"modified":"2026-02-23T13:06:58","modified_gmt":"2026-02-23T12:06:58","slug":"belle-maison-en-campagne","status":"publish","type":"product","link":"https:\/\/bocagimmo.com\/en\/bien\/vente-vendee-deux-sevres\/belle-maison-en-campagne\/","title":{"rendered":"Belle maison en campagne"},"content":{"rendered":"<p>BAISSE DE PRIX !<br \/>\nVotre agence immobili\u00e8re AIP LA CHATAIGNERAIE vous propose :<br \/>\nCette belle maison en campagne au bord d&#8217;une rivi\u00e8re(ancien moulin), qui vous offre un salon de 15,00m\u00b2, un beau s\u00e9jour \/cuisine am\u00e9nag\u00e9e et \u00e9quip\u00e9e de 38,00m\u00b2 ,WC, une salle d&#8217;eau, 2  chambres (avec chacune une salle d&#8217;eau privative\/WC). Cave en sous-sol. Les ouvertures sont en double vitrage. Pr\u00e9au et d\u00e9pendance. Fosse septique non conforme. Le tout sur une parcelle de 1296m\u00b2. <\/p>\n<p>Les informations sur les risques auxquels ce bien est expos\u00e9 sont disponibles sur le site :  www.georisques.gouv.fr<\/p>\n","protected":false},"excerpt":{"rendered":"<p>BAISSE DE PRIX !<br \/>\nVotre agence immobili\u00e8re AIP LA CHATAIGNERAIE vous propose :<br \/>\nCette belle maison en campagne au bord d&#8217;une rivi\u00e8re(ancien moulin), qui vous offre un salon de 15,00m\u00b2, un beau s\u00e9jour \/cuisine am\u00e9nag\u00e9e et \u00e9quip\u00e9e de 38,00m\u00b2 ,WC, une salle d&#8217;eau, 2  chambres (avec chacune une salle d&#8217;eau privative\/WC). Cave en sous-sol. Les ouvertures sont en double vitrage. Pr\u00e9au et d\u00e9pendance. Fosse septique non conforme. Le tout sur une parcelle de 1296m\u00b2. <\/p>\n<p>Les informations sur les risques auxquels ce bien est expos\u00e9 sont disponibles sur le site :  www.georisques.gouv.fr<\/p>\n","protected":false},"featured_media":5876132,"template":"","meta":{"_acf_changed":false},"product_cat":[17],"product_tag":[29],"secteur":[86],"transaction":[],"ville":[547],"class_list":{"0":"post-5503216","1":"product","2":"type-product","3":"status-publish","4":"has-post-thumbnail","6":"product_cat-vente-vendee-deux-sevres","7":"product_tag-maison","8":"secteur-la-chataigneraie","9":"ville-terval","11":"first","12":"instock","13":"purchasable","14":"product-type-simple"},"acf":[],"_links":{"self":[{"href":"https:\/\/bocagimmo.com\/en\/wp-json\/wp\/v2\/product\/5503216","targetHints":{"allow":["GET"]}}],"collection":[{"href":"https:\/\/bocagimmo.com\/en\/wp-json\/wp\/v2\/product"}],"about":[{"href":"https:\/\/bocagimmo.com\/en\/wp-json\/wp\/v2\/types\/product"}],"wp:featuredmedia":[{"embeddable":true,"href":"https:\/\/bocagimmo.com\/en\/wp-json\/wp\/v2\/media\/5876132"}],"wp:attachment":[{"href":"https:\/\/bocagimmo.com\/en\/wp-json\/wp\/v2\/media?parent=5503216"}],"wp:term":[{"taxonomy":"product_cat","embeddable":true,"href":"https:\/\/bocagimmo.com\/en\/wp-json\/wp\/v2\/product_cat?post=5503216"},{"taxonomy":"product_tag","embeddable":true,"href":"https:\/\/bocagimmo.com\/en\/wp-json\/wp\/v2\/product_tag?post=5503216"},{"taxonomy":"secteur","embeddable":true,"href":"https:\/\/bocagimmo.com\/en\/wp-json\/wp\/v2\/secteur?post=5503216"},{"taxonomy":"transaction","embeddable":true,"href":"https:\/\/bocagimmo.com\/en\/wp-json\/wp\/v2\/transaction?post=5503216"},{"taxonomy":"ville","embeddable":true,"href":"https:\/\/bocagimmo.com\/en\/wp-json\/wp\/v2\/ville?post=5503216"}],"curies":[{"name":"wp","href":"https:\/\/api.w.org\/{rel}","templated":true}]}}