{"id":5506080,"date":"2025-11-14T06:18:00","date_gmt":"2025-11-14T05:18:00","guid":{"rendered":"https:\/\/bocagimmo.com\/bien\/non%20class\u00e9\/pouzauges-jolie-vue\/"},"modified":"2026-02-23T13:39:00","modified_gmt":"2026-02-23T12:39:00","slug":"pouzauges-jolie-vue","status":"publish","type":"product","link":"https:\/\/bocagimmo.com\/en\/bien\/vente-vendee-deux-sevres\/pouzauges-jolie-vue\/","title":{"rendered":"POUZAUGES &#8211; Jolie vue!"},"content":{"rendered":"<p>POUZAUGES<br \/>\nVotre agence immobili\u00e8re AIP POUZAUGES vous propose :<br \/>\ncette belle propri\u00e9t\u00e9, situ\u00e9e sur les hauteurs de POUZAUGES, d&#8217;o\u00f9 vous pourrez profiter d&#8217;une jolie vue sur le bocage.<br \/>\nSur 115m\u00b2 habitables, elle comprend une entr\u00e9e, un s\u00e9jour donnant acc\u00e8s \u00e0 un balcon\/terrasse avec vue d\u00e9gag\u00e9e, une cuisine am\u00e9nag\u00e9e , trois belles chambres (11,  13 et 18 m\u00b2), un bureau, une salle d&#8217;eau et WC. En rez de jardin : un garage avec portail automatis\u00e9, une pi\u00e8ce, une chaufferie (Fioul \u00e0 condensation) et une cave.<br \/>\nMaison en bon \u00e9tat, ouvertures double vitrage PVC, ascenseur. Le tout sur un terrain de pr\u00e8s de 1300m\u00b2. <\/p>\n<p>Les informations sur les risques auxquels ce bien est expos\u00e9 sont disponibles sur le site g\u00e9orisques : www.georisques.gouv.fr<\/p>\n","protected":false},"excerpt":{"rendered":"<p>POUZAUGES<br \/>\nVotre agence immobili\u00e8re AIP POUZAUGES vous propose :<br \/>\ncette belle propri\u00e9t\u00e9, situ\u00e9e sur les hauteurs de POUZAUGES, d&#8217;o\u00f9 vous pourrez profiter d&#8217;une jolie vue sur le bocage.<br \/>\nSur 115m\u00b2 habitables, elle comprend une entr\u00e9e, un s\u00e9jour donnant acc\u00e8s \u00e0 un balcon\/terrasse avec vue d\u00e9gag\u00e9e, une cuisine am\u00e9nag\u00e9e , trois belles chambres (11,  13 et 18 m\u00b2), un bureau, une salle d&#8217;eau et WC. En rez de jardin : un garage avec portail automatis\u00e9, une pi\u00e8ce, une chaufferie (Fioul \u00e0 condensation) et une cave.<br \/>\nMaison en bon \u00e9tat, ouvertures double vitrage PVC, ascenseur. Le tout sur un terrain de pr\u00e8s de 1300m\u00b2. <\/p>\n<p>Les informations sur les risques auxquels ce bien est expos\u00e9 sont disponibles sur le site g\u00e9orisques : www.georisques.gouv.fr<\/p>\n","protected":false},"featured_media":5876562,"template":"","meta":{"_acf_changed":false},"product_cat":[17],"product_tag":[29],"secteur":[84],"transaction":[],"ville":[187],"class_list":{"0":"post-5506080","1":"product","2":"type-product","3":"status-publish","4":"has-post-thumbnail","6":"product_cat-vente-vendee-deux-sevres","7":"product_tag-maison","8":"secteur-pouzauges","9":"ville-pouzauges","11":"first","12":"instock","13":"purchasable","14":"product-type-simple"},"acf":[],"_links":{"self":[{"href":"https:\/\/bocagimmo.com\/en\/wp-json\/wp\/v2\/product\/5506080","targetHints":{"allow":["GET"]}}],"collection":[{"href":"https:\/\/bocagimmo.com\/en\/wp-json\/wp\/v2\/product"}],"about":[{"href":"https:\/\/bocagimmo.com\/en\/wp-json\/wp\/v2\/types\/product"}],"wp:featuredmedia":[{"embeddable":true,"href":"https:\/\/bocagimmo.com\/en\/wp-json\/wp\/v2\/media\/5876562"}],"wp:attachment":[{"href":"https:\/\/bocagimmo.com\/en\/wp-json\/wp\/v2\/media?parent=5506080"}],"wp:term":[{"taxonomy":"product_cat","embeddable":true,"href":"https:\/\/bocagimmo.com\/en\/wp-json\/wp\/v2\/product_cat?post=5506080"},{"taxonomy":"product_tag","embeddable":true,"href":"https:\/\/bocagimmo.com\/en\/wp-json\/wp\/v2\/product_tag?post=5506080"},{"taxonomy":"secteur","embeddable":true,"href":"https:\/\/bocagimmo.com\/en\/wp-json\/wp\/v2\/secteur?post=5506080"},{"taxonomy":"transaction","embeddable":true,"href":"https:\/\/bocagimmo.com\/en\/wp-json\/wp\/v2\/transaction?post=5506080"},{"taxonomy":"ville","embeddable":true,"href":"https:\/\/bocagimmo.com\/en\/wp-json\/wp\/v2\/ville?post=5506080"}],"curies":[{"name":"wp","href":"https:\/\/api.w.org\/{rel}","templated":true}]}}