{"id":5531742,"date":"2025-11-28T02:13:00","date_gmt":"2025-11-28T01:13:00","guid":{"rendered":"https:\/\/bocagimmo.com\/bien\/non%20class\u00e9\/grande-maison-proche-des-ecoles-et-commerces\/"},"modified":"2026-02-23T12:40:29","modified_gmt":"2026-02-23T11:40:29","slug":"grande-maison-proche-des-ecoles-et-commerces","status":"publish","type":"product","link":"https:\/\/bocagimmo.com\/en\/bien\/vente-vendee-deux-sevres\/grande-maison-proche-des-ecoles-et-commerces\/","title":{"rendered":"Grande maison proche des \u00e9coles et commerces"},"content":{"rendered":"<p>Votre agence immobili\u00e8re AIP CERIZAY vous propose :<br \/>\nCette belle maison spacieuse, proche des \u00e9coles et commerces dans un cadre paisible et arbor\u00e9, sans vis \u00e0 vis.<br \/>\nElle est compos\u00e9e d&#8217;un beau s\u00e9jour avec po\u00eale \u00e0 bois (41.38m\u00b2), d&#8217;une grande cuisine toute \u00e9quip\u00e9e (40.72m\u00b2), d&#8217;un salon avec plafond cath\u00e9drale et une baie toute hauteur (30.86m\u00b2) surplomb\u00e9 d&#8217;une mezzanine (23.29m\u00b2), d&#8217;une salle d&#8217;eau avec WC (6.20m\u00b2) et d&#8217;une chambre (14.44m\u00b2). A l&#8217;\u00e9tage : 3 chambres (20.90m\u00b2, 13.74m\u00b2 et 12.87m\u00b2) dont 2 avec dressing, une salle d&#8217;eau avec WC (6.86m\u00b2) et 2 placards. Dans la 2\u00e8me partie de la maison vous trouverez une cave (4.70m\u00b2), une chaufferie (16.04m\u00b2) et un double garage (30.04m\u00b2) et \u00e0 l&#8217;\u00e9tage une chambre (16.84m\u00b2) et une grande pi\u00e8ce avec placard \u00e0 am\u00e9nager selon vos besoins (28.48m\u00b2).<br \/>\nPompes \u00e0 chaleur a\u00e9rothermiques r\u00e9versibles (chauffage et climatisation), menuiseries double vitrage avec volets roulants \u00e9lectriques.<br \/>\nUne terrasse carrel\u00e9e de 17m\u00b2, couverte et \u00e9quip\u00e9e d&#8217;un barbecue et une autre en bois de 24m\u00b2 compl\u00e8tent le tout, ainsi qu&#8217;un second double garage. L&#8217;ensemble  sur une parcelle de 2956m\u00b2. <\/p>\n<p>Les informations sur les risques auxquels ce bien est expos\u00e9 sont disponibles sur le site g\u00e9orisques : www.georisques.gouv.fr<\/p>\n","protected":false},"excerpt":{"rendered":"<p>Votre agence immobili\u00e8re AIP CERIZAY vous propose :<br \/>\nCette belle maison spacieuse, proche des \u00e9coles et commerces dans un cadre paisible et arbor\u00e9, sans vis \u00e0 vis.<br \/>\nElle est compos\u00e9e d&#8217;un beau s\u00e9jour avec po\u00eale \u00e0 bois (41.38m\u00b2), d&#8217;une grande cuisine toute \u00e9quip\u00e9e (40.72m\u00b2), d&#8217;un salon avec plafond cath\u00e9drale et une baie toute hauteur (30.86m\u00b2) surplomb\u00e9 d&#8217;une mezzanine (23.29m\u00b2), d&#8217;une salle d&#8217;eau avec WC (6.20m\u00b2) et d&#8217;une chambre (14.44m\u00b2). A l&#8217;\u00e9tage : 3 chambres (20.90m\u00b2, 13.74m\u00b2 et 12.87m\u00b2) dont 2 avec dressing, une salle d&#8217;eau avec WC (6.86m\u00b2) et 2 placards. Dans la 2\u00e8me partie de la maison vous trouverez une cave (4.70m\u00b2), une chaufferie (16.04m\u00b2) et un double garage (30.04m\u00b2) et \u00e0 l&#8217;\u00e9tage une chambre (16.84m\u00b2) et une grande pi\u00e8ce avec placard \u00e0 am\u00e9nager selon vos besoins (28.48m\u00b2).<br \/>\nPompes \u00e0 chaleur a\u00e9rothermiques r\u00e9versibles (chauffage et climatisation), menuiseries double vitrage avec volets roulants \u00e9lectriques.<br \/>\nUne terrasse carrel\u00e9e de 17m\u00b2, couverte et \u00e9quip\u00e9e d&#8217;un barbecue et une autre en bois de 24m\u00b2 compl\u00e8tent le tout, ainsi qu&#8217;un second double garage. L&#8217;ensemble  sur une parcelle de 2956m\u00b2. <\/p>\n<p>Les informations sur les risques auxquels ce bien est expos\u00e9 sont disponibles sur le site g\u00e9orisques : www.georisques.gouv.fr<\/p>\n","protected":false},"featured_media":5876024,"template":"","meta":{"_acf_changed":false},"product_cat":[17],"product_tag":[29],"secteur":[85],"transaction":[],"ville":[134],"class_list":{"0":"post-5531742","1":"product","2":"type-product","3":"status-publish","4":"has-post-thumbnail","6":"product_cat-vente-vendee-deux-sevres","7":"product_tag-maison","8":"secteur-cerizay","9":"ville-cerizay","11":"first","12":"instock","13":"purchasable","14":"product-type-simple"},"acf":[],"_links":{"self":[{"href":"https:\/\/bocagimmo.com\/en\/wp-json\/wp\/v2\/product\/5531742","targetHints":{"allow":["GET"]}}],"collection":[{"href":"https:\/\/bocagimmo.com\/en\/wp-json\/wp\/v2\/product"}],"about":[{"href":"https:\/\/bocagimmo.com\/en\/wp-json\/wp\/v2\/types\/product"}],"wp:featuredmedia":[{"embeddable":true,"href":"https:\/\/bocagimmo.com\/en\/wp-json\/wp\/v2\/media\/5876024"}],"wp:attachment":[{"href":"https:\/\/bocagimmo.com\/en\/wp-json\/wp\/v2\/media?parent=5531742"}],"wp:term":[{"taxonomy":"product_cat","embeddable":true,"href":"https:\/\/bocagimmo.com\/en\/wp-json\/wp\/v2\/product_cat?post=5531742"},{"taxonomy":"product_tag","embeddable":true,"href":"https:\/\/bocagimmo.com\/en\/wp-json\/wp\/v2\/product_tag?post=5531742"},{"taxonomy":"secteur","embeddable":true,"href":"https:\/\/bocagimmo.com\/en\/wp-json\/wp\/v2\/secteur?post=5531742"},{"taxonomy":"transaction","embeddable":true,"href":"https:\/\/bocagimmo.com\/en\/wp-json\/wp\/v2\/transaction?post=5531742"},{"taxonomy":"ville","embeddable":true,"href":"https:\/\/bocagimmo.com\/en\/wp-json\/wp\/v2\/ville?post=5531742"}],"curies":[{"name":"wp","href":"https:\/\/api.w.org\/{rel}","templated":true}]}}