{"id":5534145,"date":"2025-11-12T03:11:00","date_gmt":"2025-11-12T02:11:00","guid":{"rendered":"https:\/\/bocagimmo.com\/bien\/non%20class\u00e9\/5534145\/"},"modified":"2026-02-23T13:08:33","modified_gmt":"2026-02-23T12:08:33","slug":"5534145","status":"publish","type":"product","link":"https:\/\/bocagimmo.com\/en\/bien\/vente-vendee-deux-sevres\/5534145\/","title":{"rendered":""},"content":{"rendered":"<p>Votre agence immobili\u00e8re AIP La Ch\u00e2taigneraie vous propose \u00e0 La Tardi\u00e8re :<br \/>\nCette maison de campagne \u00e0 r\u00e9nover, sans vis-\u00e0-vis, sur une parcelle de 649m\u00b2.<br \/>\nAvec 154m\u00b2 habitable, l&#8217;habitation comprend une cuisine de 32,70m\u00b2 avec une chemin\u00e9e, un salon\/s\u00e9jour (35m\u00b2) avec une chemin\u00e9e, une salle de bains (8,80m\u00b2), WC, une arri\u00e8re-cuisine, un cellier, un garage de 37,10m\u00b2 et un atelier de 51m\u00b2 + grenier am\u00e9nageable de 51m\u00b2. A l&#8217;\u00e9tage : 3 chambres de 32m\u00b2 ; 11,40m\u00b2 et 12,30m\u00b2 dont 2 avec mezzanine, une salle d&#8217;eau\/WC et un dressing.<br \/>\nToiture \u00e0 revoir. Fosse septique non conforme. Terrain clos.  Superbe vue sur la campagne ! <\/p>\n<p>Les informations sur les risques auxquels ce bien est expos\u00e9 sont disponibles sur le site G\u00e9orisques : www.georisques.gouv.fr<\/p>\n","protected":false},"excerpt":{"rendered":"<p>Votre agence immobili\u00e8re AIP La Ch\u00e2taigneraie vous propose \u00e0 La Tardi\u00e8re :<br \/>\nCette maison de campagne \u00e0 r\u00e9nover, sans vis-\u00e0-vis, sur une parcelle de 649m\u00b2.<br \/>\nAvec 154m\u00b2 habitable, l&#8217;habitation comprend une cuisine de 32,70m\u00b2 avec une chemin\u00e9e, un salon\/s\u00e9jour (35m\u00b2) avec une chemin\u00e9e, une salle de bains (8,80m\u00b2), WC, une arri\u00e8re-cuisine, un cellier, un garage de 37,10m\u00b2 et un atelier de 51m\u00b2 + grenier am\u00e9nageable de 51m\u00b2. A l&#8217;\u00e9tage : 3 chambres de 32m\u00b2 ; 11,40m\u00b2 et 12,30m\u00b2 dont 2 avec mezzanine, une salle d&#8217;eau\/WC et un dressing.<br \/>\nToiture \u00e0 revoir. Fosse septique non conforme. Terrain clos.  Superbe vue sur la campagne ! <\/p>\n<p>Les informations sur les risques auxquels ce bien est expos\u00e9 sont disponibles sur le site G\u00e9orisques : www.georisques.gouv.fr<\/p>\n","protected":false},"featured_media":5876260,"template":"","meta":{"_acf_changed":false},"product_cat":[17],"product_tag":[29],"secteur":[86],"transaction":[],"ville":[497],"class_list":{"0":"post-5534145","1":"product","2":"type-product","3":"status-publish","4":"has-post-thumbnail","6":"product_cat-vente-vendee-deux-sevres","7":"product_tag-maison","8":"secteur-la-chataigneraie","9":"ville-la-tardiere","11":"first","12":"instock","13":"purchasable","14":"product-type-simple"},"acf":[],"_links":{"self":[{"href":"https:\/\/bocagimmo.com\/en\/wp-json\/wp\/v2\/product\/5534145","targetHints":{"allow":["GET"]}}],"collection":[{"href":"https:\/\/bocagimmo.com\/en\/wp-json\/wp\/v2\/product"}],"about":[{"href":"https:\/\/bocagimmo.com\/en\/wp-json\/wp\/v2\/types\/product"}],"wp:featuredmedia":[{"embeddable":true,"href":"https:\/\/bocagimmo.com\/en\/wp-json\/wp\/v2\/media\/5876260"}],"wp:attachment":[{"href":"https:\/\/bocagimmo.com\/en\/wp-json\/wp\/v2\/media?parent=5534145"}],"wp:term":[{"taxonomy":"product_cat","embeddable":true,"href":"https:\/\/bocagimmo.com\/en\/wp-json\/wp\/v2\/product_cat?post=5534145"},{"taxonomy":"product_tag","embeddable":true,"href":"https:\/\/bocagimmo.com\/en\/wp-json\/wp\/v2\/product_tag?post=5534145"},{"taxonomy":"secteur","embeddable":true,"href":"https:\/\/bocagimmo.com\/en\/wp-json\/wp\/v2\/secteur?post=5534145"},{"taxonomy":"transaction","embeddable":true,"href":"https:\/\/bocagimmo.com\/en\/wp-json\/wp\/v2\/transaction?post=5534145"},{"taxonomy":"ville","embeddable":true,"href":"https:\/\/bocagimmo.com\/en\/wp-json\/wp\/v2\/ville?post=5534145"}],"curies":[{"name":"wp","href":"https:\/\/api.w.org\/{rel}","templated":true}]}}