{"id":5542830,"date":"2026-01-23T10:08:00","date_gmt":"2026-01-23T09:08:00","guid":{"rendered":"https:\/\/bocagimmo.com\/bien\/non%20class\u00e9\/5542830\/"},"modified":"2026-02-23T13:08:22","modified_gmt":"2026-02-23T12:08:22","slug":"5542830","status":"publish","type":"product","link":"https:\/\/bocagimmo.com\/en\/bien\/vente-vendee-deux-sevres\/5542830\/","title":{"rendered":""},"content":{"rendered":"<p>Votre agence immobili\u00e8re AIP La Ch\u00e2taigneraie vous propose  :<br \/>\nCette grande maison \u00e0 rafraichir + un logement mitoyen sur une parcelle d&#8217;environ 2200m\u00b2 sans vis-\u00e0-vis.<br \/>\nAvec 197m\u00b2 habitables, l&#8217;habitation vous propose au RDC : une entr\u00e9e (24m\u00b2), une salle \u00e0 manger (22m\u00b2), une cuisine am\u00e9nag\u00e9e (17m\u00b2), une v\u00e9randa chauff\u00e9e (23m\u00b2), une grande chambre (24,90m\u00b2), WC, une salle d&#8217;eau et un cellier. A l&#8217;\u00e9tage : un coin toilette, un bureau, 2 chambres de 16m\u00b2 et un grenier am\u00e9nageable de 36m\u00b2 (possibilit\u00e9 de cr\u00e9er 2 chambres et une salle d&#8217;eau). Au sous-sol : une buanderie avec acc\u00e8s direct \u00e0 l&#8217;ext\u00e9rieur et une cave.<br \/>\nAvec 35m\u00b2 habitable, le logement, non lou\u00e9, se compose d&#8217;une v\u00e9randa, une cuisine ouverte sur un s\u00e9jour, une chambre, WC et coin douche.<br \/>\nD\u00e9pendance en pierre de 130m\u00b2. Garage de 40m\u00b2. Chaufferie. Ecurie.<br \/>\nToiture ardoise entretenue. Chauffage fioul (2011) et \u00e9lectrique. Fosse septique conforme (2022). Maison raccord\u00e9e au puits. Fibre. Le tout sur une parcelle arbor\u00e9e avec une superbe vue sur la campagne !<\/p>\n<p>Les informations sur les risques auxquels ce bien est expos\u00e9 sont disponibles sur le site G\u00e9orisques : www.georisques.gouv.fr<\/p>\n","protected":false},"excerpt":{"rendered":"<p>Votre agence immobili\u00e8re AIP La Ch\u00e2taigneraie vous propose  :<br \/>\nCette grande maison \u00e0 rafraichir + un logement mitoyen sur une parcelle d&#8217;environ 2200m\u00b2 sans vis-\u00e0-vis.<br \/>\nAvec 197m\u00b2 habitables, l&#8217;habitation vous propose au RDC : une entr\u00e9e (24m\u00b2), une salle \u00e0 manger (22m\u00b2), une cuisine am\u00e9nag\u00e9e (17m\u00b2), une v\u00e9randa chauff\u00e9e (23m\u00b2), une grande chambre (24,90m\u00b2), WC, une salle d&#8217;eau et un cellier. A l&#8217;\u00e9tage : un coin toilette, un bureau, 2 chambres de 16m\u00b2 et un grenier am\u00e9nageable de 36m\u00b2 (possibilit\u00e9 de cr\u00e9er 2 chambres et une salle d&#8217;eau). Au sous-sol : une buanderie avec acc\u00e8s direct \u00e0 l&#8217;ext\u00e9rieur et une cave.<br \/>\nAvec 35m\u00b2 habitable, le logement, non lou\u00e9, se compose d&#8217;une v\u00e9randa, une cuisine ouverte sur un s\u00e9jour, une chambre, WC et coin douche.<br \/>\nD\u00e9pendance en pierre de 130m\u00b2. Garage de 40m\u00b2. Chaufferie. Ecurie.<br \/>\nToiture ardoise entretenue. Chauffage fioul (2011) et \u00e9lectrique. Fosse septique conforme (2022). Maison raccord\u00e9e au puits. Fibre. Le tout sur une parcelle arbor\u00e9e avec une superbe vue sur la campagne !<\/p>\n<p>Les informations sur les risques auxquels ce bien est expos\u00e9 sont disponibles sur le site G\u00e9orisques : www.georisques.gouv.fr<\/p>\n","protected":false},"featured_media":5876247,"template":"","meta":{"_acf_changed":false},"product_cat":[17],"product_tag":[29],"secteur":[86],"transaction":[],"ville":[497],"class_list":{"0":"post-5542830","1":"product","2":"type-product","3":"status-publish","4":"has-post-thumbnail","6":"product_cat-vente-vendee-deux-sevres","7":"product_tag-maison","8":"secteur-la-chataigneraie","9":"ville-la-tardiere","11":"first","12":"instock","13":"purchasable","14":"product-type-simple"},"acf":[],"_links":{"self":[{"href":"https:\/\/bocagimmo.com\/en\/wp-json\/wp\/v2\/product\/5542830","targetHints":{"allow":["GET"]}}],"collection":[{"href":"https:\/\/bocagimmo.com\/en\/wp-json\/wp\/v2\/product"}],"about":[{"href":"https:\/\/bocagimmo.com\/en\/wp-json\/wp\/v2\/types\/product"}],"wp:featuredmedia":[{"embeddable":true,"href":"https:\/\/bocagimmo.com\/en\/wp-json\/wp\/v2\/media\/5876247"}],"wp:attachment":[{"href":"https:\/\/bocagimmo.com\/en\/wp-json\/wp\/v2\/media?parent=5542830"}],"wp:term":[{"taxonomy":"product_cat","embeddable":true,"href":"https:\/\/bocagimmo.com\/en\/wp-json\/wp\/v2\/product_cat?post=5542830"},{"taxonomy":"product_tag","embeddable":true,"href":"https:\/\/bocagimmo.com\/en\/wp-json\/wp\/v2\/product_tag?post=5542830"},{"taxonomy":"secteur","embeddable":true,"href":"https:\/\/bocagimmo.com\/en\/wp-json\/wp\/v2\/secteur?post=5542830"},{"taxonomy":"transaction","embeddable":true,"href":"https:\/\/bocagimmo.com\/en\/wp-json\/wp\/v2\/transaction?post=5542830"},{"taxonomy":"ville","embeddable":true,"href":"https:\/\/bocagimmo.com\/en\/wp-json\/wp\/v2\/ville?post=5542830"}],"curies":[{"name":"wp","href":"https:\/\/api.w.org\/{rel}","templated":true}]}}