{"id":5546665,"date":"2026-01-05T11:35:00","date_gmt":"2026-01-05T10:35:00","guid":{"rendered":"https:\/\/bocagimmo.com\/bien\/non%20class\u00e9\/5546665\/"},"modified":"2026-02-23T13:39:15","modified_gmt":"2026-02-23T12:39:15","slug":"5546665","status":"publish","type":"product","link":"https:\/\/bocagimmo.com\/en\/bien\/vente-vendee-deux-sevres\/5546665\/","title":{"rendered":""},"content":{"rendered":"<p>Votre agence immobili\u00e8re AIP POUZAUGES vous propose :<br \/>\nCette superbe long\u00e8re de 208 m\u00b2,  nich\u00e9e dans un \u00e9crin de verdure, sur plus de 5000m\u00b2.<br \/>\nId\u00e9alement situ\u00e9e en campagne (18 minutes du Puy du Fou), elle comprend une grande et chaleureuse pi\u00e8ce de vie avec salon \/ s\u00e9jour et cuisine am\u00e9nag\u00e9e  et \u00e9quip\u00e9e, une chambre avec salle d\u2019eau privative, un bureau, une buanderie, un cellier, un atelier, une cuisine d\u2019hiver.<br \/>\nA l\u2019\u00e9tage : cinq chambres, une salle de bain avec WC.<br \/>\nToiture en tr\u00e8s bon \u00e9tat, ouvertures double vitrage, chauffage assur\u00e9 par un po\u00eale de masse, chauffe-eau solaire, syst\u00e8me d\u2019assainissement phyto-\u00e9puration.<br \/>\nPoutres, chemin\u00e9es, tomettes r\u00e9v\u00e8lent tout le caract\u00e8re et l\u2019authenticit\u00e9 de cette ancienne b\u00e2tisse \u00e9difi\u00e9e au XIXe si\u00e8cle.<br \/>\nUn pr\u00e9au, deux cabanons, un puits, un potager, un verger, un terrain arbor\u00e9 compl\u00e8tent l&#8217;ensemble pour un total de 5250 m\u00b2.<br \/>\nQue ce soit pour un projet familial ou touristique cette belle propri\u00e9t\u00e9 est \u00e0 visiter sans tarder !!<\/p>\n<p>Les informations sur les risques auxquels ce bien est expos\u00e9 sont disponibles sur le site G\u00e9orisques : www.georisques.gouv.fr \u00bb<\/p>\n","protected":false},"excerpt":{"rendered":"<p>Votre agence immobili\u00e8re AIP POUZAUGES vous propose :<br \/>\nCette superbe long\u00e8re de 208 m\u00b2,  nich\u00e9e dans un \u00e9crin de verdure, sur plus de 5000m\u00b2.<br \/>\nId\u00e9alement situ\u00e9e en campagne (18 minutes du Puy du Fou), elle comprend une grande et chaleureuse pi\u00e8ce de vie avec salon \/ s\u00e9jour et cuisine am\u00e9nag\u00e9e  et \u00e9quip\u00e9e, une chambre avec salle d\u2019eau privative, un bureau, une buanderie, un cellier, un atelier, une cuisine d\u2019hiver.<br \/>\nA l\u2019\u00e9tage : cinq chambres, une salle de bain avec WC.<br \/>\nToiture en tr\u00e8s bon \u00e9tat, ouvertures double vitrage, chauffage assur\u00e9 par un po\u00eale de masse, chauffe-eau solaire, syst\u00e8me d\u2019assainissement phyto-\u00e9puration.<br \/>\nPoutres, chemin\u00e9es, tomettes r\u00e9v\u00e8lent tout le caract\u00e8re et l\u2019authenticit\u00e9 de cette ancienne b\u00e2tisse \u00e9difi\u00e9e au XIXe si\u00e8cle.<br \/>\nUn pr\u00e9au, deux cabanons, un puits, un potager, un verger, un terrain arbor\u00e9 compl\u00e8tent l&#8217;ensemble pour un total de 5250 m\u00b2.<br \/>\nQue ce soit pour un projet familial ou touristique cette belle propri\u00e9t\u00e9 est \u00e0 visiter sans tarder !!<\/p>\n<p>Les informations sur les risques auxquels ce bien est expos\u00e9 sont disponibles sur le site G\u00e9orisques : www.georisques.gouv.fr \u00bb<\/p>\n","protected":false},"featured_media":5876585,"template":"","meta":{"_acf_changed":false},"product_cat":[17],"product_tag":[485],"secteur":[84],"transaction":[],"ville":[378],"class_list":{"0":"post-5546665","1":"product","2":"type-product","3":"status-publish","4":"has-post-thumbnail","6":"product_cat-vente-vendee-deux-sevres","7":"product_tag-propriete","8":"secteur-pouzauges","9":"ville-sevremont","11":"first","12":"instock","13":"purchasable","14":"product-type-simple"},"acf":[],"_links":{"self":[{"href":"https:\/\/bocagimmo.com\/en\/wp-json\/wp\/v2\/product\/5546665","targetHints":{"allow":["GET"]}}],"collection":[{"href":"https:\/\/bocagimmo.com\/en\/wp-json\/wp\/v2\/product"}],"about":[{"href":"https:\/\/bocagimmo.com\/en\/wp-json\/wp\/v2\/types\/product"}],"wp:featuredmedia":[{"embeddable":true,"href":"https:\/\/bocagimmo.com\/en\/wp-json\/wp\/v2\/media\/5876585"}],"wp:attachment":[{"href":"https:\/\/bocagimmo.com\/en\/wp-json\/wp\/v2\/media?parent=5546665"}],"wp:term":[{"taxonomy":"product_cat","embeddable":true,"href":"https:\/\/bocagimmo.com\/en\/wp-json\/wp\/v2\/product_cat?post=5546665"},{"taxonomy":"product_tag","embeddable":true,"href":"https:\/\/bocagimmo.com\/en\/wp-json\/wp\/v2\/product_tag?post=5546665"},{"taxonomy":"secteur","embeddable":true,"href":"https:\/\/bocagimmo.com\/en\/wp-json\/wp\/v2\/secteur?post=5546665"},{"taxonomy":"transaction","embeddable":true,"href":"https:\/\/bocagimmo.com\/en\/wp-json\/wp\/v2\/transaction?post=5546665"},{"taxonomy":"ville","embeddable":true,"href":"https:\/\/bocagimmo.com\/en\/wp-json\/wp\/v2\/ville?post=5546665"}],"curies":[{"name":"wp","href":"https:\/\/api.w.org\/{rel}","templated":true}]}}