{"id":5559725,"date":"2025-11-18T02:42:00","date_gmt":"2025-11-18T01:42:00","guid":{"rendered":"https:\/\/bocagimmo.com\/bien\/non%20class\u00e9\/exclusivite-aip-axe-mauleon-cerizay\/"},"modified":"2026-02-23T12:40:35","modified_gmt":"2026-02-23T11:40:35","slug":"exclusivite-aip-axe-mauleon-cerizay","status":"publish","type":"product","link":"https:\/\/bocagimmo.com\/en\/bien\/vente-vendee-deux-sevres\/exclusivite-aip-axe-mauleon-cerizay\/","title":{"rendered":"EXCLUSIVITE AIP ! AXE MAULEON\/CERIZAY"},"content":{"rendered":"<p>*** D\u00e9sormais sous compromis ***<br \/>\nVotre agence immobili\u00e8re AIP CERIZAY vous propose :<br \/>\nAxe Maul\u00e9on \/ Cerizay &#8211; Maison de bourg offrant sur 61m\u00b2 habitable : une cuisine\/s\u00e9jour (24.5m\u00b2), une salle d&#8217;eau avec WC (3.5m\u00b2).<br \/>\nA l&#8217;\u00e9tage :  un palier, un bureau (7.4m\u00b2), 2 chambres (10.5 et 10m\u00b2).<br \/>\nA l&#8217;ext\u00e9rieur, une belle d\u00e9pendance et une parcelle de terrain clos d&#8217;environ 280m\u00b2 avec du stationnement privatif, un second jardinet non attenant.<br \/>\nOuvertures double vitrage PVC, isolation de 2021, chaudi\u00e8re gaz \u00e0 condensation de 2018, tout \u00e0 l&#8217;\u00e9gout.<br \/>\nId\u00e9al investisseurs ou premier achat !<br \/>\nLes informations sur les risques auxquels ce bien est expos\u00e9 sont disponibles sur le site g\u00e9orisques : www.georisques.gouv.fr<\/p>\n","protected":false},"excerpt":{"rendered":"<p>*** D\u00e9sormais sous compromis ***<br \/>\nVotre agence immobili\u00e8re AIP CERIZAY vous propose :<br \/>\nAxe Maul\u00e9on \/ Cerizay &#8211; Maison de bourg offrant sur 61m\u00b2 habitable : une cuisine\/s\u00e9jour (24.5m\u00b2), une salle d&#8217;eau avec WC (3.5m\u00b2).<br \/>\nA l&#8217;\u00e9tage :  un palier, un bureau (7.4m\u00b2), 2 chambres (10.5 et 10m\u00b2).<br \/>\nA l&#8217;ext\u00e9rieur, une belle d\u00e9pendance et une parcelle de terrain clos d&#8217;environ 280m\u00b2 avec du stationnement privatif, un second jardinet non attenant.<br \/>\nOuvertures double vitrage PVC, isolation de 2021, chaudi\u00e8re gaz \u00e0 condensation de 2018, tout \u00e0 l&#8217;\u00e9gout.<br \/>\nId\u00e9al investisseurs ou premier achat !<br \/>\nLes informations sur les risques auxquels ce bien est expos\u00e9 sont disponibles sur le site g\u00e9orisques : www.georisques.gouv.fr<\/p>\n","protected":false},"featured_media":5876035,"template":"","meta":{"_acf_changed":false},"product_cat":[17],"product_tag":[29],"secteur":[85],"transaction":[],"ville":[370],"class_list":{"0":"post-5559725","1":"product","2":"type-product","3":"status-publish","4":"has-post-thumbnail","6":"product_cat-vente-vendee-deux-sevres","7":"product_tag-maison","8":"secteur-cerizay","9":"ville-mauleon","11":"first","12":"instock","13":"purchasable","14":"product-type-simple"},"acf":[],"_links":{"self":[{"href":"https:\/\/bocagimmo.com\/en\/wp-json\/wp\/v2\/product\/5559725","targetHints":{"allow":["GET"]}}],"collection":[{"href":"https:\/\/bocagimmo.com\/en\/wp-json\/wp\/v2\/product"}],"about":[{"href":"https:\/\/bocagimmo.com\/en\/wp-json\/wp\/v2\/types\/product"}],"wp:featuredmedia":[{"embeddable":true,"href":"https:\/\/bocagimmo.com\/en\/wp-json\/wp\/v2\/media\/5876035"}],"wp:attachment":[{"href":"https:\/\/bocagimmo.com\/en\/wp-json\/wp\/v2\/media?parent=5559725"}],"wp:term":[{"taxonomy":"product_cat","embeddable":true,"href":"https:\/\/bocagimmo.com\/en\/wp-json\/wp\/v2\/product_cat?post=5559725"},{"taxonomy":"product_tag","embeddable":true,"href":"https:\/\/bocagimmo.com\/en\/wp-json\/wp\/v2\/product_tag?post=5559725"},{"taxonomy":"secteur","embeddable":true,"href":"https:\/\/bocagimmo.com\/en\/wp-json\/wp\/v2\/secteur?post=5559725"},{"taxonomy":"transaction","embeddable":true,"href":"https:\/\/bocagimmo.com\/en\/wp-json\/wp\/v2\/transaction?post=5559725"},{"taxonomy":"ville","embeddable":true,"href":"https:\/\/bocagimmo.com\/en\/wp-json\/wp\/v2\/ville?post=5559725"}],"curies":[{"name":"wp","href":"https:\/\/api.w.org\/{rel}","templated":true}]}}