{"id":5575331,"date":"2026-01-12T02:57:00","date_gmt":"2026-01-12T01:57:00","guid":{"rendered":"https:\/\/bocagimmo.com\/bien\/non%20class\u00e9\/5575331\/"},"modified":"2026-02-23T13:08:45","modified_gmt":"2026-02-23T12:08:45","slug":"exclusivite-aip-2","status":"publish","type":"product","link":"https:\/\/bocagimmo.com\/en\/bien\/vente-vendee-deux-sevres\/exclusivite-aip-2\/","title":{"rendered":"EXCLUSIVITE AIP !"},"content":{"rendered":"<p>Votre agence immobili\u00e8re AIP La Ch\u00e2taigneraie vous propose en EXCLUSIVITE :<br \/>\nCe plain-pied de 1981, proche des commerces sur une parcelle de 982m\u00b2.<br \/>\nAvec 114m\u00b2 habitables, l&#8217;habitation se compose : d&#8217;une entr\u00e9e, d&#8217;un s\u00e9jour de 27,59m\u00b2, d&#8217;un salon de 14,59m\u00b2 avec chemin\u00e9e (possibilit\u00e9 de faire une grande pi\u00e8ce de 42m\u00b2 en joignant le salon\/s\u00e9jour), d&#8217;une cuisine non am\u00e9nag\u00e9e de 10,43m\u00b2, WC, d&#8217;une salle d&#8217;eau de 7,39m\u00b2, de 3 chambres dont une avec placard et d&#8217;un garage avec un grenier. Cave.<br \/>\nOuverture bois et PVC double vitrage. Volets bois et solaire PVC. Tout \u00e0 l&#8217;\u00e9gout. Terrain.  D\u00e9pendance de 21m\u00b2.<br \/>\nFAITES VITE ! <\/p>\n<p>Les informations sur les risques auxquels ce bien est expos\u00e9 sont disponibles sur le site G\u00e9orisques : www.georisques.gouv.fr<\/p>\n","protected":false},"excerpt":{"rendered":"<p>Votre agence immobili\u00e8re AIP La Ch\u00e2taigneraie vous propose en EXCLUSIVITE :<br \/>\nCe plain-pied de 1981, proche des commerces sur une parcelle de 982m\u00b2.<br \/>\nAvec 114m\u00b2 habitables, l&#8217;habitation se compose : d&#8217;une entr\u00e9e, d&#8217;un s\u00e9jour de 27,59m\u00b2, d&#8217;un salon de 14,59m\u00b2 avec chemin\u00e9e (possibilit\u00e9 de faire une grande pi\u00e8ce de 42m\u00b2 en joignant le salon\/s\u00e9jour), d&#8217;une cuisine non am\u00e9nag\u00e9e de 10,43m\u00b2, WC, d&#8217;une salle d&#8217;eau de 7,39m\u00b2, de 3 chambres dont une avec placard et d&#8217;un garage avec un grenier. Cave.<br \/>\nOuverture bois et PVC double vitrage. Volets bois et solaire PVC. Tout \u00e0 l&#8217;\u00e9gout. Terrain.  D\u00e9pendance de 21m\u00b2.<br \/>\nFAITES VITE ! <\/p>\n<p>Les informations sur les risques auxquels ce bien est expos\u00e9 sont disponibles sur le site G\u00e9orisques : www.georisques.gouv.fr<\/p>\n","protected":false},"featured_media":5876276,"template":"","meta":{"_acf_changed":false},"product_cat":[17],"product_tag":[29],"secteur":[86],"transaction":[],"ville":[164],"class_list":{"0":"post-5575331","1":"product","2":"type-product","3":"status-publish","4":"has-post-thumbnail","6":"product_cat-vente-vendee-deux-sevres","7":"product_tag-maison","8":"secteur-la-chataigneraie","9":"ville-saint-pierre-du-chemin","11":"first","12":"instock","13":"purchasable","14":"product-type-simple"},"acf":[],"_links":{"self":[{"href":"https:\/\/bocagimmo.com\/en\/wp-json\/wp\/v2\/product\/5575331","targetHints":{"allow":["GET"]}}],"collection":[{"href":"https:\/\/bocagimmo.com\/en\/wp-json\/wp\/v2\/product"}],"about":[{"href":"https:\/\/bocagimmo.com\/en\/wp-json\/wp\/v2\/types\/product"}],"wp:featuredmedia":[{"embeddable":true,"href":"https:\/\/bocagimmo.com\/en\/wp-json\/wp\/v2\/media\/5876276"}],"wp:attachment":[{"href":"https:\/\/bocagimmo.com\/en\/wp-json\/wp\/v2\/media?parent=5575331"}],"wp:term":[{"taxonomy":"product_cat","embeddable":true,"href":"https:\/\/bocagimmo.com\/en\/wp-json\/wp\/v2\/product_cat?post=5575331"},{"taxonomy":"product_tag","embeddable":true,"href":"https:\/\/bocagimmo.com\/en\/wp-json\/wp\/v2\/product_tag?post=5575331"},{"taxonomy":"secteur","embeddable":true,"href":"https:\/\/bocagimmo.com\/en\/wp-json\/wp\/v2\/secteur?post=5575331"},{"taxonomy":"transaction","embeddable":true,"href":"https:\/\/bocagimmo.com\/en\/wp-json\/wp\/v2\/transaction?post=5575331"},{"taxonomy":"ville","embeddable":true,"href":"https:\/\/bocagimmo.com\/en\/wp-json\/wp\/v2\/ville?post=5575331"}],"curies":[{"name":"wp","href":"https:\/\/api.w.org\/{rel}","templated":true}]}}